{"id":59068,"date":"2025-11-26T13:42:57","date_gmt":"2025-11-26T13:42:57","guid":{"rendered":"https:\/\/espacetriathlon.com\/product\/swim-paddle\/"},"modified":"2025-11-26T13:42:57","modified_gmt":"2025-11-26T13:42:57","slug":"swim-paddle","status":"publish","type":"product","link":"https:\/\/espacetriathlon.com\/fr\/product\/swim-paddle\/","title":{"rendered":"Swim Paddle"},"content":{"rendered":"<p>Forme ergonomique<\/p>\n<p>Sangle de confort<\/p>\n","protected":false},"excerpt":{"rendered":"<p>Ces pagaies bien ajust\u00e9es sont parfaites pour les nageurs de tous niveaux. Elles aident \u00e9galement \u00e0 d\u00e9velopper une bonne m\u00e9canique de nage en mettant l&#8217;accent sur la sensation naturelle de votre main dans l&#8217;eau. <\/p>\n","protected":false},"featured_media":59063,"template":"","meta":[],"product_brand":[],"product_cat":[285],"product_tag":[],"class_list":{"0":"post-59068","1":"product","2":"type-product","3":"status-publish","4":"has-post-thumbnail","6":"product_cat-paddles-fr","7":"pa_brand-synergy","8":"pa_paddle-azure","9":"pa_paddle-crystal","10":"pa_paddle-lemon","11":"pa_paddle-magenta","12":"pa_size-s-fr","13":"pa_size-m-fr","14":"pa_size-l-fr","16":"first","17":"instock","18":"shipping-taxable","19":"purchasable","20":"product-type-variable"},"_links":{"self":[{"href":"https:\/\/espacetriathlon.com\/fr\/wp-json\/wp\/v2\/product\/59068","targetHints":{"allow":["GET"]}}],"collection":[{"href":"https:\/\/espacetriathlon.com\/fr\/wp-json\/wp\/v2\/product"}],"about":[{"href":"https:\/\/espacetriathlon.com\/fr\/wp-json\/wp\/v2\/types\/product"}],"version-history":[{"count":0,"href":"https:\/\/espacetriathlon.com\/fr\/wp-json\/wp\/v2\/product\/59068\/revisions"}],"wp:featuredmedia":[{"embeddable":true,"href":"https:\/\/espacetriathlon.com\/fr\/wp-json\/wp\/v2\/media\/59063"}],"wp:attachment":[{"href":"https:\/\/espacetriathlon.com\/fr\/wp-json\/wp\/v2\/media?parent=59068"}],"wp:term":[{"taxonomy":"product_brand","embeddable":true,"href":"https:\/\/espacetriathlon.com\/fr\/wp-json\/wp\/v2\/product_brand?post=59068"},{"taxonomy":"product_cat","embeddable":true,"href":"https:\/\/espacetriathlon.com\/fr\/wp-json\/wp\/v2\/product_cat?post=59068"},{"taxonomy":"product_tag","embeddable":true,"href":"https:\/\/espacetriathlon.com\/fr\/wp-json\/wp\/v2\/product_tag?post=59068"}],"curies":[{"name":"wp","href":"https:\/\/api.w.org\/{rel}","templated":true}]}}