{"id":5911,"date":"2021-03-10T12:07:56","date_gmt":"2021-03-10T12:07:56","guid":{"rendered":"https:\/\/espacetriathlon.com\/product\/women-openwater-sw\/"},"modified":"2025-06-28T09:31:44","modified_gmt":"2025-06-28T09:31:44","slug":"women-openwater-sw","status":"publish","type":"product","link":"https:\/\/espacetriathlon.com\/fr\/product\/women-openwater-sw\/","title":{"rendered":"Women Openwater sw"},"content":{"rendered":"<p>\u00ab\u00a0SMART\u00a0: SYST\u00c8ME D\u2019IDENTIFICATION NFC<br \/>\nLa combinaison Openwater SW int\u00e8gre Emerid, un syst\u00e8me d\u2019identification personnelle universel via NFC\/Sans contact qui fournit en direct des informations relatives au sportif si un accident ou une urgence survient.<br \/>\nS\u00c9CURIT\u00c9\u00a0: RESTUBE READY<br \/>\nLa combinaison incorpore le crochet Restube Ready pour pouvoir y attacher la bou\u00e9e Restube sans devoir porter une ceinture et en toute stabilit\u00e9, \u00e9vitant dans le m\u00eame temps que la combinaison ne s\u2019use<br \/>\nS\u00c9CURIT\u00c9\u00a0: VISIBILIT\u00c9<br \/>\nLa couleur orange de haute visibilit\u00e9 rend le nageur localisable \u00e0 tout moment.<br \/>\nSUPPORT\u00a0: ISOLEMENT THERMIQUE<br \/>\nLes 4\u00a0mm d\u2019\u00e9paisseur sur la zone abdominale apportent un isolement thermique consid\u00e9rable, vous permettant de maintenir une temp\u00e9rature corporelle id\u00e9ale pendant toute la dur\u00e9e de l\u2019exercice.<br \/>\nSUPPORT\u00a0: CONFIANCE DANS L\u2019EAU<br \/>\nCette \u00e9paisseur vous apportera \u00e9galement la flottabilit\u00e9 n\u00e9cessaire pour une aisance accrue dans l\u2019eau.<br \/>\nRAPIDIT\u00c9\u00a0: FLEXIBILIT\u00c9<br \/>\nLes diff\u00e9rentes \u00e9paisseurs des empi\u00e8cements de la combinaison permettent le placement d\u2019un mat\u00e9riau plus \u00e9lastique de 1,5\u00a0mm afin d\u2019augmenter la flexibilit\u00e9 dans les mouvements de bras. De cette mani\u00e8re, vous profiterez d\u2019une grande mobilit\u00e9 et ne sentirez aucune oppression au niveau des \u00e9paules et des bras.<br \/>\n\u00bb<\/p>\n","protected":false},"excerpt":{"rendered":"<p>La nouvelle combinaison Openwater SW est l\u2019association parfaite entre s\u00e9curit\u00e9 et technicit\u00e9. Une combinaison d\u2019eaux libres avec technologie incorpor\u00e9e qui augmente la s\u00e9curit\u00e9 du nageur.<\/p>\n<p><a href=\"https:\/\/espacetriathlon.com\/choisir-une-combinaison-en-neoprene\/\" target=\"_blank\" rel=\"noopener\">Avez-vous besoin d\u2019aide pour choisir votre combinaison ?<\/a><\/p>\n","protected":false},"featured_media":49497,"template":"","meta":[],"product_brand":[],"product_cat":[270],"product_tag":[],"class_list":{"0":"post-5911","1":"product","2":"type-product","3":"status-publish","4":"has-post-thumbnail","6":"product_cat-openwater-fr","7":"pa_brand-orca","8":"pa_taille-orca-f-xs-144-160cm-46-53kg-fr","9":"pa_taille-orca-f-s-157-167cm-54-61kg-fr","10":"pa_taille-orca-f-m-165-177cm-60-67kg-fr","11":"pa_taille-orca-f-l-170-185cm-66-74kg-fr","12":"pa_taille-orca-f-xl-177-189cm-73-79kg-fr","14":"first","15":"instock","16":"sale","17":"shipping-taxable","18":"purchasable","19":"product-type-variable"},"_links":{"self":[{"href":"https:\/\/espacetriathlon.com\/fr\/wp-json\/wp\/v2\/product\/5911","targetHints":{"allow":["GET"]}}],"collection":[{"href":"https:\/\/espacetriathlon.com\/fr\/wp-json\/wp\/v2\/product"}],"about":[{"href":"https:\/\/espacetriathlon.com\/fr\/wp-json\/wp\/v2\/types\/product"}],"version-history":[{"count":3,"href":"https:\/\/espacetriathlon.com\/fr\/wp-json\/wp\/v2\/product\/5911\/revisions"}],"predecessor-version":[{"id":36418,"href":"https:\/\/espacetriathlon.com\/fr\/wp-json\/wp\/v2\/product\/5911\/revisions\/36418"}],"wp:featuredmedia":[{"embeddable":true,"href":"https:\/\/espacetriathlon.com\/fr\/wp-json\/wp\/v2\/media\/49497"}],"wp:attachment":[{"href":"https:\/\/espacetriathlon.com\/fr\/wp-json\/wp\/v2\/media?parent=5911"}],"wp:term":[{"taxonomy":"product_brand","embeddable":true,"href":"https:\/\/espacetriathlon.com\/fr\/wp-json\/wp\/v2\/product_brand?post=5911"},{"taxonomy":"product_cat","embeddable":true,"href":"https:\/\/espacetriathlon.com\/fr\/wp-json\/wp\/v2\/product_cat?post=5911"},{"taxonomy":"product_tag","embeddable":true,"href":"https:\/\/espacetriathlon.com\/fr\/wp-json\/wp\/v2\/product_tag?post=5911"}],"curies":[{"name":"wp","href":"https:\/\/api.w.org\/{rel}","templated":true}]}}