{"id":59155,"date":"2025-11-29T12:47:40","date_gmt":"2025-11-29T12:47:40","guid":{"rendered":"https:\/\/espacetriathlon.com\/product\/shorty-swimskin-femme\/"},"modified":"2025-11-29T12:47:40","modified_gmt":"2025-11-29T12:47:40","slug":"shorty-swimskin-femme","status":"publish","type":"product","link":"https:\/\/espacetriathlon.com\/fr\/product\/shorty-swimskin-femme\/","title":{"rendered":"Shorty Swimskin Femme"},"content":{"rendered":"","protected":false},"excerpt":{"rendered":"<p>Cette combinaison en n\u00e9opr\u00e8ne vous permet de pratiquer vos activit\u00e9s de plein air avec le confort thermique et solaire du n\u00e9opr\u00e8ne. Elle peut \u00eatre utilis\u00e9e pour diverses activit\u00e9s, telles que le surf, le kayak, le stand-up paddleboard, la natation en eau libre, la plong\u00e9e avec tuba, etc. <\/p>\n","protected":false},"featured_media":59150,"template":"","meta":[],"product_brand":[],"product_cat":[270],"product_tag":[],"class_list":{"0":"post-59155","1":"product","2":"type-product","3":"status-publish","4":"has-post-thumbnail","6":"product_cat-openwater-fr","7":"pa_brand-orca","8":"pa_taille-orca-f-s-157-167cm-54-61kg-fr","9":"pa_taille-orca-f-m-165-177cm-60-67kg-fr","10":"pa_taille-orca-f-l-170-185cm-66-74kg-fr","11":"pa_taille-orca-f-xl-177-189cm-73-79kg-fr","13":"first","14":"instock","15":"shipping-taxable","16":"purchasable","17":"product-type-variable"},"_links":{"self":[{"href":"https:\/\/espacetriathlon.com\/fr\/wp-json\/wp\/v2\/product\/59155","targetHints":{"allow":["GET"]}}],"collection":[{"href":"https:\/\/espacetriathlon.com\/fr\/wp-json\/wp\/v2\/product"}],"about":[{"href":"https:\/\/espacetriathlon.com\/fr\/wp-json\/wp\/v2\/types\/product"}],"version-history":[{"count":0,"href":"https:\/\/espacetriathlon.com\/fr\/wp-json\/wp\/v2\/product\/59155\/revisions"}],"wp:featuredmedia":[{"embeddable":true,"href":"https:\/\/espacetriathlon.com\/fr\/wp-json\/wp\/v2\/media\/59150"}],"wp:attachment":[{"href":"https:\/\/espacetriathlon.com\/fr\/wp-json\/wp\/v2\/media?parent=59155"}],"wp:term":[{"taxonomy":"product_brand","embeddable":true,"href":"https:\/\/espacetriathlon.com\/fr\/wp-json\/wp\/v2\/product_brand?post=59155"},{"taxonomy":"product_cat","embeddable":true,"href":"https:\/\/espacetriathlon.com\/fr\/wp-json\/wp\/v2\/product_cat?post=59155"},{"taxonomy":"product_tag","embeddable":true,"href":"https:\/\/espacetriathlon.com\/fr\/wp-json\/wp\/v2\/product_tag?post=59155"}],"curies":[{"name":"wp","href":"https:\/\/api.w.org\/{rel}","templated":true}]}}