{"id":59269,"date":"2025-12-03T11:01:39","date_gmt":"2025-12-03T11:01:39","guid":{"rendered":"https:\/\/espacetriathlon.com\/?post_type=product&#038;p=59269"},"modified":"2025-12-03T11:06:10","modified_gmt":"2025-12-03T11:06:10","slug":"parachute-de-natation-12-pouces","status":"publish","type":"product","link":"https:\/\/espacetriathlon.com\/fr\/product\/parachute-de-natation-12-pouces\/","title":{"rendered":"Parachute de natation 12 pouces (30 cm)"},"content":{"rendered":"<p>12 pouces<\/p>\n","protected":false},"excerpt":{"rendered":"<p>Le parachute de natation Finis 30 cm se compose d&#8217;une ceinture en nylon confortable et r\u00e9glable reli\u00e9e \u00e0 un parachute.<br \/>\nCelui-ci offre diff\u00e9rents niveaux de r\u00e9sistance pour l&#8217;entra\u00eenement quotidien.<br \/>\nIl a \u00e9t\u00e9 prouv\u00e9 que l&#8217;entra\u00eenement de la force renforce les muscles et augmente l&#8217;endurance et la vitesse. Les r\u00e9sultats sont visibles imm\u00e9diatement apr\u00e8s avoir retir\u00e9 le parachute.<\/p>\n","protected":false},"featured_media":59272,"template":"","meta":[],"product_brand":[],"product_cat":[291],"product_tag":[],"class_list":{"0":"post-59269","1":"product","2":"type-product","3":"status-publish","4":"has-post-thumbnail","6":"product_cat-aide-dentrainement","7":"pa_brand-finis","9":"first","10":"instock","11":"shipping-taxable","12":"purchasable","13":"product-type-simple"},"_links":{"self":[{"href":"https:\/\/espacetriathlon.com\/fr\/wp-json\/wp\/v2\/product\/59269","targetHints":{"allow":["GET"]}}],"collection":[{"href":"https:\/\/espacetriathlon.com\/fr\/wp-json\/wp\/v2\/product"}],"about":[{"href":"https:\/\/espacetriathlon.com\/fr\/wp-json\/wp\/v2\/types\/product"}],"version-history":[{"count":2,"href":"https:\/\/espacetriathlon.com\/fr\/wp-json\/wp\/v2\/product\/59269\/revisions"}],"predecessor-version":[{"id":59279,"href":"https:\/\/espacetriathlon.com\/fr\/wp-json\/wp\/v2\/product\/59269\/revisions\/59279"}],"wp:featuredmedia":[{"embeddable":true,"href":"https:\/\/espacetriathlon.com\/fr\/wp-json\/wp\/v2\/media\/59272"}],"wp:attachment":[{"href":"https:\/\/espacetriathlon.com\/fr\/wp-json\/wp\/v2\/media?parent=59269"}],"wp:term":[{"taxonomy":"product_brand","embeddable":true,"href":"https:\/\/espacetriathlon.com\/fr\/wp-json\/wp\/v2\/product_brand?post=59269"},{"taxonomy":"product_cat","embeddable":true,"href":"https:\/\/espacetriathlon.com\/fr\/wp-json\/wp\/v2\/product_cat?post=59269"},{"taxonomy":"product_tag","embeddable":true,"href":"https:\/\/espacetriathlon.com\/fr\/wp-json\/wp\/v2\/product_tag?post=59269"}],"curies":[{"name":"wp","href":"https:\/\/api.w.org\/{rel}","templated":true}]}}