{"id":59314,"date":"2025-12-03T11:32:56","date_gmt":"2025-12-03T11:32:56","guid":{"rendered":"https:\/\/espacetriathlon.com\/product\/aero-socks-bike-black-red\/"},"modified":"2025-12-03T11:36:16","modified_gmt":"2025-12-03T11:36:16","slug":"aero-socks-bike-black-red","status":"publish","type":"product","link":"https:\/\/espacetriathlon.com\/fr\/product\/aero-socks-bike-black-red\/","title":{"rendered":"Aero Socks bike Black Red"},"content":{"rendered":"<p class=\"key_benefit_1\">Performance a\u00e9rodynamique prouv\u00e9e, avec un mat\u00e9riau structur\u00e9 et la technologie Aero.dot pour r\u00e9duire la tra\u00een\u00e9e et augmenter la vitesse.<\/p>\n<p class=\"key_benefit_2\">Thermor\u00e9gulation et ventilation maximales gr\u00e2ce \u00e0 des panneaux en mesh l\u00e9ger, pour garder vos pieds au frais.<\/p>\n<p class=\"key_benefit_3 \">Tissu ultral\u00e9ger autour du pied et du mollet pour une ventilation performante et un confort optimal lors des courses par temps chaud.<\/p>\n","protected":false},"excerpt":{"rendered":"<p>Bringing together the technologies of our highest performing sock models, the brand new Aero Sock takes multisport performance to a whole new level with air-defying speed. Tested and optimised in the wind tunnel, the front fabric features structured lines to increase boundary layer (surface) turbulation and save over a minute over a 180km Ironman bike ride.<\/p>\n","protected":false},"featured_media":59303,"template":"","meta":[],"product_brand":[],"product_cat":[300],"product_tag":[],"class_list":{"0":"post-59314","1":"product","2":"type-product","3":"status-publish","4":"has-post-thumbnail","6":"product_cat-run-accessories-triathlon-fr","7":"pa_brand-compressport","8":"pa_size_compressport-t1-35-38-fr","9":"pa_size_compressport-t2-39-41-fr","10":"pa_size_compressport-t3-42-44-fr","11":"pa_size_compressport-t4-45-48-fr","13":"first","14":"instock","15":"shipping-taxable","16":"purchasable","17":"product-type-variable"},"_links":{"self":[{"href":"https:\/\/espacetriathlon.com\/fr\/wp-json\/wp\/v2\/product\/59314","targetHints":{"allow":["GET"]}}],"collection":[{"href":"https:\/\/espacetriathlon.com\/fr\/wp-json\/wp\/v2\/product"}],"about":[{"href":"https:\/\/espacetriathlon.com\/fr\/wp-json\/wp\/v2\/types\/product"}],"version-history":[{"count":1,"href":"https:\/\/espacetriathlon.com\/fr\/wp-json\/wp\/v2\/product\/59314\/revisions"}],"predecessor-version":[{"id":59322,"href":"https:\/\/espacetriathlon.com\/fr\/wp-json\/wp\/v2\/product\/59314\/revisions\/59322"}],"wp:featuredmedia":[{"embeddable":true,"href":"https:\/\/espacetriathlon.com\/fr\/wp-json\/wp\/v2\/media\/59303"}],"wp:attachment":[{"href":"https:\/\/espacetriathlon.com\/fr\/wp-json\/wp\/v2\/media?parent=59314"}],"wp:term":[{"taxonomy":"product_brand","embeddable":true,"href":"https:\/\/espacetriathlon.com\/fr\/wp-json\/wp\/v2\/product_brand?post=59314"},{"taxonomy":"product_cat","embeddable":true,"href":"https:\/\/espacetriathlon.com\/fr\/wp-json\/wp\/v2\/product_cat?post=59314"},{"taxonomy":"product_tag","embeddable":true,"href":"https:\/\/espacetriathlon.com\/fr\/wp-json\/wp\/v2\/product_tag?post=59314"}],"curies":[{"name":"wp","href":"https:\/\/api.w.org\/{rel}","templated":true}]}}