{"id":59382,"date":"2025-12-05T17:45:04","date_gmt":"2025-12-05T17:45:04","guid":{"rendered":"https:\/\/espacetriathlon.com\/product\/biofuse-2-0-navy-hyper-orange\/"},"modified":"2025-12-05T17:47:04","modified_gmt":"2025-12-05T17:47:04","slug":"biofuse-2-0-navy-hyper-orange","status":"publish","type":"product","link":"https:\/\/espacetriathlon.com\/fr\/product\/biofuse-2-0-navy-hyper-orange\/","title":{"rendered":"Biofuse 2.0 Navy Hyper Orange"},"content":{"rendered":"<ul>\n<li>Toujours dot\u00e9 de la technologie Speedo Biofuse\u00ae, la plus vendue, pour un confort souple pendant la natation.<\/li>\n<li>Des joints super doux avec un nouveau design de rainures qui offrent le m\u00eame ajustement que celui qui est le plus vendu.<\/li>\n<li>La nouvelle structure interne, flexible et solide, s&#8217;\u00e9tire et s&#8217;adapte pour un ajustement parfait et une stabilit\u00e9 sup\u00e9rieure.<\/li>\n<li>La nouvelle forme des lentilles permet une excellente vision p\u00e9riph\u00e9rique.<\/li>\n<li>Nouveau m\u00e9canisme de boutons-pression en instance de brevet pour un r\u00e9glage rapide et s\u00fbr.<\/li>\n<li>Bride \u00e9l\u00e9gante et plate avec des engrenages de traction pour un maintien s\u00fbr et confortable.<\/li>\n<li>Un rev\u00eatement antibu\u00e9e assure une vision claire.<\/li>\n<li>Protection ultime contre les UV gr\u00e2ce aux lentilles en polycarbonate avec protection UV-40.<\/li>\n<\/ul>\n","protected":false},"excerpt":{"rendered":"<p>Nos lunettes Biofuse sont maintenant encore meilleures. Voici Biofuse 2.0. Nos nouvelles lunettes de protection sont dot\u00e9es de la technologie Speedo Biofuse\u00ae, la plus vendue au monde, qui porte le confort et l&#8217;ajustement \u00e0 un niveau sup\u00e9rieur gr\u00e2ce \u00e0 un tout nouveau m\u00e9canisme d&#8217;encliquetage en instance de brevet et \u00e0 des joints d&#8217;\u00e9tanch\u00e9it\u00e9 super doux avec un nouveau design de rainures. Tout ce que vous aimez dans la technologie Biofuse est encore mieux.   <\/p>\n","protected":false},"featured_media":59376,"template":"","meta":[],"product_brand":[],"product_cat":[282],"product_tag":[],"class_list":{"0":"post-59382","1":"product","2":"type-product","3":"status-publish","4":"has-post-thumbnail","6":"product_cat-lunettes","7":"pa_brand-speedo","9":"first","10":"instock","11":"shipping-taxable","12":"purchasable","13":"product-type-simple"},"_links":{"self":[{"href":"https:\/\/espacetriathlon.com\/fr\/wp-json\/wp\/v2\/product\/59382","targetHints":{"allow":["GET"]}}],"collection":[{"href":"https:\/\/espacetriathlon.com\/fr\/wp-json\/wp\/v2\/product"}],"about":[{"href":"https:\/\/espacetriathlon.com\/fr\/wp-json\/wp\/v2\/types\/product"}],"version-history":[{"count":1,"href":"https:\/\/espacetriathlon.com\/fr\/wp-json\/wp\/v2\/product\/59382\/revisions"}],"predecessor-version":[{"id":59385,"href":"https:\/\/espacetriathlon.com\/fr\/wp-json\/wp\/v2\/product\/59382\/revisions\/59385"}],"wp:featuredmedia":[{"embeddable":true,"href":"https:\/\/espacetriathlon.com\/fr\/wp-json\/wp\/v2\/media\/59376"}],"wp:attachment":[{"href":"https:\/\/espacetriathlon.com\/fr\/wp-json\/wp\/v2\/media?parent=59382"}],"wp:term":[{"taxonomy":"product_brand","embeddable":true,"href":"https:\/\/espacetriathlon.com\/fr\/wp-json\/wp\/v2\/product_brand?post=59382"},{"taxonomy":"product_cat","embeddable":true,"href":"https:\/\/espacetriathlon.com\/fr\/wp-json\/wp\/v2\/product_cat?post=59382"},{"taxonomy":"product_tag","embeddable":true,"href":"https:\/\/espacetriathlon.com\/fr\/wp-json\/wp\/v2\/product_tag?post=59382"}],"curies":[{"name":"wp","href":"https:\/\/api.w.org\/{rel}","templated":true}]}}