{"id":5941,"date":"2021-03-10T12:17:10","date_gmt":"2021-03-10T12:17:10","guid":{"rendered":"https:\/\/espacetriathlon.com\/product\/rash-guard-long-sleeve-unisex\/"},"modified":"2024-07-12T12:12:40","modified_gmt":"2024-07-12T12:12:40","slug":"rash-guard-long-sleeve-unisex","status":"publish","type":"product","link":"https:\/\/espacetriathlon.com\/fr\/product\/rash-guard-long-sleeve-unisex\/","title":{"rendered":"Rash Guard Long Sleeve &#8211; Unisex"},"content":{"rendered":"<p>\u00ab\u00a0TISSU<br \/>\nCl-PRO FLEX \u2013 190 g\/m\u00b2 : 78 % POLYAMIDE, 22 % LYCRA XTRA LIFE fabriqu\u00e9 en Italie<\/p>\n<p>R\u00c9SISTANT AU CHLORE<br \/>\nCe maillot en lycra italien Xtra Life r\u00e9siste mieux aux entra\u00eenements les plus rigoureux que la majorit\u00e9 des tissus.<\/p>\n<p>CONSERVE SA COULEUR ET SA FORME<br \/>\nCe lycra est \u00e9lastique, confortable et il repousse l\u2019eau gr\u00e2ce \u00e0 son pr\u00e9traitement.<\/p>\n<p>PROTECTION SOLAIRE<br \/>\nLe tissu offre une protection solaire indice 50+, faisant de ce maillot un excellent choix pour toute activit\u00e9 de plein air.<\/p>\n<p>VISIBILIT\u00c9<br \/>\nLa couleur orange vif garantit la visibilit\u00e9, augmentant votre s\u00e9curit\u00e9 en eaux libres, quelle que soit l\u2019activit\u00e9 que vous faites lorsque vous portez ce lycra.\u00a0\u00bb<\/p>\n","protected":false},"excerpt":{"rendered":"<p>Ce maillot en lycra est l\u2019accessoire parfait si vous recherchez une protection contre le soleil tout en augmentant votre visibilit\u00e9. En eaux libres, la s\u00e9curit\u00e9 est une priorit\u00e9.<\/p>\n","protected":false},"featured_media":49502,"template":"","meta":[],"product_brand":[],"product_cat":[270],"product_tag":[],"class_list":{"0":"post-5941","1":"product","2":"type-product","3":"status-publish","4":"has-post-thumbnail","6":"product_cat-openwater-fr","7":"pa_brand-orca","8":"pa_size-xs-fr","9":"pa_size-s-fr","10":"pa_size-m-fr","11":"pa_size-l-fr","12":"pa_size-xl-fr","13":"pa_size-xxl-fr","15":"first","16":"instock","17":"sale","18":"shipping-taxable","19":"purchasable","20":"product-type-variable"},"_links":{"self":[{"href":"https:\/\/espacetriathlon.com\/fr\/wp-json\/wp\/v2\/product\/5941","targetHints":{"allow":["GET"]}}],"collection":[{"href":"https:\/\/espacetriathlon.com\/fr\/wp-json\/wp\/v2\/product"}],"about":[{"href":"https:\/\/espacetriathlon.com\/fr\/wp-json\/wp\/v2\/types\/product"}],"version-history":[{"count":2,"href":"https:\/\/espacetriathlon.com\/fr\/wp-json\/wp\/v2\/product\/5941\/revisions"}],"predecessor-version":[{"id":36400,"href":"https:\/\/espacetriathlon.com\/fr\/wp-json\/wp\/v2\/product\/5941\/revisions\/36400"}],"wp:featuredmedia":[{"embeddable":true,"href":"https:\/\/espacetriathlon.com\/fr\/wp-json\/wp\/v2\/media\/49502"}],"wp:attachment":[{"href":"https:\/\/espacetriathlon.com\/fr\/wp-json\/wp\/v2\/media?parent=5941"}],"wp:term":[{"taxonomy":"product_brand","embeddable":true,"href":"https:\/\/espacetriathlon.com\/fr\/wp-json\/wp\/v2\/product_brand?post=5941"},{"taxonomy":"product_cat","embeddable":true,"href":"https:\/\/espacetriathlon.com\/fr\/wp-json\/wp\/v2\/product_cat?post=5941"},{"taxonomy":"product_tag","embeddable":true,"href":"https:\/\/espacetriathlon.com\/fr\/wp-json\/wp\/v2\/product_tag?post=5941"}],"curies":[{"name":"wp","href":"https:\/\/api.w.org\/{rel}","templated":true}]}}