{"id":59518,"date":"2025-12-18T14:46:10","date_gmt":"2025-12-18T14:46:10","guid":{"rendered":"https:\/\/espacetriathlon.com\/?post_type=product&#038;p=59518"},"modified":"2025-12-18T14:48:03","modified_gmt":"2025-12-18T14:48:03","slug":"sac-a-dos-spiky-iii-purple-copy","status":"publish","type":"product","link":"https:\/\/espacetriathlon.com\/fr\/product\/sac-a-dos-spiky-iii-purple-copy\/","title":{"rendered":"Sac \u00e0 dos Spiky III Navy \/ Neon Yellow"},"content":{"rendered":"<ul>\n<li>Sac \u00e0 dos spacieux et confortable avec de multiples compartiments pour transporter facilement les \u00e9quipements de sport et les maillots de bain mouill\u00e9s.<\/li>\n<li>Grand compartiment principal, trois poches zipp\u00e9es suppl\u00e9mentaires, poches lat\u00e9rales en filet, sac s\u00e9par\u00e9 pour les articles humides<\/li>\n<li>Fond renforc\u00e9, dos rembourr\u00e9 et respirant, bretelles confortables, mat\u00e9riau hydrofuge, dimensions : 50 cm x 36 cm x 27 cm, 45 L<\/li>\n<li>Id\u00e9al pour les entra\u00eenements de natation, les comp\u00e9titions et autres activit\u00e9s sportives<\/li>\n<\/ul>\n","protected":false},"excerpt":{"rendered":"<p>Le sac \u00e0 dos spacieux, confortable et \u00e9l\u00e9gant arena 45L Spiky III a \u00e9t\u00e9 sp\u00e9cialement con\u00e7u pour les nageurs. Le compartiment principal spacieux, trois poches zipp\u00e9es suppl\u00e9mentaires, des poches lat\u00e9rales en filet et un sac s\u00e9par\u00e9 pour les articles mouill\u00e9s offrent beaucoup d&#8217;espace de rangement. Avec des inserts en filet respirant et un mat\u00e9riau hydrofuge pour un contr\u00f4le optimal de l&#8217;humidit\u00e9. Le panneau dorsal rembourr\u00e9 et respirant et les bretelles ergonomiques garantissent un confort exceptionnel. Le fond d\u00e9perlant prot\u00e8ge le contenu sur les surfaces mouill\u00e9es. Dimensions : 50 cm x 36 cm x 27 cm : 50cm x 36cm x 27cm, 45L     <\/p>\n<ul>\n<li>Sac \u00e0 dos spacieux et confortable avec de multiples compartiments pour transporter facilement les \u00e9quipements de sport et les maillots de bain mouill\u00e9s.<\/li>\n<li>Grand compartiment principal, trois poches zipp\u00e9es suppl\u00e9mentaires, poches lat\u00e9rales en filet, sac s\u00e9par\u00e9 pour les articles humides<\/li>\n<li>Fond renforc\u00e9, dos rembourr\u00e9 et respirant, bretelles confortables, mat\u00e9riau hydrofuge, dimensions : 50 cm x 36 cm x 27 cm, 45 L<\/li>\n<li>Id\u00e9al pour les entra\u00eenements de natation, les comp\u00e9titions et autres activit\u00e9s sportives<\/li>\n<\/ul>\n","protected":false},"featured_media":59498,"template":"","meta":[],"product_brand":[],"product_cat":[279,325],"product_tag":[],"class_list":{"0":"post-59518","1":"product","2":"type-product","3":"status-publish","4":"has-post-thumbnail","6":"product_cat-accessories-swim","7":"product_cat-sacs-sportifs","8":"pa_brand-arena","10":"first","11":"instock","12":"shipping-taxable","13":"purchasable","14":"product-type-simple"},"_links":{"self":[{"href":"https:\/\/espacetriathlon.com\/fr\/wp-json\/wp\/v2\/product\/59518","targetHints":{"allow":["GET"]}}],"collection":[{"href":"https:\/\/espacetriathlon.com\/fr\/wp-json\/wp\/v2\/product"}],"about":[{"href":"https:\/\/espacetriathlon.com\/fr\/wp-json\/wp\/v2\/types\/product"}],"version-history":[{"count":2,"href":"https:\/\/espacetriathlon.com\/fr\/wp-json\/wp\/v2\/product\/59518\/revisions"}],"predecessor-version":[{"id":59523,"href":"https:\/\/espacetriathlon.com\/fr\/wp-json\/wp\/v2\/product\/59518\/revisions\/59523"}],"wp:featuredmedia":[{"embeddable":true,"href":"https:\/\/espacetriathlon.com\/fr\/wp-json\/wp\/v2\/media\/59498"}],"wp:attachment":[{"href":"https:\/\/espacetriathlon.com\/fr\/wp-json\/wp\/v2\/media?parent=59518"}],"wp:term":[{"taxonomy":"product_brand","embeddable":true,"href":"https:\/\/espacetriathlon.com\/fr\/wp-json\/wp\/v2\/product_brand?post=59518"},{"taxonomy":"product_cat","embeddable":true,"href":"https:\/\/espacetriathlon.com\/fr\/wp-json\/wp\/v2\/product_cat?post=59518"},{"taxonomy":"product_tag","embeddable":true,"href":"https:\/\/espacetriathlon.com\/fr\/wp-json\/wp\/v2\/product_tag?post=59518"}],"curies":[{"name":"wp","href":"https:\/\/api.w.org\/{rel}","templated":true}]}}