{"id":60015,"date":"2026-01-02T19:26:12","date_gmt":"2026-01-02T19:26:12","guid":{"rendered":"https:\/\/espacetriathlon.com\/product\/hayden-goggles\/"},"modified":"2026-01-02T19:26:12","modified_gmt":"2026-01-02T19:26:12","slug":"hayden-goggles","status":"publish","type":"product","link":"https:\/\/espacetriathlon.com\/fr\/product\/hayden-goggles\/","title":{"rendered":"Hayden Goggles"},"content":{"rendered":"<div id=\"product-details-features\" class=\"product-details-information-tab-content-container tb-container-col collapse in\" data-type=\"information-content-text\" aria-expanded=\"true\">\n<div class=\"product-details-information-tab-content-container-main\">\n<div class=\"fab-left\">\n<div class=\"col-sm-12\">\n<ul>\n<li><b>GOGGLE HAUTE PERFORMANCE :<\/b> Lunettes de course et d&#8217;entra\u00eenement d&#8217;\u00e9lite pour les nageurs et les triathl\u00e8tes.<\/li>\n<li><b>LENTILLES PANORAMIQUES :<\/b> Les lentilles enveloppantes \u00e0 profil bas augmentent le champ de vision et r\u00e9duisent la tra\u00een\u00e9e.<\/li>\n<li><b>JOINTS EN SILICONE POUR LES YEUX :<\/b> Ils offrent un confort accru et un joint \u00e9tanche pour que chaque tour de piste se d\u00e9roule sans distraction.<\/li>\n<li>PONTS <b>DE NEZ INTERCHANGEABLES :<\/b> Trois nez interchangeables pour un ajustement personnalis\u00e9.<\/li>\n<li><b>DEUX SANGLES EN SILICONE :<\/b> R\u00e9partit la pression uniform\u00e9ment autour de la t\u00eate pour un plus grand confort.<\/li>\n<\/ul>\n<\/div>\n<\/div>\n<\/div>\n<\/div>\n","protected":false},"excerpt":{"rendered":"<p><span class=\"s1\">Les lunettes Hayden sont des lunettes d&#8217;\u00e9lite de haute performance pour les nageurs de comp\u00e9tition et les triathl\u00e8tes. Con\u00e7ues avec l&#8217;aide de Brent Hayden, triple champion olympique canadien, ces lunettes sont dot\u00e9es de lentilles panoramiques surbaiss\u00e9es qui augmentent votre champ de vision et r\u00e9duisent la r\u00e9sistance \u00e0 l&#8217;air. Les verres miroirs r\u00e9duisent les reflets du soleil et offrent une protection contre les UV. Les sangles r\u00e9glables et les joints en silicone pour les yeux offrent un confort maximal et emp\u00eachent les fuites. Les lentilles trait\u00e9es anti-bu\u00e9e vous permettent de voir clairement pendant que vous nagez.    <\/span><\/p>\n","protected":false},"featured_media":60009,"template":"","meta":[],"product_brand":[],"product_cat":[282],"product_tag":[],"class_list":{"0":"post-60015","1":"product","2":"type-product","3":"status-publish","4":"has-post-thumbnail","6":"product_cat-lunettes","7":"pa_brand-finis","9":"first","10":"instock","11":"shipping-taxable","12":"purchasable","13":"product-type-simple"},"_links":{"self":[{"href":"https:\/\/espacetriathlon.com\/fr\/wp-json\/wp\/v2\/product\/60015","targetHints":{"allow":["GET"]}}],"collection":[{"href":"https:\/\/espacetriathlon.com\/fr\/wp-json\/wp\/v2\/product"}],"about":[{"href":"https:\/\/espacetriathlon.com\/fr\/wp-json\/wp\/v2\/types\/product"}],"version-history":[{"count":0,"href":"https:\/\/espacetriathlon.com\/fr\/wp-json\/wp\/v2\/product\/60015\/revisions"}],"wp:featuredmedia":[{"embeddable":true,"href":"https:\/\/espacetriathlon.com\/fr\/wp-json\/wp\/v2\/media\/60009"}],"wp:attachment":[{"href":"https:\/\/espacetriathlon.com\/fr\/wp-json\/wp\/v2\/media?parent=60015"}],"wp:term":[{"taxonomy":"product_brand","embeddable":true,"href":"https:\/\/espacetriathlon.com\/fr\/wp-json\/wp\/v2\/product_brand?post=60015"},{"taxonomy":"product_cat","embeddable":true,"href":"https:\/\/espacetriathlon.com\/fr\/wp-json\/wp\/v2\/product_cat?post=60015"},{"taxonomy":"product_tag","embeddable":true,"href":"https:\/\/espacetriathlon.com\/fr\/wp-json\/wp\/v2\/product_tag?post=60015"}],"curies":[{"name":"wp","href":"https:\/\/api.w.org\/{rel}","templated":true}]}}