{"id":60054,"date":"2026-01-07T11:20:49","date_gmt":"2026-01-07T11:20:49","guid":{"rendered":"https:\/\/espacetriathlon.com\/product\/endura-max-titanium\/"},"modified":"2026-01-07T11:20:49","modified_gmt":"2026-01-07T11:20:49","slug":"endura-max-titanium","status":"publish","type":"product","link":"https:\/\/espacetriathlon.com\/fr\/product\/endura-max-titanium\/","title":{"rendered":"Endura Max Titanium"},"content":{"rendered":"<p>Titane : Meilleur pour la lumi\u00e8re intense et prot\u00e8ge vos yeux contre la lumi\u00e8re extr\u00eame du soleil.<\/p>\n<p>Technologie des lentilles courbes : CLT offre au nageur une vision p\u00e9riph\u00e9rique \u00e0 180 degr\u00e9s et une clart\u00e9 cristalline. Id\u00e9al pour nager dans la foule ou avec d&#8217;autres nageurs dans votre couloir. <\/p>\n<p>Lentille antibu\u00e9e : Toutes les lentilles Zoggs offrent une protection UV et un antibrouillard en standard.<\/p>\n<p>&nbsp;<\/p>\n","protected":false},"excerpt":{"rendered":"<p>Am\u00e9liorez vos performances avec les nouvelles lunettes Zoggs Endura Titanium Max &#8211; redessin\u00e9es pour plus de confort et de visibilit\u00e9. Lentilles incurv\u00e9es, joint en silicone souple et pont nasal r\u00e9glable pour une vision sans \u00e9blouissement. <\/p>\n<p>Zoggs<\/p>\n","protected":false},"featured_media":60048,"template":"","meta":[],"product_brand":[],"product_cat":[282],"product_tag":[],"class_list":{"0":"post-60054","1":"product","2":"type-product","3":"status-publish","4":"has-post-thumbnail","6":"product_cat-lunettes","7":"pa_brand-zoggs","9":"first","10":"instock","11":"shipping-taxable","12":"purchasable","13":"product-type-simple"},"_links":{"self":[{"href":"https:\/\/espacetriathlon.com\/fr\/wp-json\/wp\/v2\/product\/60054","targetHints":{"allow":["GET"]}}],"collection":[{"href":"https:\/\/espacetriathlon.com\/fr\/wp-json\/wp\/v2\/product"}],"about":[{"href":"https:\/\/espacetriathlon.com\/fr\/wp-json\/wp\/v2\/types\/product"}],"version-history":[{"count":0,"href":"https:\/\/espacetriathlon.com\/fr\/wp-json\/wp\/v2\/product\/60054\/revisions"}],"wp:featuredmedia":[{"embeddable":true,"href":"https:\/\/espacetriathlon.com\/fr\/wp-json\/wp\/v2\/media\/60048"}],"wp:attachment":[{"href":"https:\/\/espacetriathlon.com\/fr\/wp-json\/wp\/v2\/media?parent=60054"}],"wp:term":[{"taxonomy":"product_brand","embeddable":true,"href":"https:\/\/espacetriathlon.com\/fr\/wp-json\/wp\/v2\/product_brand?post=60054"},{"taxonomy":"product_cat","embeddable":true,"href":"https:\/\/espacetriathlon.com\/fr\/wp-json\/wp\/v2\/product_cat?post=60054"},{"taxonomy":"product_tag","embeddable":true,"href":"https:\/\/espacetriathlon.com\/fr\/wp-json\/wp\/v2\/product_tag?post=60054"}],"curies":[{"name":"wp","href":"https:\/\/api.w.org\/{rel}","templated":true}]}}