{"id":60147,"date":"2026-01-07T13:51:15","date_gmt":"2026-01-07T13:51:15","guid":{"rendered":"https:\/\/espacetriathlon.com\/product\/set-zephir-junior\/"},"modified":"2026-01-07T13:51:15","modified_gmt":"2026-01-07T13:51:15","slug":"set-zephir-junior","status":"publish","type":"product","link":"https:\/\/espacetriathlon.com\/fr\/product\/set-zephir-junior\/","title":{"rendered":"Set Zephir Junior"},"content":{"rendered":"","protected":false},"excerpt":{"rendered":"<p>L&#8217;ensemble Zephir Jr est la solution de plong\u00e9e avec tuba adapt\u00e9e aux enfants \u00e2g\u00e9s de 8 \u00e0 14 ans. Le masque Zephir est con\u00e7u de mani\u00e8re ergonomique avec une pi\u00e8ce faciale en Siliter, robuste, facile \u00e0 porter et offrant un large champ de vision.<br \/>\nLe tuba est dot\u00e9 d&#8217;un embout buccal ergonomique en Siliter. <\/p>\n","protected":false},"featured_media":60138,"template":"","meta":[],"product_brand":[],"product_cat":[985,282,288],"product_tag":[],"class_list":{"0":"post-60147","1":"product","2":"type-product","3":"status-publish","4":"has-post-thumbnail","6":"product_cat-apnee","7":"product_cat-lunettes","8":"product_cat-snorkels-fr","9":"pa_brand-mares","10":"pa_color_n-blue-2","11":"pa_color_n-pink-2","13":"first","14":"instock","15":"shipping-taxable","16":"purchasable","17":"product-type-variable"},"_links":{"self":[{"href":"https:\/\/espacetriathlon.com\/fr\/wp-json\/wp\/v2\/product\/60147","targetHints":{"allow":["GET"]}}],"collection":[{"href":"https:\/\/espacetriathlon.com\/fr\/wp-json\/wp\/v2\/product"}],"about":[{"href":"https:\/\/espacetriathlon.com\/fr\/wp-json\/wp\/v2\/types\/product"}],"version-history":[{"count":0,"href":"https:\/\/espacetriathlon.com\/fr\/wp-json\/wp\/v2\/product\/60147\/revisions"}],"wp:featuredmedia":[{"embeddable":true,"href":"https:\/\/espacetriathlon.com\/fr\/wp-json\/wp\/v2\/media\/60138"}],"wp:attachment":[{"href":"https:\/\/espacetriathlon.com\/fr\/wp-json\/wp\/v2\/media?parent=60147"}],"wp:term":[{"taxonomy":"product_brand","embeddable":true,"href":"https:\/\/espacetriathlon.com\/fr\/wp-json\/wp\/v2\/product_brand?post=60147"},{"taxonomy":"product_cat","embeddable":true,"href":"https:\/\/espacetriathlon.com\/fr\/wp-json\/wp\/v2\/product_cat?post=60147"},{"taxonomy":"product_tag","embeddable":true,"href":"https:\/\/espacetriathlon.com\/fr\/wp-json\/wp\/v2\/product_tag?post=60147"}],"curies":[{"name":"wp","href":"https:\/\/api.w.org\/{rel}","templated":true}]}}