{"id":60171,"date":"2026-01-07T14:20:10","date_gmt":"2026-01-07T14:20:10","guid":{"rendered":"https:\/\/espacetriathlon.com\/product\/neoprene-socks-3\/"},"modified":"2026-01-07T14:20:10","modified_gmt":"2026-01-07T14:20:10","slug":"neoprene-socks-3","status":"publish","type":"product","link":"https:\/\/espacetriathlon.com\/fr\/product\/neoprene-socks-3\/","title":{"rendered":"Neoprene Socks 3"},"content":{"rendered":"<div class=\"section-module-contents_container-5Da pb-sm pt-0\">\n<div class=\"productInformation-textBlock-OOB\">\n<ul>\n<li>N\u00e9opr\u00e8ne doublement extensible de 3 mm<\/li>\n<li>Breathability<\/li>\n<li>Coutures ext\u00e9rieures coll\u00e9es<\/li>\n<li>Eau libre appropri\u00e9e<\/li>\n<\/ul>\n<\/div>\n<\/div>\n","protected":false},"excerpt":{"rendered":"<p>Ces chaussettes Zoggs Neo 3 sont parfaites pour l&#8217;athl\u00e8te multisport, en particulier lorsqu&#8217;il s&#8217;agit de nager en eau libre. Elles sont fabriqu\u00e9es en n\u00e9opr\u00e8ne doublement extensible de 3 mm, ce qui assure une excellente isolation thermique dans les eaux froides. Ce mat\u00e9riau leur conf\u00e8re une dur\u00e9e de vie plus longue tout en vous offrant respirabilit\u00e9 et libert\u00e9 de mouvement. Le n\u00e9opr\u00e8ne de 3 mm est extr\u00eamement robuste et les coutures ext\u00e9rieures sont coll\u00e9es.   <\/p>\n<p>Zoggs<\/p>\n","protected":false},"featured_media":60165,"template":"","meta":[],"product_brand":[],"product_cat":[270],"product_tag":[],"class_list":{"0":"post-60171","1":"product","2":"type-product","3":"status-publish","4":"has-post-thumbnail","6":"product_cat-openwater-fr","7":"pa_brand-zoggs","8":"pa_socks-l-eu42-5","9":"pa_socks-m-eu41","10":"pa_socks-s-eu40","11":"pa_socks-xl-eu44","12":"pa_socks-xs-eu38","13":"pa_socks-xxs-eu37","15":"first","16":"instock","17":"shipping-taxable","18":"purchasable","19":"product-type-variable"},"_links":{"self":[{"href":"https:\/\/espacetriathlon.com\/fr\/wp-json\/wp\/v2\/product\/60171","targetHints":{"allow":["GET"]}}],"collection":[{"href":"https:\/\/espacetriathlon.com\/fr\/wp-json\/wp\/v2\/product"}],"about":[{"href":"https:\/\/espacetriathlon.com\/fr\/wp-json\/wp\/v2\/types\/product"}],"version-history":[{"count":0,"href":"https:\/\/espacetriathlon.com\/fr\/wp-json\/wp\/v2\/product\/60171\/revisions"}],"wp:featuredmedia":[{"embeddable":true,"href":"https:\/\/espacetriathlon.com\/fr\/wp-json\/wp\/v2\/media\/60165"}],"wp:attachment":[{"href":"https:\/\/espacetriathlon.com\/fr\/wp-json\/wp\/v2\/media?parent=60171"}],"wp:term":[{"taxonomy":"product_brand","embeddable":true,"href":"https:\/\/espacetriathlon.com\/fr\/wp-json\/wp\/v2\/product_brand?post=60171"},{"taxonomy":"product_cat","embeddable":true,"href":"https:\/\/espacetriathlon.com\/fr\/wp-json\/wp\/v2\/product_cat?post=60171"},{"taxonomy":"product_tag","embeddable":true,"href":"https:\/\/espacetriathlon.com\/fr\/wp-json\/wp\/v2\/product_tag?post=60171"}],"curies":[{"name":"wp","href":"https:\/\/api.w.org\/{rel}","templated":true}]}}