{"id":60218,"date":"2026-01-08T15:56:20","date_gmt":"2026-01-08T15:56:20","guid":{"rendered":"https:\/\/espacetriathlon.com\/product\/x-lite-junior\/"},"modified":"2026-01-08T15:56:20","modified_gmt":"2026-01-08T15:56:20","slug":"x-lite-junior","status":"publish","type":"product","link":"https:\/\/espacetriathlon.com\/fr\/product\/x-lite-junior\/","title":{"rendered":"X-lite Junior"},"content":{"rendered":"","protected":false},"excerpt":{"rendered":"<p>Con\u00e7ues avec une monture et un joint en silicone souple pour un confort optimal, ces lunettes de natation junior sont amusantes, faciles \u00e0 utiliser et parfaites pour un usage r\u00e9gulier.<\/p>\n<ul>\n<li>Petites lentilles, sp\u00e9cialement con\u00e7ues pour les enfants<\/li>\n<li>Cadre et joint en silicone souple pour un confort optimal<\/li>\n<li>Pont de nez auto-ajustable<\/li>\n<li>\u00c9lastique solide avec syst\u00e8me &#8220;ACS&#8221; pour un ajustement facile autour de la t\u00eate<\/li>\n<li>Design color\u00e9. Sans PVC <\/li>\n<li>Protection contre les UV. Traitement anti-bu\u00e9e <\/li>\n<\/ul>\n","protected":false},"featured_media":60208,"template":"","meta":[],"product_brand":[],"product_cat":[282],"product_tag":[],"class_list":{"0":"post-60218","1":"product","2":"type-product","3":"status-publish","4":"has-post-thumbnail","6":"product_cat-lunettes","7":"pa_brand-arena","9":"first","10":"instock","11":"shipping-taxable","12":"purchasable","13":"product-type-simple"},"_links":{"self":[{"href":"https:\/\/espacetriathlon.com\/fr\/wp-json\/wp\/v2\/product\/60218","targetHints":{"allow":["GET"]}}],"collection":[{"href":"https:\/\/espacetriathlon.com\/fr\/wp-json\/wp\/v2\/product"}],"about":[{"href":"https:\/\/espacetriathlon.com\/fr\/wp-json\/wp\/v2\/types\/product"}],"version-history":[{"count":0,"href":"https:\/\/espacetriathlon.com\/fr\/wp-json\/wp\/v2\/product\/60218\/revisions"}],"wp:featuredmedia":[{"embeddable":true,"href":"https:\/\/espacetriathlon.com\/fr\/wp-json\/wp\/v2\/media\/60208"}],"wp:attachment":[{"href":"https:\/\/espacetriathlon.com\/fr\/wp-json\/wp\/v2\/media?parent=60218"}],"wp:term":[{"taxonomy":"product_brand","embeddable":true,"href":"https:\/\/espacetriathlon.com\/fr\/wp-json\/wp\/v2\/product_brand?post=60218"},{"taxonomy":"product_cat","embeddable":true,"href":"https:\/\/espacetriathlon.com\/fr\/wp-json\/wp\/v2\/product_cat?post=60218"},{"taxonomy":"product_tag","embeddable":true,"href":"https:\/\/espacetriathlon.com\/fr\/wp-json\/wp\/v2\/product_tag?post=60218"}],"curies":[{"name":"wp","href":"https:\/\/api.w.org\/{rel}","templated":true}]}}