{"id":60261,"date":"2026-01-17T12:07:45","date_gmt":"2026-01-17T12:07:45","guid":{"rendered":"https:\/\/espacetriathlon.com\/product\/r2-3-0-aurora-black\/"},"modified":"2026-01-17T12:07:45","modified_gmt":"2026-01-17T12:07:45","slug":"r2-3-0-aurora-black","status":"publish","type":"product","link":"https:\/\/espacetriathlon.com\/fr\/product\/r2-3-0-aurora-black\/","title":{"rendered":"R2 3.0 Aurora Black"},"content":{"rendered":"<p>Fabriqu\u00e9 au Portugal<\/p>\n","protected":false},"excerpt":{"rendered":"<p>Am\u00e9lioration de l&#8217;\u00e9quilibre et de la stabilit\u00e9 gr\u00e2ce aux Fibular Stripes textur\u00e9es qui stimulent la proprioception, augmentent l&#8217;adh\u00e9rence et r\u00e9duisent le risque d&#8217;entorse de la cheville<br \/>\nSoutien musculaire de haut niveau pour les mollets, r\u00e9duisant le risque de blessures et de crampes gr\u00e2ce \u00e0 une compression cibl\u00e9e \u00e0 360 degr\u00e9s<br \/>\nLes zones cibl\u00e9es avec tissage gaufr\u00e9 favorisent la microcirculation, r\u00e9duisant l&#8217;inflammation et les probl\u00e8mes d&#8217;estomac pendant les longues courses<\/p>\n<p>Tenez compte de la circonf\u00e9rence de votre mollet pour choisir la taille.<\/p>\n","protected":false},"featured_media":60255,"template":"","meta":[],"product_brand":[],"product_cat":[1711,300],"product_tag":[],"class_list":{"0":"post-60261","1":"product","2":"type-product","3":"status-publish","4":"has-post-thumbnail","6":"product_cat-accessories-tri-3","7":"product_cat-run-accessories-triathlon-fr","8":"pa_brand-compressport","10":"first","11":"instock","12":"shipping-taxable","13":"purchasable","14":"product-type-variable"},"_links":{"self":[{"href":"https:\/\/espacetriathlon.com\/fr\/wp-json\/wp\/v2\/product\/60261","targetHints":{"allow":["GET"]}}],"collection":[{"href":"https:\/\/espacetriathlon.com\/fr\/wp-json\/wp\/v2\/product"}],"about":[{"href":"https:\/\/espacetriathlon.com\/fr\/wp-json\/wp\/v2\/types\/product"}],"version-history":[{"count":0,"href":"https:\/\/espacetriathlon.com\/fr\/wp-json\/wp\/v2\/product\/60261\/revisions"}],"wp:featuredmedia":[{"embeddable":true,"href":"https:\/\/espacetriathlon.com\/fr\/wp-json\/wp\/v2\/media\/60255"}],"wp:attachment":[{"href":"https:\/\/espacetriathlon.com\/fr\/wp-json\/wp\/v2\/media?parent=60261"}],"wp:term":[{"taxonomy":"product_brand","embeddable":true,"href":"https:\/\/espacetriathlon.com\/fr\/wp-json\/wp\/v2\/product_brand?post=60261"},{"taxonomy":"product_cat","embeddable":true,"href":"https:\/\/espacetriathlon.com\/fr\/wp-json\/wp\/v2\/product_cat?post=60261"},{"taxonomy":"product_tag","embeddable":true,"href":"https:\/\/espacetriathlon.com\/fr\/wp-json\/wp\/v2\/product_tag?post=60261"}],"curies":[{"name":"wp","href":"https:\/\/api.w.org\/{rel}","templated":true}]}}