{"id":60299,"date":"2026-01-19T12:20:53","date_gmt":"2026-01-19T12:20:53","guid":{"rendered":"https:\/\/espacetriathlon.com\/product\/coros-pace-3\/"},"modified":"2026-01-19T12:20:53","modified_gmt":"2026-01-19T12:20:53","slug":"coros-pace-3","status":"publish","type":"product","link":"https:\/\/espacetriathlon.com\/fr\/product\/coros-pace-3\/","title":{"rendered":"Coros Pace 3"},"content":{"rendered":"<p>Allez au-del\u00e0 de votre course de quartier en toute confiance, en utilisant une gamme d&#8217;outils puissants, y compris la navigation virage par virage. Un nouveau chipset satellite avec double fr\u00e9quence en option garantit la pr\u00e9cision des donn\u00e9es GPS, m\u00eame dans les grandes villes comme New York et Chicago. Courez sur les sentiers, faites du v\u00e9lo en salle, nagez, faites de la musculation &#8211; ou skiez. PACE 3 offre une s\u00e9lection compl\u00e8te de modes d&#8217;activit\u00e9 optimis\u00e9s pour des mesures pr\u00e9cises. Cr\u00e9ez facilement des itin\u00e9raires personnalis\u00e9s ou recherchez une destination et synchronisez-la avec PACE 3 sur la page &#8220;D\u00e9couvrir&#8221; de l&#8217;application COROS. Le capteur optique de fr\u00e9quence cardiaque de nouvelle g\u00e9n\u00e9ration de Coros mesure votre sommeil, votre saturation en oxyg\u00e8ne (SpO2) et l&#8217;intensit\u00e9 de votre entra\u00eenement, vous offrant ainsi les mesures les plus pr\u00e9cises \u00e0 votre poignet. Avec un confort 24\/7, des capteurs pr\u00e9cis et une autonomie incroyable, PACE 3 fournit des donn\u00e9es d\u00e9taill\u00e9es sur la r\u00e9cup\u00e9ration de votre sommeil nuit apr\u00e8s nuit. Synchronisez-vous directement avec vos applications de sant\u00e9 et de fitness pr\u00e9f\u00e9r\u00e9es, telles que Strava, Nike Run Club, Apple Health et Health Connect. Restez connect\u00e9 en consultant les textes et les appels entrants, en localisant votre appareil \u00e9gar\u00e9 gr\u00e2ce \u00e0 la fonction &#8221; Trouver mon t\u00e9l\u00e9phone &#8221; et en contr\u00f4lant vos cam\u00e9ras GoPro et Insta360 directement depuis votre poignet.        <\/p>\n<ul>\n<li>L\u00e9ger et fin pour un confort tout au long de la journ\u00e9e et de la nuit<\/li>\n<li>Dur\u00e9e de vie de la batterie prolong\u00e9e pour des semaines d&#8217;entra\u00eenement continu<\/li>\n<li>Capteurs optiques de fr\u00e9quence cardiaque et de SpO2 de nouvelle g\u00e9n\u00e9ration<\/li>\n<li>Altim\u00e8tre barom\u00e9trique pour une mesure pr\u00e9cise de l&#8217;altitude<\/li>\n<li>Fonction de navigation en fil d&#8217;Ariane pour vous aider \u00e0 rester sur la bonne voie<\/li>\n<li>\u00c9cran tactile transflectif de 1,2 pouce toujours actif<\/li>\n<li>GPS \u00e0 double fr\u00e9quence pour un calcul pr\u00e9cis de la distance<\/li>\n<li>Profitez de votre musique pr\u00e9f\u00e9r\u00e9e gr\u00e2ce au support audio int\u00e9gr\u00e9<\/li>\n<li>Bracelet de montre et c\u00e2ble de chargement inclus<\/li>\n<\/ul>\n<p>La taille estim\u00e9e de l&#8217;article emball\u00e9 ou de l&#8217;emballage est de 120 x 120 x 120 mm.<\/p>\n","protected":false},"excerpt":{"rendered":"<p>La PACE 3 surpasse son pr\u00e9d\u00e9cesseur l\u00e9gendaire \u00e0 tous points de vue et offre encore plus de puissance. Suivez votre entra\u00eenement et votre r\u00e9cup\u00e9ration avec une montre l\u00e9g\u00e8re et confortable dot\u00e9e d&#8217;une technologie avanc\u00e9e, d&#8217;une pr\u00e9cision des donn\u00e9es exceptionnelle et du logiciel d&#8217;entra\u00eenement COROS leader du march\u00e9. La COROS PACE 3 vous permet de d\u00e9couvrir votre potentiel. Avec une capacit\u00e9 de batterie accrue, la PACE 3 maximise le temps pass\u00e9 au poignet et minimise le temps de charge. Le bo\u00eetier ultra-l\u00e9ger et fin du PACE 3 assure un confort 24 heures sur 24 et garantit un port sans distraction.    <\/p>\n","protected":false},"featured_media":60282,"template":"","meta":[],"product_brand":[],"product_cat":[1711,2195,300],"product_tag":[],"class_list":{"0":"post-60299","1":"product","2":"type-product","3":"status-publish","4":"has-post-thumbnail","6":"product_cat-accessories-tri-3","7":"product_cat-liquidations","8":"product_cat-run-accessories-triathlon-fr","9":"pa_brand-coros","10":"pa_color_n-black-2","11":"pa_color_n-white-2","13":"first","14":"instock","15":"sale","16":"shipping-taxable","17":"purchasable","18":"product-type-variable"},"_links":{"self":[{"href":"https:\/\/espacetriathlon.com\/fr\/wp-json\/wp\/v2\/product\/60299","targetHints":{"allow":["GET"]}}],"collection":[{"href":"https:\/\/espacetriathlon.com\/fr\/wp-json\/wp\/v2\/product"}],"about":[{"href":"https:\/\/espacetriathlon.com\/fr\/wp-json\/wp\/v2\/types\/product"}],"version-history":[{"count":0,"href":"https:\/\/espacetriathlon.com\/fr\/wp-json\/wp\/v2\/product\/60299\/revisions"}],"wp:featuredmedia":[{"embeddable":true,"href":"https:\/\/espacetriathlon.com\/fr\/wp-json\/wp\/v2\/media\/60282"}],"wp:attachment":[{"href":"https:\/\/espacetriathlon.com\/fr\/wp-json\/wp\/v2\/media?parent=60299"}],"wp:term":[{"taxonomy":"product_brand","embeddable":true,"href":"https:\/\/espacetriathlon.com\/fr\/wp-json\/wp\/v2\/product_brand?post=60299"},{"taxonomy":"product_cat","embeddable":true,"href":"https:\/\/espacetriathlon.com\/fr\/wp-json\/wp\/v2\/product_cat?post=60299"},{"taxonomy":"product_tag","embeddable":true,"href":"https:\/\/espacetriathlon.com\/fr\/wp-json\/wp\/v2\/product_tag?post=60299"}],"curies":[{"name":"wp","href":"https:\/\/api.w.org\/{rel}","templated":true}]}}