{"id":60354,"date":"2026-01-27T13:08:29","date_gmt":"2026-01-27T13:08:29","guid":{"rendered":"https:\/\/espacetriathlon.com\/product\/one-go-mes-bag\/"},"modified":"2026-01-27T13:08:29","modified_gmt":"2026-01-27T13:08:29","slug":"one-go-mes-bag","status":"publish","type":"product","link":"https:\/\/espacetriathlon.com\/fr\/product\/one-go-mes-bag\/","title":{"rendered":"One Go Mes bag"},"content":{"rendered":"<ul>\n<li>Grand sac en filet pour le mat\u00e9riel de natation et d&#8217;entra\u00eenement. La construction en filet permet \u00e0 l&#8217;eau de s&#8217;\u00e9couler facilement. <\/li>\n<li>Fermeture \u00e0 boucle s\u00e9curis\u00e9e. Poign\u00e9e pratique pour le transport et la suspension. Fabriqu\u00e9 dans un mat\u00e9riau robuste \u00e0 s\u00e9chage rapide.  <\/li>\n<li>Ce sac pratique peut \u00eatre port\u00e9 sur une \u00e9paule ou comme sac \u00e0 dos. Dimensions : 65 cm x 55 cm x 1 cm : 65 cm x 55 cm x 1 cm, 40 litres <\/li>\n<li>Id\u00e9al pour l&#8217;\u00e9quipement d&#8217;entra\u00eenement, la piscine et la plage.<\/li>\n<li>100% polyester<\/li>\n<\/ul>\n","protected":false},"excerpt":{"rendered":"<p>Le spacieux sac en filet arena One Go est id\u00e9al pour transporter du mat\u00e9riel d&#8217;entra\u00eenement ou d&#8217;autres objets. Gr\u00e2ce \u00e0 sa construction en filet, l&#8217;eau peut s&#8217;\u00e9couler facilement. Le sac peut \u00e9galement \u00eatre port\u00e9 comme un sac \u00e0 dos. Il est \u00e9quip\u00e9 d&#8217;une poign\u00e9e pratique pour le suspendre dans le vestiaire ou l&#8217;attacher \u00e0 un autre sac. Fabriqu\u00e9 en maille de polyester robuste et s\u00e9chant rapidement. Dimensions : 65 cm x 55 cm x 1 cm : 65 cm x 55 cm x 1 cm, 40 litres     <\/p>\n<p>&nbsp;<\/p>\n","protected":false},"featured_media":60347,"template":"","meta":[],"product_brand":[],"product_cat":[279],"product_tag":[],"class_list":{"0":"post-60354","1":"product","2":"type-product","3":"status-publish","4":"has-post-thumbnail","6":"product_cat-accessories-swim","7":"pa_brand-arena","8":"pa_color_n-navy-fr","9":"pa_color_n-plum-fr","10":"pa_color_n-royal","11":"pa_color_n-sage-fr","13":"first","14":"instock","15":"shipping-taxable","16":"purchasable","17":"product-type-variable"},"_links":{"self":[{"href":"https:\/\/espacetriathlon.com\/fr\/wp-json\/wp\/v2\/product\/60354","targetHints":{"allow":["GET"]}}],"collection":[{"href":"https:\/\/espacetriathlon.com\/fr\/wp-json\/wp\/v2\/product"}],"about":[{"href":"https:\/\/espacetriathlon.com\/fr\/wp-json\/wp\/v2\/types\/product"}],"version-history":[{"count":0,"href":"https:\/\/espacetriathlon.com\/fr\/wp-json\/wp\/v2\/product\/60354\/revisions"}],"wp:featuredmedia":[{"embeddable":true,"href":"https:\/\/espacetriathlon.com\/fr\/wp-json\/wp\/v2\/media\/60347"}],"wp:attachment":[{"href":"https:\/\/espacetriathlon.com\/fr\/wp-json\/wp\/v2\/media?parent=60354"}],"wp:term":[{"taxonomy":"product_brand","embeddable":true,"href":"https:\/\/espacetriathlon.com\/fr\/wp-json\/wp\/v2\/product_brand?post=60354"},{"taxonomy":"product_cat","embeddable":true,"href":"https:\/\/espacetriathlon.com\/fr\/wp-json\/wp\/v2\/product_cat?post=60354"},{"taxonomy":"product_tag","embeddable":true,"href":"https:\/\/espacetriathlon.com\/fr\/wp-json\/wp\/v2\/product_tag?post=60354"}],"curies":[{"name":"wp","href":"https:\/\/api.w.org\/{rel}","templated":true}]}}