{"id":60444,"date":"2026-02-09T13:52:22","date_gmt":"2026-02-09T13:52:22","guid":{"rendered":"https:\/\/espacetriathlon.com\/product\/palmes-dmc-elite\/"},"modified":"2026-02-09T13:52:22","modified_gmt":"2026-02-09T13:52:22","slug":"palmes-dmc-elite","status":"publish","type":"product","link":"https:\/\/espacetriathlon.com\/fr\/product\/palmes-dmc-elite\/","title":{"rendered":"Palmes DMC Elite"},"content":{"rendered":"","protected":false},"excerpt":{"rendered":"<p>Augmentez votre puissance et votre vitesse pendant l&#8217;entra\u00eenement avec les nouvelles palmes de comp\u00e9tition Speedo x DMC Elite Fins. D\u00e9velopp\u00e9es en collaboration avec le pionnier des palmes en silicone DMC, les palmes Elite pr\u00e9sentent un design V-Rail qui rigidifie les bords des palmes et vous permet d&#8217;atteindre la vitesse et la propulsion d&#8217;une palme plus rigide sans le poids suppl\u00e9mentaire. Con\u00e7ues pour les nageurs de comp\u00e9tition et les bodysurfeurs, les palmes courtes en silicone pr\u00e9sentent un design asym\u00e9trique qui stabilise les chevilles et augmente la vitesse de nage, optimise l&#8217;efficacit\u00e9 des battements de jambes et r\u00e9duit la fatigue.  <\/p>\n","protected":false},"featured_media":60434,"template":"","meta":[],"product_brand":[],"product_cat":[1617],"product_tag":[],"class_list":{"0":"post-60444","1":"product","2":"type-product","3":"status-publish","4":"has-post-thumbnail","6":"product_cat-triathlon-fr","7":"pa_brand-speedo","9":"first","10":"instock","11":"sale","12":"shipping-taxable","13":"purchasable","14":"product-type-variable"},"_links":{"self":[{"href":"https:\/\/espacetriathlon.com\/fr\/wp-json\/wp\/v2\/product\/60444","targetHints":{"allow":["GET"]}}],"collection":[{"href":"https:\/\/espacetriathlon.com\/fr\/wp-json\/wp\/v2\/product"}],"about":[{"href":"https:\/\/espacetriathlon.com\/fr\/wp-json\/wp\/v2\/types\/product"}],"version-history":[{"count":0,"href":"https:\/\/espacetriathlon.com\/fr\/wp-json\/wp\/v2\/product\/60444\/revisions"}],"wp:featuredmedia":[{"embeddable":true,"href":"https:\/\/espacetriathlon.com\/fr\/wp-json\/wp\/v2\/media\/60434"}],"wp:attachment":[{"href":"https:\/\/espacetriathlon.com\/fr\/wp-json\/wp\/v2\/media?parent=60444"}],"wp:term":[{"taxonomy":"product_brand","embeddable":true,"href":"https:\/\/espacetriathlon.com\/fr\/wp-json\/wp\/v2\/product_brand?post=60444"},{"taxonomy":"product_cat","embeddable":true,"href":"https:\/\/espacetriathlon.com\/fr\/wp-json\/wp\/v2\/product_cat?post=60444"},{"taxonomy":"product_tag","embeddable":true,"href":"https:\/\/espacetriathlon.com\/fr\/wp-json\/wp\/v2\/product_tag?post=60444"}],"curies":[{"name":"wp","href":"https:\/\/api.w.org\/{rel}","templated":true}]}}