{"id":60478,"date":"2026-02-09T18:02:14","date_gmt":"2026-02-09T18:02:14","guid":{"rendered":"https:\/\/espacetriathlon.com\/product\/aquapulse-pro-mirror\/"},"modified":"2026-02-09T18:02:14","modified_gmt":"2026-02-09T18:02:14","slug":"aquapulse-pro-mirror","status":"publish","type":"product","link":"https:\/\/espacetriathlon.com\/fr\/product\/aquapulse-pro-mirror\/","title":{"rendered":"Aquapulse Pro Mirror"},"content":{"rendered":"","protected":false},"excerpt":{"rendered":"<p>S&#8217;appuyant sur le succ\u00e8s de l&#8217;Aquapulse Max 2, le nouveau masque Aquapulse Pro am\u00e9lior\u00e9 repousse les limites avec une construction sans cadre. Dot\u00e9 d&#8217;un nouveau design lat\u00e9ral combin\u00e9 \u00e0 notre technologie pionni\u00e8re IQfit, ce masque vous permet d&#8217;atteindre un niveau de performance sup\u00e9rieur. Id\u00e9al pour les triathl\u00e8tes et les nageurs r\u00e9guliers.  <\/p>\n","protected":false},"featured_media":60473,"template":"","meta":[],"product_brand":[],"product_cat":[282],"product_tag":[],"class_list":{"0":"post-60478","1":"product","2":"type-product","3":"status-publish","4":"has-post-thumbnail","6":"product_cat-lunettes","7":"pa_brand-speedo","9":"first","10":"instock","11":"shipping-taxable","12":"purchasable","13":"product-type-variable"},"_links":{"self":[{"href":"https:\/\/espacetriathlon.com\/fr\/wp-json\/wp\/v2\/product\/60478","targetHints":{"allow":["GET"]}}],"collection":[{"href":"https:\/\/espacetriathlon.com\/fr\/wp-json\/wp\/v2\/product"}],"about":[{"href":"https:\/\/espacetriathlon.com\/fr\/wp-json\/wp\/v2\/types\/product"}],"version-history":[{"count":0,"href":"https:\/\/espacetriathlon.com\/fr\/wp-json\/wp\/v2\/product\/60478\/revisions"}],"wp:featuredmedia":[{"embeddable":true,"href":"https:\/\/espacetriathlon.com\/fr\/wp-json\/wp\/v2\/media\/60473"}],"wp:attachment":[{"href":"https:\/\/espacetriathlon.com\/fr\/wp-json\/wp\/v2\/media?parent=60478"}],"wp:term":[{"taxonomy":"product_brand","embeddable":true,"href":"https:\/\/espacetriathlon.com\/fr\/wp-json\/wp\/v2\/product_brand?post=60478"},{"taxonomy":"product_cat","embeddable":true,"href":"https:\/\/espacetriathlon.com\/fr\/wp-json\/wp\/v2\/product_cat?post=60478"},{"taxonomy":"product_tag","embeddable":true,"href":"https:\/\/espacetriathlon.com\/fr\/wp-json\/wp\/v2\/product_tag?post=60478"}],"curies":[{"name":"wp","href":"https:\/\/api.w.org\/{rel}","templated":true}]}}