{"id":60513,"date":"2026-02-09T21:26:19","date_gmt":"2026-02-09T21:26:19","guid":{"rendered":"https:\/\/espacetriathlon.com\/product\/hommes-swimskin-synskin-2\/"},"modified":"2026-02-09T21:47:35","modified_gmt":"2026-02-09T21:47:35","slug":"hommes-swimskin-synskin-2","status":"publish","type":"product","link":"https:\/\/espacetriathlon.com\/fr\/product\/hommes-swimskin-synskin-2\/","title":{"rendered":"Swimskin SynSkin 2 Hommes"},"content":{"rendered":"<ul>\n<li><strong>Tissu AquaPhobic avanc\u00e9 :<\/strong> Notre textile de qualit\u00e9 sup\u00e9rieure repousse activement l&#8217;eau, emp\u00eachant votre combinaison de se gorger d&#8217;eau et de s&#8217;alourdir. Ce tissu de pointe est d\u00e9sormais <strong>totalement d\u00e9pourvu de PFA<\/strong>, ce qui vous garantit des performances aussi propres que rapides.<\/li>\n<li><strong>Coutures soud\u00e9es par ultrasons :<\/strong> Oubliez les coutures traditionnelles. Nos coutures sont soud\u00e9es pour obtenir une surface incroyablement basse, sans couture et sans frottement. Cette construction bouge avec votre corps et offre une r\u00e9sistance minimale \u00e0 l&#8217;eau.<\/li>\n<li><strong>Compression musculaire strat\u00e9gique :<\/strong> La forme ajust\u00e9e du SynSkin2 r\u00e9duit l&#8217;oscillation des muscles, ce qui vous permet d&#8217;\u00e9conomiser une \u00e9nergie pr\u00e9cieuse. Moins de vibrations signifie moins de fatigue et plus de puissance transf\u00e9r\u00e9e directement dans votre \u00e9lan vers l&#8217;avant.<\/li>\n<\/ul>\n","protected":false},"excerpt":{"rendered":"<p>Lorsque chaque seconde compte sur le chemin de la T1, le SynSkin2 vous offre l&#8217;avantage comp\u00e9titif dont vous avez besoin. <span class=\"citation-12\">N\u00e9e \u00e0 l&#8217;\u00e9poque des r\u00e9glementations textiles, cette combinaison a \u00e9t\u00e9 m\u00e9ticuleusement con\u00e7ue pour r\u00e9duire la tra\u00een\u00e9e, stabiliser vos muscles et lib\u00e9rer votre v\u00e9ritable potentiel dans l&#8217;eau.<\/span><\/p>\n<p>Ne nous croyez pas sur parole. Lors de tests contr\u00f4l\u00e9s, Josiah Middaugh, 9 fois champion du monde de Xterra, a constat\u00e9 qu&#8217;il \u00e9tait <b>plus rapide de 4 secondes sur 100 m\u00e8tres<\/b> lorsqu&#8217;il portait le SynSkin2. C&#8217;est l&#8217;avantage de performance auquel font confiance les athl\u00e8tes les plus rapides du monde pour leurs courses les plus importantes.<\/p>\n<p>Synergie<\/p>\n<p>&nbsp;<\/p>\n<p>&nbsp;<\/p>\n","protected":false},"featured_media":60510,"template":"","meta":[],"product_brand":[],"product_cat":[1703],"product_tag":[],"class_list":{"0":"post-60513","1":"product","2":"type-product","3":"status-publish","4":"has-post-thumbnail","6":"product_cat-gear-fr","7":"pa_brand-synergy","8":"pa_size-m-fr","9":"pa_size-l-fr","10":"pa_size-xl-fr","11":"pa_size-xxl-fr","13":"first","14":"instock","15":"shipping-taxable","16":"purchasable","17":"product-type-variable"},"_links":{"self":[{"href":"https:\/\/espacetriathlon.com\/fr\/wp-json\/wp\/v2\/product\/60513","targetHints":{"allow":["GET"]}}],"collection":[{"href":"https:\/\/espacetriathlon.com\/fr\/wp-json\/wp\/v2\/product"}],"about":[{"href":"https:\/\/espacetriathlon.com\/fr\/wp-json\/wp\/v2\/types\/product"}],"version-history":[{"count":1,"href":"https:\/\/espacetriathlon.com\/fr\/wp-json\/wp\/v2\/product\/60513\/revisions"}],"predecessor-version":[{"id":60581,"href":"https:\/\/espacetriathlon.com\/fr\/wp-json\/wp\/v2\/product\/60513\/revisions\/60581"}],"wp:featuredmedia":[{"embeddable":true,"href":"https:\/\/espacetriathlon.com\/fr\/wp-json\/wp\/v2\/media\/60510"}],"wp:attachment":[{"href":"https:\/\/espacetriathlon.com\/fr\/wp-json\/wp\/v2\/media?parent=60513"}],"wp:term":[{"taxonomy":"product_brand","embeddable":true,"href":"https:\/\/espacetriathlon.com\/fr\/wp-json\/wp\/v2\/product_brand?post=60513"},{"taxonomy":"product_cat","embeddable":true,"href":"https:\/\/espacetriathlon.com\/fr\/wp-json\/wp\/v2\/product_cat?post=60513"},{"taxonomy":"product_tag","embeddable":true,"href":"https:\/\/espacetriathlon.com\/fr\/wp-json\/wp\/v2\/product_tag?post=60513"}],"curies":[{"name":"wp","href":"https:\/\/api.w.org\/{rel}","templated":true}]}}