{"id":60604,"date":"2026-02-11T14:07:46","date_gmt":"2026-02-11T14:07:46","guid":{"rendered":"https:\/\/espacetriathlon.com\/product\/panneau-dappui-en-mousse\/"},"modified":"2026-02-11T14:07:46","modified_gmt":"2026-02-11T14:07:46","slug":"panneau-dappui-en-mousse","status":"publish","type":"product","link":"https:\/\/espacetriathlon.com\/fr\/product\/panneau-dappui-en-mousse\/","title":{"rendered":"Panneau d&#8217;appui en mousse"},"content":{"rendered":"<div id=\"product-details-features\" class=\"product-details-information-tab-content-container tb-container-col collapse in\" data-type=\"information-content-text\">\n<div class=\"product-details-information-tab-content-container-main\">\n<div class=\"fab-left\">\n<div class=\"col-sm-12\">\n<ul>\n<li><b>Entra\u00eenement au coup de pied en natation :<\/b> Immobilisez les bras pour renforcer les muscles des jambes et accordez toute votre attention \u00e0 votre coup de pied<b>.<\/b> <\/li>\n<li><b>MATI\u00c8RE CONFORTABLE : La<\/b> mousse EVA souple ne frotte pas et n&#8217;irrite pas la peau, et reste durable.<\/li>\n<li><b>DEUX TAILLES :<\/b> La taille Jr est con\u00e7ue pour r\u00e9duire le stress sur les \u00e9paules et est id\u00e9ale pour les jeunes et les petits nageurs.<\/li>\n<li><b>FORME SIMPLE :<\/b> Se d\u00e9place facilement dans l&#8217;eau et est facile \u00e0 tenir.<\/li>\n<li><b>PLANCHE FLOTTANTE :<\/b> maintient vos bras et le haut de votre corps \u00e0 la surface de l&#8217;eau afin que vous puissiez vous concentrer sur vos jambes.<\/li>\n<\/ul>\n<\/div>\n<\/div>\n<\/div>\n<\/div>\n","protected":false},"excerpt":{"rendered":"<p>Le Foam Kickboard immobilise les bras pour aider \u00e0 d\u00e9velopper la force des jambes. Disponible en tailles senior et junior ; la taille junior est con\u00e7ue pour r\u00e9duire le stress sur les \u00e9paules et est id\u00e9ale pour les jeunes nageurs et les nageurs plus petits. <\/p>\n","protected":false},"featured_media":60599,"template":"","meta":[],"product_brand":[],"product_cat":[291],"product_tag":[],"class_list":{"0":"post-60604","1":"product","2":"type-product","3":"status-publish","4":"has-post-thumbnail","6":"product_cat-aide-dentrainement","7":"pa_age-junior-fr","8":"pa_age-senior-fr","9":"pa_brand-finis","11":"first","12":"instock","13":"shipping-taxable","14":"purchasable","15":"product-type-variable"},"_links":{"self":[{"href":"https:\/\/espacetriathlon.com\/fr\/wp-json\/wp\/v2\/product\/60604","targetHints":{"allow":["GET"]}}],"collection":[{"href":"https:\/\/espacetriathlon.com\/fr\/wp-json\/wp\/v2\/product"}],"about":[{"href":"https:\/\/espacetriathlon.com\/fr\/wp-json\/wp\/v2\/types\/product"}],"version-history":[{"count":0,"href":"https:\/\/espacetriathlon.com\/fr\/wp-json\/wp\/v2\/product\/60604\/revisions"}],"wp:featuredmedia":[{"embeddable":true,"href":"https:\/\/espacetriathlon.com\/fr\/wp-json\/wp\/v2\/media\/60599"}],"wp:attachment":[{"href":"https:\/\/espacetriathlon.com\/fr\/wp-json\/wp\/v2\/media?parent=60604"}],"wp:term":[{"taxonomy":"product_brand","embeddable":true,"href":"https:\/\/espacetriathlon.com\/fr\/wp-json\/wp\/v2\/product_brand?post=60604"},{"taxonomy":"product_cat","embeddable":true,"href":"https:\/\/espacetriathlon.com\/fr\/wp-json\/wp\/v2\/product_cat?post=60604"},{"taxonomy":"product_tag","embeddable":true,"href":"https:\/\/espacetriathlon.com\/fr\/wp-json\/wp\/v2\/product_tag?post=60604"}],"curies":[{"name":"wp","href":"https:\/\/api.w.org\/{rel}","templated":true}]}}