{"id":60640,"date":"2026-02-12T13:21:42","date_gmt":"2026-02-12T13:21:42","guid":{"rendered":"https:\/\/espacetriathlon.com\/product\/hyperion-sleeveless-femmes\/"},"modified":"2026-02-12T13:21:42","modified_gmt":"2026-02-12T13:21:42","slug":"hyperion-sleeveless-femmes","status":"publish","type":"product","link":"https:\/\/espacetriathlon.com\/fr\/product\/hyperion-sleeveless-femmes\/","title":{"rendered":"Hyperion Sleeveless femmes"},"content":{"rendered":"","protected":false},"excerpt":{"rendered":"<p>D\u00e9couvrez la nouvelle g\u00e9n\u00e9ration de combinaisons de triathlon avec l&#8217;<strong>Hyperion Elite<\/strong>. Con\u00e7ue avec une \u00e9paisseur de 3,2 mm pour une flexibilit\u00e9 in\u00e9gal\u00e9e, cette combinaison offre des performances de niveau \u00e9lite \u00e0 un prix d&#8217;entr\u00e9e de gamme. Une valeur globale incroyable.  <\/p>\n<p>Con\u00e7ue pour les athl\u00e8tes qui attendent des performances de haut niveau, la Hyperion Elite offre une flexibilit\u00e9 et un confort exceptionnels.<\/p>\n<p>Que vous traversiez l&#8217;eau libre ou que vous passiez \u00e0 la discipline suivante, l&#8217;Hyperion Elite vous permet de rester rapide, confortable et pr\u00eat \u00e0 conqu\u00e9rir. Am\u00e9liorez votre journ\u00e9e de course avec une combinaison con\u00e7ue pour red\u00e9finir la flexibilit\u00e9 et la performance. <\/p>\n","protected":false},"featured_media":60628,"template":"","meta":[],"product_brand":[],"product_cat":[306],"product_tag":[],"class_list":{"0":"post-60640","1":"product","2":"type-product","3":"status-publish","4":"has-post-thumbnail","6":"product_cat-wetsuit-neopren-fr","7":"pa_brand-synergy","8":"pa_synergy-women-p3-157-162-cm-52-59-kg","9":"pa_synergy-women-w1-160-175-cm-57-66-kg","10":"pa_synergy-women-w2-167-178-cm-64-73-kg","12":"first","13":"instock","14":"shipping-taxable","15":"purchasable","16":"product-type-variable"},"_links":{"self":[{"href":"https:\/\/espacetriathlon.com\/fr\/wp-json\/wp\/v2\/product\/60640","targetHints":{"allow":["GET"]}}],"collection":[{"href":"https:\/\/espacetriathlon.com\/fr\/wp-json\/wp\/v2\/product"}],"about":[{"href":"https:\/\/espacetriathlon.com\/fr\/wp-json\/wp\/v2\/types\/product"}],"version-history":[{"count":0,"href":"https:\/\/espacetriathlon.com\/fr\/wp-json\/wp\/v2\/product\/60640\/revisions"}],"wp:featuredmedia":[{"embeddable":true,"href":"https:\/\/espacetriathlon.com\/fr\/wp-json\/wp\/v2\/media\/60628"}],"wp:attachment":[{"href":"https:\/\/espacetriathlon.com\/fr\/wp-json\/wp\/v2\/media?parent=60640"}],"wp:term":[{"taxonomy":"product_brand","embeddable":true,"href":"https:\/\/espacetriathlon.com\/fr\/wp-json\/wp\/v2\/product_brand?post=60640"},{"taxonomy":"product_cat","embeddable":true,"href":"https:\/\/espacetriathlon.com\/fr\/wp-json\/wp\/v2\/product_cat?post=60640"},{"taxonomy":"product_tag","embeddable":true,"href":"https:\/\/espacetriathlon.com\/fr\/wp-json\/wp\/v2\/product_tag?post=60640"}],"curies":[{"name":"wp","href":"https:\/\/api.w.org\/{rel}","templated":true}]}}