{"id":60659,"date":"2026-02-12T14:10:59","date_gmt":"2026-02-12T14:10:59","guid":{"rendered":"https:\/\/espacetriathlon.com\/product\/hyperion-sleeveless-hommes\/"},"modified":"2026-02-12T14:10:59","modified_gmt":"2026-02-12T14:10:59","slug":"hyperion-sleeveless-hommes","status":"publish","type":"product","link":"https:\/\/espacetriathlon.com\/fr\/product\/hyperion-sleeveless-hommes\/","title":{"rendered":"Hyperion Sleeveless Hommes"},"content":{"rendered":"","protected":false},"excerpt":{"rendered":"<p>La combinaison Synergy Hyperion Elite est une combinaison sans manche tr\u00e8s performante qui vous offre flexibilit\u00e9, flottabilit\u00e9 et vitesse \u00e0 un prix d&#8217;entr\u00e9e de gamme repr\u00e9sentant une valeur exceptionnelle. Con\u00e7ue et fabriqu\u00e9e pour un \u00e9quilibre optimal entre flottabilit\u00e9 et flexibilit\u00e9, elle est parfaite pour tous les niveaux d&#8217;aptitude, que ce soit pour les comp\u00e9titions de triathlon ou pour la natation r\u00e9cr\u00e9ative en eau libre. La conception sans manche est parfaite pour nager tout en vous gardant flottant et au chaud.  <\/p>\n","protected":false},"featured_media":60654,"template":"","meta":[],"product_brand":[],"product_cat":[306],"product_tag":[],"class_list":{"0":"post-60659","1":"product","2":"type-product","3":"status-publish","4":"has-post-thumbnail","6":"product_cat-wetsuit-neopren-fr","7":"pa_brand-synergy","8":"pa_synergy-men-m2-175-187-cm-75-84-kg","9":"pa_synergy-men-m3-175-190-cm-81-88-kg","10":"pa_synergy-men-l1-175-193-cm-88-100-kg","11":"pa_synergy-men-l2-180-196-cm-100-113-kg","13":"first","14":"instock","15":"shipping-taxable","16":"purchasable","17":"product-type-variable"},"_links":{"self":[{"href":"https:\/\/espacetriathlon.com\/fr\/wp-json\/wp\/v2\/product\/60659","targetHints":{"allow":["GET"]}}],"collection":[{"href":"https:\/\/espacetriathlon.com\/fr\/wp-json\/wp\/v2\/product"}],"about":[{"href":"https:\/\/espacetriathlon.com\/fr\/wp-json\/wp\/v2\/types\/product"}],"version-history":[{"count":0,"href":"https:\/\/espacetriathlon.com\/fr\/wp-json\/wp\/v2\/product\/60659\/revisions"}],"wp:featuredmedia":[{"embeddable":true,"href":"https:\/\/espacetriathlon.com\/fr\/wp-json\/wp\/v2\/media\/60654"}],"wp:attachment":[{"href":"https:\/\/espacetriathlon.com\/fr\/wp-json\/wp\/v2\/media?parent=60659"}],"wp:term":[{"taxonomy":"product_brand","embeddable":true,"href":"https:\/\/espacetriathlon.com\/fr\/wp-json\/wp\/v2\/product_brand?post=60659"},{"taxonomy":"product_cat","embeddable":true,"href":"https:\/\/espacetriathlon.com\/fr\/wp-json\/wp\/v2\/product_cat?post=60659"},{"taxonomy":"product_tag","embeddable":true,"href":"https:\/\/espacetriathlon.com\/fr\/wp-json\/wp\/v2\/product_tag?post=60659"}],"curies":[{"name":"wp","href":"https:\/\/api.w.org\/{rel}","templated":true}]}}