{"id":60691,"date":"2026-02-12T14:20:47","date_gmt":"2026-02-12T14:20:47","guid":{"rendered":"https:\/\/espacetriathlon.com\/product\/hyperion-fullsleeve-femmes\/"},"modified":"2026-02-12T14:20:47","modified_gmt":"2026-02-12T14:20:47","slug":"hyperion-fullsleeve-femmes","status":"publish","type":"product","link":"https:\/\/espacetriathlon.com\/fr\/product\/hyperion-fullsleeve-femmes\/","title":{"rendered":"Hyperion Fullsleeve Femmes"},"content":{"rendered":"","protected":false},"excerpt":{"rendered":"<div class=\"product__description rte quick-add-hidden\">\n<p>D\u00e9couvrez la nouvelle g\u00e9n\u00e9ration de combinaisons de triathlon avec l&#8217;<strong>Hyperion Elite<\/strong>. Con\u00e7ue avec une \u00e9paisseur de 3,2 mm pour une flexibilit\u00e9 in\u00e9gal\u00e9e, cette combinaison offre des performances de niveau \u00e9lite \u00e0 un prix d&#8217;entr\u00e9e de gamme. Une valeur globale incroyable.  <\/p>\n<p>Con\u00e7ue pour les athl\u00e8tes qui attendent des performances de haut niveau, la Hyperion Elite offre une flexibilit\u00e9 et un confort exceptionnels.<\/p>\n<p>Que vous traversiez l&#8217;eau libre ou que vous passiez \u00e0 la discipline suivante, l&#8217;Hyperion Elite vous permet de rester rapide, confortable et pr\u00eat \u00e0 conqu\u00e9rir. Am\u00e9liorez votre journ\u00e9e de course avec une combinaison con\u00e7ue pour red\u00e9finir la flexibilit\u00e9 et la performance. <\/p>\n<p>Snyergy<\/p>\n<\/div>\n","protected":false},"featured_media":60686,"template":"","meta":[],"product_brand":[],"product_cat":[306],"product_tag":[],"class_list":{"0":"post-60691","1":"product","2":"type-product","3":"status-publish","4":"has-post-thumbnail","6":"product_cat-wetsuit-neopren-fr","7":"pa_brand-synergy","8":"pa_synergy-women-p3-157-162-cm-52-59-kg","9":"pa_synergy-women-w1-160-175-cm-57-66-kg","10":"pa_synergy-women-w2-167-178-cm-64-73-kg","11":"pa_synergy-women-w3-168-183-cm-70-79-kg","13":"first","14":"instock","15":"shipping-taxable","16":"purchasable","17":"product-type-variable"},"_links":{"self":[{"href":"https:\/\/espacetriathlon.com\/fr\/wp-json\/wp\/v2\/product\/60691","targetHints":{"allow":["GET"]}}],"collection":[{"href":"https:\/\/espacetriathlon.com\/fr\/wp-json\/wp\/v2\/product"}],"about":[{"href":"https:\/\/espacetriathlon.com\/fr\/wp-json\/wp\/v2\/types\/product"}],"version-history":[{"count":0,"href":"https:\/\/espacetriathlon.com\/fr\/wp-json\/wp\/v2\/product\/60691\/revisions"}],"wp:featuredmedia":[{"embeddable":true,"href":"https:\/\/espacetriathlon.com\/fr\/wp-json\/wp\/v2\/media\/60686"}],"wp:attachment":[{"href":"https:\/\/espacetriathlon.com\/fr\/wp-json\/wp\/v2\/media?parent=60691"}],"wp:term":[{"taxonomy":"product_brand","embeddable":true,"href":"https:\/\/espacetriathlon.com\/fr\/wp-json\/wp\/v2\/product_brand?post=60691"},{"taxonomy":"product_cat","embeddable":true,"href":"https:\/\/espacetriathlon.com\/fr\/wp-json\/wp\/v2\/product_cat?post=60691"},{"taxonomy":"product_tag","embeddable":true,"href":"https:\/\/espacetriathlon.com\/fr\/wp-json\/wp\/v2\/product_tag?post=60691"}],"curies":[{"name":"wp","href":"https:\/\/api.w.org\/{rel}","templated":true}]}}