{"id":60776,"date":"2026-02-12T14:56:07","date_gmt":"2026-02-12T14:56:07","guid":{"rendered":"https:\/\/espacetriathlon.com\/product\/endorphin-fullsleeve-women\/"},"modified":"2026-02-12T15:01:11","modified_gmt":"2026-02-12T15:01:11","slug":"endorphin-fullsleeve-women","status":"publish","type":"product","link":"https:\/\/espacetriathlon.com\/fr\/product\/endorphin-fullsleeve-women\/","title":{"rendered":"Endorphin Fullsleeve Femmes"},"content":{"rendered":"","protected":false},"excerpt":{"rendered":"<p>La combinaison de triathlon Synergy Endorphin Thermal Fullsleeve est une combinaison \u00e0 manches compl\u00e8tes tr\u00e8s performante qui vous offre flexibilit\u00e9, flottabilit\u00e9 et vitesse \u00e0 un prix exceptionnel. Con\u00e7ue et fabriqu\u00e9e pour un \u00e9quilibre optimal entre flottabilit\u00e9 et flexibilit\u00e9, elle est parfaite pour tous les niveaux d&#8217;aptitude, que ce soit pour les comp\u00e9titions de triathlon ou pour la natation de loisir en eau libre. <\/p>\n","protected":false},"featured_media":60772,"template":"","meta":[],"product_brand":[],"product_cat":[306],"product_tag":[],"class_list":{"0":"post-60776","1":"product","2":"type-product","3":"status-publish","4":"has-post-thumbnail","6":"product_cat-wetsuit-neopren-fr","7":"pa_brand-synergy","8":"pa_synergy-women-p3-157-162-cm-52-59-kg","9":"pa_synergy-women-w1-160-175-cm-57-66-kg","10":"pa_synergy-women-w2-167-178-cm-64-73-kg","12":"first","13":"instock","14":"shipping-taxable","15":"purchasable","16":"product-type-variable"},"_links":{"self":[{"href":"https:\/\/espacetriathlon.com\/fr\/wp-json\/wp\/v2\/product\/60776","targetHints":{"allow":["GET"]}}],"collection":[{"href":"https:\/\/espacetriathlon.com\/fr\/wp-json\/wp\/v2\/product"}],"about":[{"href":"https:\/\/espacetriathlon.com\/fr\/wp-json\/wp\/v2\/types\/product"}],"version-history":[{"count":1,"href":"https:\/\/espacetriathlon.com\/fr\/wp-json\/wp\/v2\/product\/60776\/revisions"}],"predecessor-version":[{"id":60789,"href":"https:\/\/espacetriathlon.com\/fr\/wp-json\/wp\/v2\/product\/60776\/revisions\/60789"}],"wp:featuredmedia":[{"embeddable":true,"href":"https:\/\/espacetriathlon.com\/fr\/wp-json\/wp\/v2\/media\/60772"}],"wp:attachment":[{"href":"https:\/\/espacetriathlon.com\/fr\/wp-json\/wp\/v2\/media?parent=60776"}],"wp:term":[{"taxonomy":"product_brand","embeddable":true,"href":"https:\/\/espacetriathlon.com\/fr\/wp-json\/wp\/v2\/product_brand?post=60776"},{"taxonomy":"product_cat","embeddable":true,"href":"https:\/\/espacetriathlon.com\/fr\/wp-json\/wp\/v2\/product_cat?post=60776"},{"taxonomy":"product_tag","embeddable":true,"href":"https:\/\/espacetriathlon.com\/fr\/wp-json\/wp\/v2\/product_tag?post=60776"}],"curies":[{"name":"wp","href":"https:\/\/api.w.org\/{rel}","templated":true}]}}