{"id":60853,"date":"2026-02-12T15:19:38","date_gmt":"2026-02-12T15:19:38","guid":{"rendered":"https:\/\/espacetriathlon.com\/product\/adrenaline-fullsleeve-femmes\/"},"modified":"2026-02-12T15:19:38","modified_gmt":"2026-02-12T15:19:38","slug":"adrenaline-fullsleeve-femmes","status":"publish","type":"product","link":"https:\/\/espacetriathlon.com\/fr\/product\/adrenaline-fullsleeve-femmes\/","title":{"rendered":"Adrenaline Fullsleeve Femmes"},"content":{"rendered":"","protected":false},"excerpt":{"rendered":"<p>Cette combinaison a \u00e9t\u00e9 d\u00e9velopp\u00e9e \u00e0 l&#8217;origine pour la championne du monde Emma Cummerford. Emma avait besoin d&#8217;une combinaison incroyablement flexible parce qu&#8217;elle s&#8217;\u00e9tait bless\u00e9e \u00e0 l&#8217;\u00e9paule. L&#8217;Adrenaline est extr\u00eamement flexible et a un \u00e9quilibre optimal. Ce mod\u00e8le est consid\u00e9r\u00e9 comme l&#8217;une des meilleures combinaisons du march\u00e9 car elle poss\u00e8de toutes les caract\u00e9ristiques de la Synergy Fullsleeve Hybrid sans le n\u00e9opr\u00e8ne Aerodome !   <\/p>\n","protected":false},"featured_media":60846,"template":"","meta":[],"product_brand":[],"product_cat":[306],"product_tag":[],"class_list":{"0":"post-60853","1":"product","2":"type-product","3":"status-publish","4":"has-post-thumbnail","6":"product_cat-wetsuit-neopren-fr","7":"pa_brand-synergy","8":"pa_synergy-women-p3-157-162-cm-52-59-kg","9":"pa_synergy-women-w1-160-175-cm-57-66-kg","10":"pa_synergy-women-w2-167-178-cm-64-73-kg","12":"first","13":"instock","14":"shipping-taxable","15":"purchasable","16":"product-type-variable"},"_links":{"self":[{"href":"https:\/\/espacetriathlon.com\/fr\/wp-json\/wp\/v2\/product\/60853","targetHints":{"allow":["GET"]}}],"collection":[{"href":"https:\/\/espacetriathlon.com\/fr\/wp-json\/wp\/v2\/product"}],"about":[{"href":"https:\/\/espacetriathlon.com\/fr\/wp-json\/wp\/v2\/types\/product"}],"version-history":[{"count":0,"href":"https:\/\/espacetriathlon.com\/fr\/wp-json\/wp\/v2\/product\/60853\/revisions"}],"wp:featuredmedia":[{"embeddable":true,"href":"https:\/\/espacetriathlon.com\/fr\/wp-json\/wp\/v2\/media\/60846"}],"wp:attachment":[{"href":"https:\/\/espacetriathlon.com\/fr\/wp-json\/wp\/v2\/media?parent=60853"}],"wp:term":[{"taxonomy":"product_brand","embeddable":true,"href":"https:\/\/espacetriathlon.com\/fr\/wp-json\/wp\/v2\/product_brand?post=60853"},{"taxonomy":"product_cat","embeddable":true,"href":"https:\/\/espacetriathlon.com\/fr\/wp-json\/wp\/v2\/product_cat?post=60853"},{"taxonomy":"product_tag","embeddable":true,"href":"https:\/\/espacetriathlon.com\/fr\/wp-json\/wp\/v2\/product_tag?post=60853"}],"curies":[{"name":"wp","href":"https:\/\/api.w.org\/{rel}","templated":true}]}}