{"id":60888,"date":"2026-02-12T15:48:30","date_gmt":"2026-02-12T15:48:30","guid":{"rendered":"https:\/\/espacetriathlon.com\/product\/adrenaline-fullsleeve-hommes\/"},"modified":"2026-02-12T15:48:30","modified_gmt":"2026-02-12T15:48:30","slug":"adrenaline-fullsleeve-hommes","status":"publish","type":"product","link":"https:\/\/espacetriathlon.com\/fr\/product\/adrenaline-fullsleeve-hommes\/","title":{"rendered":"Adrenaline Fullsleeve Hommes"},"content":{"rendered":"","protected":false},"excerpt":{"rendered":"<p>Cette combinaison de triathlon a \u00e9t\u00e9 d\u00e9velopp\u00e9e \u00e0 l&#8217;origine pour la championne du monde Emma Comerford. Emma avait besoin d&#8217;une combinaison incroyablement flexible parce qu&#8217;elle s&#8217;\u00e9tait bless\u00e9e \u00e0 l&#8217;\u00e9paule. L&#8217;Adrenaline est extr\u00eamement flexible et a un \u00e9quilibre optimal. Ce mod\u00e8le est consid\u00e9r\u00e9 comme l&#8217;une des meilleures combinaisons sur le march\u00e9 car elle poss\u00e8de toutes les caract\u00e9ristiques de la Synergy Fullsleeve Hybrid sans le n\u00e9opr\u00e8ne Aerodome !   <\/p>\n","protected":false},"featured_media":60883,"template":"","meta":[],"product_brand":[],"product_cat":[306],"product_tag":[],"class_list":{"0":"post-60888","1":"product","2":"type-product","3":"status-publish","4":"has-post-thumbnail","6":"product_cat-wetsuit-neopren-fr","7":"pa_brand-synergy","8":"pa_synergy-men-m1-173-185-cm-70-77-kg","9":"pa_synergy-men-m2-175-187-cm-75-84-kg","10":"pa_synergy-men-m3-175-190-cm-81-88-kg","11":"pa_synergy-men-l1-175-193-cm-88-100-kg","13":"first","14":"instock","15":"shipping-taxable","16":"purchasable","17":"product-type-variable"},"_links":{"self":[{"href":"https:\/\/espacetriathlon.com\/fr\/wp-json\/wp\/v2\/product\/60888","targetHints":{"allow":["GET"]}}],"collection":[{"href":"https:\/\/espacetriathlon.com\/fr\/wp-json\/wp\/v2\/product"}],"about":[{"href":"https:\/\/espacetriathlon.com\/fr\/wp-json\/wp\/v2\/types\/product"}],"version-history":[{"count":0,"href":"https:\/\/espacetriathlon.com\/fr\/wp-json\/wp\/v2\/product\/60888\/revisions"}],"wp:featuredmedia":[{"embeddable":true,"href":"https:\/\/espacetriathlon.com\/fr\/wp-json\/wp\/v2\/media\/60883"}],"wp:attachment":[{"href":"https:\/\/espacetriathlon.com\/fr\/wp-json\/wp\/v2\/media?parent=60888"}],"wp:term":[{"taxonomy":"product_brand","embeddable":true,"href":"https:\/\/espacetriathlon.com\/fr\/wp-json\/wp\/v2\/product_brand?post=60888"},{"taxonomy":"product_cat","embeddable":true,"href":"https:\/\/espacetriathlon.com\/fr\/wp-json\/wp\/v2\/product_cat?post=60888"},{"taxonomy":"product_tag","embeddable":true,"href":"https:\/\/espacetriathlon.com\/fr\/wp-json\/wp\/v2\/product_tag?post=60888"}],"curies":[{"name":"wp","href":"https:\/\/api.w.org\/{rel}","templated":true}]}}