{"id":60930,"date":"2026-02-12T15:57:55","date_gmt":"2026-02-12T15:57:55","guid":{"rendered":"https:\/\/espacetriathlon.com\/product\/hybrid-efx4-hommes\/"},"modified":"2026-02-12T15:57:55","modified_gmt":"2026-02-12T15:57:55","slug":"hybrid-efx4-hommes","status":"publish","type":"product","link":"https:\/\/espacetriathlon.com\/fr\/product\/hybrid-efx4-hommes\/","title":{"rendered":"Hybrid EFX4 Hommes"},"content":{"rendered":"<p>&#8211; Velcro ajustable<\/p>\n<p>&#8211; Combinaison la plus souple du march\u00e9 (680%)<\/p>\n<p>&#8211; Coutures coll\u00e9es chimiquement<\/p>\n<p>&#8211; Aerodrome (excellente flottabilit\u00e9)<\/p>\n","protected":false},"excerpt":{"rendered":"<p>La Synergy Hybrid vous va comme un gant et se comporte comme une championne. Extr\u00eamement flottante et flexible avec une traction Powermax qui vous propulse vers votre plein potentiel. La construction anatomique offre un soutien l\u00e0 o\u00f9 c&#8217;est n\u00e9cessaire et vous permet de rester \u00e0 l&#8217;aise au plus haut niveau de performance.  <\/p>\n","protected":false},"featured_media":60909,"template":"","meta":[],"product_brand":[],"product_cat":[306],"product_tag":[],"class_list":{"0":"post-60930","1":"product","2":"type-product","3":"status-publish","4":"has-post-thumbnail","6":"product_cat-wetsuit-neopren-fr","7":"pa_brand-synergy","8":"pa_synergy-men-m2-175-187-cm-75-84-kg","9":"pa_synergy-men-m3-175-190-cm-81-88-kg","10":"pa_synergy-men-l1-175-193-cm-88-100-kg","12":"first","13":"instock","14":"shipping-taxable","15":"purchasable","16":"product-type-variable"},"_links":{"self":[{"href":"https:\/\/espacetriathlon.com\/fr\/wp-json\/wp\/v2\/product\/60930","targetHints":{"allow":["GET"]}}],"collection":[{"href":"https:\/\/espacetriathlon.com\/fr\/wp-json\/wp\/v2\/product"}],"about":[{"href":"https:\/\/espacetriathlon.com\/fr\/wp-json\/wp\/v2\/types\/product"}],"version-history":[{"count":0,"href":"https:\/\/espacetriathlon.com\/fr\/wp-json\/wp\/v2\/product\/60930\/revisions"}],"wp:featuredmedia":[{"embeddable":true,"href":"https:\/\/espacetriathlon.com\/fr\/wp-json\/wp\/v2\/media\/60909"}],"wp:attachment":[{"href":"https:\/\/espacetriathlon.com\/fr\/wp-json\/wp\/v2\/media?parent=60930"}],"wp:term":[{"taxonomy":"product_brand","embeddable":true,"href":"https:\/\/espacetriathlon.com\/fr\/wp-json\/wp\/v2\/product_brand?post=60930"},{"taxonomy":"product_cat","embeddable":true,"href":"https:\/\/espacetriathlon.com\/fr\/wp-json\/wp\/v2\/product_cat?post=60930"},{"taxonomy":"product_tag","embeddable":true,"href":"https:\/\/espacetriathlon.com\/fr\/wp-json\/wp\/v2\/product_tag?post=60930"}],"curies":[{"name":"wp","href":"https:\/\/api.w.org\/{rel}","templated":true}]}}