{"id":6104,"date":"2021-03-10T14:34:45","date_gmt":"2021-03-10T14:34:45","guid":{"rendered":"https:\/\/espacetriathlon.com\/product\/flat-paddle\/"},"modified":"2024-07-12T11:56:52","modified_gmt":"2024-07-12T11:56:52","slug":"flat-paddle","status":"publish","type":"product","link":"https:\/\/espacetriathlon.com\/fr\/product\/flat-paddle\/","title":{"rendered":"Flexi Paddle"},"content":{"rendered":"<p>MATERIALS 90% Polypropylene 10% Silicone<\/p>\n","protected":false},"excerpt":{"rendered":"<p>Si vous n\u2019avez pas une technique de brasse parfaite, mais que vous voulez accro\u00eetre votre force, ces plaquettes faciliteront votre entra\u00eenement gr\u00e2ce \u00e0 leur forme plus fine en haut. Ergonomiques, elles s\u2019ajustent parfaitement \u00e0 la paume de vos mains.<\/p>\n","protected":false},"featured_media":49506,"template":"","meta":[],"product_brand":[],"product_cat":[285],"product_tag":[],"class_list":{"0":"post-6104","1":"product","2":"type-product","3":"status-publish","4":"has-post-thumbnail","6":"product_cat-paddles-fr","7":"pa_brand-orca","8":"pa_size_cap-s-m-fr","9":"pa_size_cap-l-xl-fr","11":"first","12":"instock","13":"shipping-taxable","14":"purchasable","15":"product-type-simple"},"_links":{"self":[{"href":"https:\/\/espacetriathlon.com\/fr\/wp-json\/wp\/v2\/product\/6104","targetHints":{"allow":["GET"]}}],"collection":[{"href":"https:\/\/espacetriathlon.com\/fr\/wp-json\/wp\/v2\/product"}],"about":[{"href":"https:\/\/espacetriathlon.com\/fr\/wp-json\/wp\/v2\/types\/product"}],"version-history":[{"count":2,"href":"https:\/\/espacetriathlon.com\/fr\/wp-json\/wp\/v2\/product\/6104\/revisions"}],"predecessor-version":[{"id":36377,"href":"https:\/\/espacetriathlon.com\/fr\/wp-json\/wp\/v2\/product\/6104\/revisions\/36377"}],"wp:featuredmedia":[{"embeddable":true,"href":"https:\/\/espacetriathlon.com\/fr\/wp-json\/wp\/v2\/media\/49506"}],"wp:attachment":[{"href":"https:\/\/espacetriathlon.com\/fr\/wp-json\/wp\/v2\/media?parent=6104"}],"wp:term":[{"taxonomy":"product_brand","embeddable":true,"href":"https:\/\/espacetriathlon.com\/fr\/wp-json\/wp\/v2\/product_brand?post=6104"},{"taxonomy":"product_cat","embeddable":true,"href":"https:\/\/espacetriathlon.com\/fr\/wp-json\/wp\/v2\/product_cat?post=6104"},{"taxonomy":"product_tag","embeddable":true,"href":"https:\/\/espacetriathlon.com\/fr\/wp-json\/wp\/v2\/product_tag?post=6104"}],"curies":[{"name":"wp","href":"https:\/\/api.w.org\/{rel}","templated":true}]}}