{"id":61331,"date":"2026-02-20T11:50:50","date_gmt":"2026-02-20T11:50:50","guid":{"rendered":"https:\/\/espacetriathlon.com\/product\/apex-viper-femmes\/"},"modified":"2026-02-20T11:50:50","modified_gmt":"2026-02-20T11:50:50","slug":"apex-viper-femmes","status":"publish","type":"product","link":"https:\/\/espacetriathlon.com\/fr\/product\/apex-viper-femmes\/","title":{"rendered":"Apex Viper Femmes"},"content":{"rendered":"","protected":false},"excerpt":{"rendered":"<p>Maillot de bain de comp\u00e9tition d&#8217;entr\u00e9e de gamme<\/p>\n<p>Sp\u00e9cialement con\u00e7ue pour vous faire d\u00e9couvrir un nouveau niveau de performance, la Viper, approuv\u00e9e par World Aquatics, offre une coupe ferme qui facilite les mouvements dans l&#8217;eau.<\/p>\n<ul>\n<li>Le tissu tricot\u00e9 en cha\u00eene \u00e9pouse les formes de votre corps et aide \u00e0 r\u00e9duire la fatigue musculaire gr\u00e2ce \u00e0 une compression de niveau moyen.<\/li>\n<li>Associ\u00e9e \u00e0 une finition d\u00e9perlante, cette combinaison vous permettra d&#8217;atteindre le niveau suivant et m\u00eame au-del\u00e0.<\/li>\n<li>Les caract\u00e9ristiques comprennent : Coutures Flatlock pour le confort, cordon de serrage int\u00e9gr\u00e9, doublure compressive, bande de serrage \u00e0 la taille et \u00e0 l&#8217;ouverture des jambes pour un ajustement s\u00fbr et confortable.<\/li>\n<\/ul>\n<p>Approbation de World Aquatics<\/p>\n<p>Funkita \/ Dos ouvert<\/p>\n<p>V\u00e9rifiez les photos pour d\u00e9terminer votre taille<\/p>\n","protected":false},"featured_media":61326,"template":"","meta":[],"product_brand":[],"product_cat":[837],"product_tag":[],"class_list":{"0":"post-61331","1":"product","2":"type-product","3":"status-publish","4":"has-post-thumbnail","6":"product_cat-maillots-competition","7":"product_shipping_class-petitarticle-fr","8":"pa_brand-funkita","10":"first","11":"instock","12":"shipping-taxable","13":"purchasable","14":"product-type-variable"},"_links":{"self":[{"href":"https:\/\/espacetriathlon.com\/fr\/wp-json\/wp\/v2\/product\/61331","targetHints":{"allow":["GET"]}}],"collection":[{"href":"https:\/\/espacetriathlon.com\/fr\/wp-json\/wp\/v2\/product"}],"about":[{"href":"https:\/\/espacetriathlon.com\/fr\/wp-json\/wp\/v2\/types\/product"}],"version-history":[{"count":0,"href":"https:\/\/espacetriathlon.com\/fr\/wp-json\/wp\/v2\/product\/61331\/revisions"}],"wp:featuredmedia":[{"embeddable":true,"href":"https:\/\/espacetriathlon.com\/fr\/wp-json\/wp\/v2\/media\/61326"}],"wp:attachment":[{"href":"https:\/\/espacetriathlon.com\/fr\/wp-json\/wp\/v2\/media?parent=61331"}],"wp:term":[{"taxonomy":"product_brand","embeddable":true,"href":"https:\/\/espacetriathlon.com\/fr\/wp-json\/wp\/v2\/product_brand?post=61331"},{"taxonomy":"product_cat","embeddable":true,"href":"https:\/\/espacetriathlon.com\/fr\/wp-json\/wp\/v2\/product_cat?post=61331"},{"taxonomy":"product_tag","embeddable":true,"href":"https:\/\/espacetriathlon.com\/fr\/wp-json\/wp\/v2\/product_tag?post=61331"}],"curies":[{"name":"wp","href":"https:\/\/api.w.org\/{rel}","templated":true}]}}