{"id":61558,"date":"2026-02-21T14:32:19","date_gmt":"2026-02-21T14:32:19","guid":{"rendered":"https:\/\/espacetriathlon.com\/product\/buoyancy-short\/"},"modified":"2026-02-21T14:32:19","modified_gmt":"2026-02-21T14:32:19","slug":"buoyancy-short","status":"publish","type":"product","link":"https:\/\/espacetriathlon.com\/fr\/product\/buoyancy-short\/","title":{"rendered":"Buoyancy Short"},"content":{"rendered":"<h3>Flottabilit\u00e9 accrue<\/h3>\n<p>Ce short d&#8217;une \u00e9paisseur de 4 mm est dot\u00e9 de panneaux Aerodome qui augmentent la flottabilit\u00e9 du nageur de 30 %.<\/p>\n<h3>Flexibility<\/h3>\n<p>The side panels provide needed flexibility to help you with rotation and provide freedom of movement.<\/p>\n<h3>Comfort<\/h3>\n<p>The adjustable waist allows you to adjust these shorts to a perfect fit.<\/p>\n","protected":false},"excerpt":{"rendered":"<p>The new Neoprene Shorts provide even more buoyancy than previous versions, thanks to the new Aerodome panels. The accessory you need to achieve proper positioning in the water and improve your swimming technique.<\/p>\n","protected":false},"featured_media":61552,"template":"","meta":[],"product_brand":[],"product_cat":[1711,270],"product_tag":[],"class_list":{"0":"post-61558","1":"product","2":"type-product","3":"status-publish","4":"has-post-thumbnail","6":"product_cat-accessories-tri-3","7":"product_cat-openwater-fr","8":"pa_brand-orca","9":"pa_size-s-fr","10":"pa_size-m-fr","11":"pa_size-l-fr","12":"pa_size-xl-fr","13":"pa_size-xxl-fr","15":"first","16":"instock","17":"shipping-taxable","18":"purchasable","19":"product-type-variable"},"_links":{"self":[{"href":"https:\/\/espacetriathlon.com\/fr\/wp-json\/wp\/v2\/product\/61558","targetHints":{"allow":["GET"]}}],"collection":[{"href":"https:\/\/espacetriathlon.com\/fr\/wp-json\/wp\/v2\/product"}],"about":[{"href":"https:\/\/espacetriathlon.com\/fr\/wp-json\/wp\/v2\/types\/product"}],"version-history":[{"count":0,"href":"https:\/\/espacetriathlon.com\/fr\/wp-json\/wp\/v2\/product\/61558\/revisions"}],"wp:featuredmedia":[{"embeddable":true,"href":"https:\/\/espacetriathlon.com\/fr\/wp-json\/wp\/v2\/media\/61552"}],"wp:attachment":[{"href":"https:\/\/espacetriathlon.com\/fr\/wp-json\/wp\/v2\/media?parent=61558"}],"wp:term":[{"taxonomy":"product_brand","embeddable":true,"href":"https:\/\/espacetriathlon.com\/fr\/wp-json\/wp\/v2\/product_brand?post=61558"},{"taxonomy":"product_cat","embeddable":true,"href":"https:\/\/espacetriathlon.com\/fr\/wp-json\/wp\/v2\/product_cat?post=61558"},{"taxonomy":"product_tag","embeddable":true,"href":"https:\/\/espacetriathlon.com\/fr\/wp-json\/wp\/v2\/product_tag?post=61558"}],"curies":[{"name":"wp","href":"https:\/\/api.w.org\/{rel}","templated":true}]}}