{"id":61634,"date":"2026-02-23T08:57:47","date_gmt":"2026-02-23T08:57:47","guid":{"rendered":"https:\/\/espacetriathlon.com\/product\/athlex-aero-race-suit-v2-green-print-men\/"},"modified":"2026-02-23T08:57:47","modified_gmt":"2026-02-23T08:57:47","slug":"athlex-aero-race-suit-v2-green-print-men","status":"publish","type":"product","link":"https:\/\/espacetriathlon.com\/fr\/product\/athlex-aero-race-suit-v2-green-print-men\/","title":{"rendered":"Athlex Aero Race Suit V2 Green Print Men"},"content":{"rendered":"<h3>A\u00e9ro<\/h3>\n<p>Le tissu des \u00e9paules, des manches et du dos a une texture sp\u00e9cifique con\u00e7ue pour am\u00e9liorer l&#8217;a\u00e9rodynamisme. De plus, les tissus hautement \u00e9lastiques incorpor\u00e9s dans la combinaison s&#8217;adaptent parfaitement \u00e0 votre corps, vous permettant d&#8217;effectuer votre nage sans aucune restriction. <\/p>\n<h3>Vapour Cool<\/h3>\n<p>Cette technologie \u00e0 base de nanocristaux aide \u00e0 refroidir le corps du sportif en acc\u00e9l\u00e9rant l&#8217;\u00e9vaporation de la sueur. Elle offre en outre une bonne compression sans affecter la flexibilit\u00e9 de la combinaison, ce qui garantit un ajustement parfait. <\/p>\n<h3>Tapis de v\u00e9lo Tri-Tech<\/h3>\n<p>Le coussin de cyclisme italien Tri-Tech de 4 mm avec une densit\u00e9 de 120 kg\/m3 vous offre un plus grand confort sur votre v\u00e9lo et s\u00e8che rapidement.<\/p>\n<h3>Stockage<\/h3>\n<p>Les deux poches arri\u00e8re offrent suffisamment d&#8217;espace pour stocker le carburant nutritionnel dont vous avez besoin pendant un triathlon.<\/p>\n","protected":false},"excerpt":{"rendered":"<p>L&#8217;Athlex Aerosuit V2 a \u00e9t\u00e9 con\u00e7ue dans le but d&#8217;am\u00e9liorer l&#8217;a\u00e9rodynamisme et les performances sportives des triathl\u00e8tes. D&#8217;une part, le tissu a\u00e9rodynamique au niveau des \u00e9paules, des bras et du dos a permis de r\u00e9duire consid\u00e9rablement les frottements avec l&#8217;air lors de nombreux tests, et l&#8217;utilisation de tissus hautement \u00e9lastiques vous permet d&#8217;effectuer votre course en toute libert\u00e9, sans aucune restriction.<br \/>\nD&#8217;autre part, la technologie Vapour Cool int\u00e9gr\u00e9e \u00e0 la combinaison permet d&#8217;\u00e9vacuer plus efficacement la chaleur et l&#8217;humidit\u00e9, ce qui maintient votre temp\u00e9rature corporelle \u00e0 un niveau bas pendant toute la dur\u00e9e du triathlon et vous permet d&#8217;avoir plus d&#8217;\u00e9nergie lorsque vous arrivez \u00e0 l&#8217;\u00e9tape cruciale de la course. De plus, cette nouvelle version de l&#8217;Athlex Aerosuit est dot\u00e9e de tissus qui \u00e9vacuent encore plus efficacement la chaleur corporelle de chaque c\u00f4t\u00e9 du torse.<br \/>\nPlus, le coussin cycliste italien Tri-Tech de 4 mm d&#8217;\u00e9paisseur et d&#8217;une densit\u00e9 de 120 kg\/m3 vous apporte le confort dont vous avez besoin pendant la phase de cyclisme et, gr\u00e2ce \u00e0 son design ergonomique, vous ne le remarquerez pas pendant la course \u00e0 pied.  <\/p>\n","protected":false},"featured_media":61629,"template":"","meta":[],"product_brand":[],"product_cat":[1703],"product_tag":[],"class_list":{"0":"post-61634","1":"product","2":"type-product","3":"status-publish","4":"has-post-thumbnail","6":"product_cat-gear-fr","7":"pa_brand-orca","8":"pa_size-s-fr","9":"pa_size-m-fr","10":"pa_size-l-fr","11":"pa_size-xl-fr","12":"pa_size-xxl-fr","14":"first","15":"instock","16":"shipping-taxable","17":"purchasable","18":"product-type-variable"},"_links":{"self":[{"href":"https:\/\/espacetriathlon.com\/fr\/wp-json\/wp\/v2\/product\/61634","targetHints":{"allow":["GET"]}}],"collection":[{"href":"https:\/\/espacetriathlon.com\/fr\/wp-json\/wp\/v2\/product"}],"about":[{"href":"https:\/\/espacetriathlon.com\/fr\/wp-json\/wp\/v2\/types\/product"}],"version-history":[{"count":0,"href":"https:\/\/espacetriathlon.com\/fr\/wp-json\/wp\/v2\/product\/61634\/revisions"}],"wp:featuredmedia":[{"embeddable":true,"href":"https:\/\/espacetriathlon.com\/fr\/wp-json\/wp\/v2\/media\/61629"}],"wp:attachment":[{"href":"https:\/\/espacetriathlon.com\/fr\/wp-json\/wp\/v2\/media?parent=61634"}],"wp:term":[{"taxonomy":"product_brand","embeddable":true,"href":"https:\/\/espacetriathlon.com\/fr\/wp-json\/wp\/v2\/product_brand?post=61634"},{"taxonomy":"product_cat","embeddable":true,"href":"https:\/\/espacetriathlon.com\/fr\/wp-json\/wp\/v2\/product_cat?post=61634"},{"taxonomy":"product_tag","embeddable":true,"href":"https:\/\/espacetriathlon.com\/fr\/wp-json\/wp\/v2\/product_tag?post=61634"}],"curies":[{"name":"wp","href":"https:\/\/api.w.org\/{rel}","templated":true}]}}