{"id":61712,"date":"2026-02-23T09:52:56","date_gmt":"2026-02-23T09:52:56","guid":{"rendered":"https:\/\/espacetriathlon.com\/product\/athlex-tri-pant-v2\/"},"modified":"2026-02-23T09:52:56","modified_gmt":"2026-02-23T09:52:56","slug":"athlex-tri-pant-v2","status":"publish","type":"product","link":"https:\/\/espacetriathlon.com\/fr\/product\/athlex-tri-pant-v2\/","title":{"rendered":"Athlex Tri Pant v2"},"content":{"rendered":"<h3>Vapour Cool<\/h3>\n<p>Cette technologie \u00e0 base de nanocristaux aide \u00e0 refroidir le corps de l&#8217;athl\u00e8te en acc\u00e9l\u00e9rant l&#8217;\u00e9vaporation de la sueur. Elle offre en outre une bonne compression sans affecter la flexibilit\u00e9 de la combinaison, ce qui garantit un ajustement parfait. <\/p>\n<h3>Tapis de v\u00e9lo Tri-Tech<\/h3>\n<p>Le coussin de cyclisme italien Tri-Tech de 4 mm avec une densit\u00e9 de 120 kg\/m3 vous offre un plus grand confort sur votre v\u00e9lo et s\u00e8che rapidement.<\/p>\n<h3>Stockage<\/h3>\n<p>Les deux poches arri\u00e8re offrent suffisamment d&#8217;espace pour stocker le carburant nutritionnel dont vous avez besoin pendant un triathlon.<\/p>\n","protected":false},"excerpt":{"rendered":"<p>L&#8217;Athlex Tri Pant V2 a \u00e9t\u00e9 con\u00e7u dans le but d&#8217;am\u00e9liorer les performances sportives des triathl\u00e8tes. D&#8217;une part, la technologie Vapour Cool utilis\u00e9e dans ce produit aide \u00e0 \u00e9vacuer la chaleur et l&#8217;humidit\u00e9 plus efficacement, en maintenant votre temp\u00e9rature corporelle basse pendant toute la dur\u00e9e du triathlon, afin que vous ayez plus d&#8217;\u00e9nergie lorsque vous atteignez l&#8217;\u00e9tape cruciale de la course. D&#8217;autre part, le coussin cycliste italien Tri-Tech de 4 mm avec une densit\u00e9 de 120 kg\/m3 vous offre le confort dont vous avez besoin pendant la phase de cyclisme et, gr\u00e2ce \u00e0 son design ergonomique, vous ne le remarquerez pas pendant la course \u00e0 pied. De plus, ce produit est dot\u00e9 de poches arri\u00e8re o\u00f9 vous pouvez ranger tout ce dont vous avez besoin pendant votre course.   <\/p>\n","protected":false},"featured_media":61661,"template":"","meta":[],"product_brand":[],"product_cat":[1703],"product_tag":[],"class_list":{"0":"post-61712","1":"product","2":"type-product","3":"status-publish","4":"has-post-thumbnail","6":"product_cat-gear-fr","7":"pa_brand-orca","8":"pa_size-s-fr","9":"pa_size-m-fr","10":"pa_size-l-fr","11":"pa_size-xl-fr","12":"pa_size-xxl-fr","14":"first","15":"instock","16":"shipping-taxable","17":"purchasable","18":"product-type-variable"},"_links":{"self":[{"href":"https:\/\/espacetriathlon.com\/fr\/wp-json\/wp\/v2\/product\/61712","targetHints":{"allow":["GET"]}}],"collection":[{"href":"https:\/\/espacetriathlon.com\/fr\/wp-json\/wp\/v2\/product"}],"about":[{"href":"https:\/\/espacetriathlon.com\/fr\/wp-json\/wp\/v2\/types\/product"}],"version-history":[{"count":0,"href":"https:\/\/espacetriathlon.com\/fr\/wp-json\/wp\/v2\/product\/61712\/revisions"}],"wp:featuredmedia":[{"embeddable":true,"href":"https:\/\/espacetriathlon.com\/fr\/wp-json\/wp\/v2\/media\/61661"}],"wp:attachment":[{"href":"https:\/\/espacetriathlon.com\/fr\/wp-json\/wp\/v2\/media?parent=61712"}],"wp:term":[{"taxonomy":"product_brand","embeddable":true,"href":"https:\/\/espacetriathlon.com\/fr\/wp-json\/wp\/v2\/product_brand?post=61712"},{"taxonomy":"product_cat","embeddable":true,"href":"https:\/\/espacetriathlon.com\/fr\/wp-json\/wp\/v2\/product_cat?post=61712"},{"taxonomy":"product_tag","embeddable":true,"href":"https:\/\/espacetriathlon.com\/fr\/wp-json\/wp\/v2\/product_tag?post=61712"}],"curies":[{"name":"wp","href":"https:\/\/api.w.org\/{rel}","templated":true}]}}