{"id":61731,"date":"2026-02-24T07:44:28","date_gmt":"2026-02-24T07:44:28","guid":{"rendered":"https:\/\/espacetriathlon.com\/product\/athlex-aero-race-suit-v2-white-women\/"},"modified":"2026-02-24T07:49:22","modified_gmt":"2026-02-24T07:49:22","slug":"athlex-aero-race-suit-v2-white-women","status":"publish","type":"product","link":"https:\/\/espacetriathlon.com\/fr\/product\/athlex-aero-race-suit-v2-white-women\/","title":{"rendered":"Athlex Aero Race Suit V2 White Women"},"content":{"rendered":"<p>&#8220;<\/p>\n<h3>Aero<\/h3>\n<p>Le tissu utilis\u00e9 au niveau des \u00e9paules, des manches et du dos pr\u00e9sente une texture sp\u00e9cialement con\u00e7ue pour optimiser l\u2019a\u00e9rodynamisme. De plus, les mat\u00e9riaux hautement extensibles permettent \u00e0 la combinaison de s\u2019ajuster parfaitement au corps, offrant une libert\u00e9 totale de mouvement lors de la nage.<\/p>\n<h3>Vapour cool<\/h3>\n<p>Bas\u00e9e sur l\u2019action des nanocristaux, cette technologie favorise le refroidissement du corps de l&#8217;athl\u00e8te en facilitant l&#8217;\u00e9vaporation rapide de la sueur. Il offre \u00e9galement une bonne compression sans compromettre la flexibilit\u00e9 du v\u00eatement, assurant ainsi une coupe parfaitement ajust\u00e9e.<\/p>\n<h3>Chamois Tri-tech<\/h3>\n<p>Le chamois italien Tri-Tech de 4 mm et d&#8217;une densit\u00e9 de 120 kgs\/m3 offre le plus grand confort sur le v\u00e9lo et s\u00e8che rapidement.<\/p>\n<h3>Rangement<\/h3>\n<p>Les deux poches arri\u00e8re vous offrent l&#8217;espace n\u00e9cessaire pour ranger les \u00e9l\u00e9ments de nutrition dont vous aurez besoin pendant la course.<\/p>\n<p>&#8221;<\/p>\n","protected":false},"excerpt":{"rendered":"<p>L&#8217;Athlex Aerosuit V2 a \u00e9t\u00e9 con\u00e7ue dans le but d&#8217;am\u00e9liorer l&#8217;a\u00e9rodynamisme et les performances sportives des triathl\u00e8tes. D&#8217;une part, le tissu a\u00e9rodynamique au niveau des \u00e9paules, des bras et du dos a permis de r\u00e9duire consid\u00e9rablement les frottements avec l&#8217;air lors de nombreux tests, et l&#8217;utilisation de tissus hautement \u00e9lastiques vous permet d&#8217;effectuer votre course en toute libert\u00e9, sans aucune restriction.<br \/>\nD&#8217;autre part, la technologie Vapour Cool int\u00e9gr\u00e9e \u00e0 la combinaison permet d&#8217;\u00e9vacuer plus efficacement la chaleur et l&#8217;humidit\u00e9, ce qui maintient votre temp\u00e9rature corporelle \u00e0 un niveau bas pendant toute la dur\u00e9e du triathlon et vous permet d&#8217;avoir plus d&#8217;\u00e9nergie lorsque vous arrivez \u00e0 l&#8217;\u00e9tape cruciale de la course. De plus, cette nouvelle version de l&#8217;Athlex Aerosuit est dot\u00e9e de tissus qui \u00e9vacuent encore plus efficacement la chaleur corporelle de chaque c\u00f4t\u00e9 du torse.<br \/>\nPlus, le coussin cycliste italien Tri-Tech de 4 mm d&#8217;\u00e9paisseur et d&#8217;une densit\u00e9 de 120 kg\/m3 vous apporte le confort dont vous avez besoin dans la phase de cyclisme et, gr\u00e2ce \u00e0 son design ergonomique, vous ne le remarquerez pas pendant la course \u00e0 pied.    <\/p>\n","protected":false},"featured_media":61677,"template":"","meta":[],"product_brand":[],"product_cat":[1703],"product_tag":[],"class_list":{"0":"post-61731","1":"product","2":"type-product","3":"status-publish","4":"has-post-thumbnail","6":"product_cat-gear-fr","7":"pa_brand-orca","8":"pa_size-xs-fr","9":"pa_size-s-fr","10":"pa_size-m-fr","11":"pa_size-l-fr","12":"pa_size-xl-fr","14":"first","15":"instock","16":"shipping-taxable","17":"purchasable","18":"product-type-variable"},"_links":{"self":[{"href":"https:\/\/espacetriathlon.com\/fr\/wp-json\/wp\/v2\/product\/61731","targetHints":{"allow":["GET"]}}],"collection":[{"href":"https:\/\/espacetriathlon.com\/fr\/wp-json\/wp\/v2\/product"}],"about":[{"href":"https:\/\/espacetriathlon.com\/fr\/wp-json\/wp\/v2\/types\/product"}],"version-history":[{"count":1,"href":"https:\/\/espacetriathlon.com\/fr\/wp-json\/wp\/v2\/product\/61731\/revisions"}],"predecessor-version":[{"id":61741,"href":"https:\/\/espacetriathlon.com\/fr\/wp-json\/wp\/v2\/product\/61731\/revisions\/61741"}],"wp:featuredmedia":[{"embeddable":true,"href":"https:\/\/espacetriathlon.com\/fr\/wp-json\/wp\/v2\/media\/61677"}],"wp:attachment":[{"href":"https:\/\/espacetriathlon.com\/fr\/wp-json\/wp\/v2\/media?parent=61731"}],"wp:term":[{"taxonomy":"product_brand","embeddable":true,"href":"https:\/\/espacetriathlon.com\/fr\/wp-json\/wp\/v2\/product_brand?post=61731"},{"taxonomy":"product_cat","embeddable":true,"href":"https:\/\/espacetriathlon.com\/fr\/wp-json\/wp\/v2\/product_cat?post=61731"},{"taxonomy":"product_tag","embeddable":true,"href":"https:\/\/espacetriathlon.com\/fr\/wp-json\/wp\/v2\/product_tag?post=61731"}],"curies":[{"name":"wp","href":"https:\/\/api.w.org\/{rel}","templated":true}]}}