{"id":61808,"date":"2026-02-24T09:27:10","date_gmt":"2026-02-24T09:27:10","guid":{"rendered":"https:\/\/espacetriathlon.com\/product\/apex-dream-kona-v2-white-men\/"},"modified":"2026-02-24T09:27:10","modified_gmt":"2026-02-24T09:27:10","slug":"apex-dream-kona-v2-white-men","status":"publish","type":"product","link":"https:\/\/espacetriathlon.com\/fr\/product\/apex-dream-kona-v2-white-men\/","title":{"rendered":"Apex Dream Kona V2 White Men"},"content":{"rendered":"<h3>A\u00e9rodynamique<\/h3>\n<p>Des tests approfondis ont abouti \u00e0 la naissance de notre combinaison la plus a\u00e9rodynamique.<\/p>\n<h3>\u00c9lasticit\u00e9<\/h3>\n<p>Les tissus hautement \u00e9lastiques et les motifs avanc\u00e9s permettent \u00e0 la combinaison de s&#8217;adapter parfaitement au corps du triathl\u00e8te afin qu&#8217;il se sente compl\u00e8tement libre dans les trois \u00e9tapes du triathlon.<\/p>\n<h3>Breathability<\/h3>\n<p>La technologie Vapour Cool utilis\u00e9e dans le tissu de la poitrine et des panneaux lat\u00e9raux aide \u00e0 r\u00e9duire la chaleur et l&#8217;humidit\u00e9 corporelles. Cela vous permet d&#8217;atteindre la derni\u00e8re ligne droite de la course avec plus d&#8217;\u00e9nergie.   <\/p>\n<h3>Comfort<\/h3>\n<p>Le coussin cycliste italien, fabriqu\u00e9 en \u00e9co-graph\u00e8ne et con\u00e7u exclusivement par Orca, aide \u00e0 r\u00e9duire la chaleur et l&#8217;humidit\u00e9, vous offrant ainsi un plus grand confort sur votre v\u00e9lo. De plus, gr\u00e2ce \u00e0 sa conception optimis\u00e9e pour le triathlon, vous vous sentirez totalement libre pendant la course \u00e0 pied. <\/p>\n","protected":false},"excerpt":{"rendered":"<p>La combinaison Dream Kona V2 est le fruit de nombreux tests effectu\u00e9s en laboratoire, en soufflerie et en course.<br \/>\nLe tissu italien utilis\u00e9 dans le dos, les \u00e9paules et les manches a \u00e9t\u00e9 sp\u00e9cialement con\u00e7u pour r\u00e9duire les frottements avec l&#8217;air et am\u00e9liorer l&#8217;a\u00e9rodynamisme du triathl\u00e8te. De plus, les tests ont prouv\u00e9 que l&#8217;inclusion de rainures horizontales dans le dos et de rainures verticales dans les manches permet d&#8217;\u00e9conomiser en moyenne 8W \u00e0 40km\/h.<br \/>\nLes tissus de la combinaison Dream Kona V2 utilisent la technologie Vapour Cool, qui permet d&#8217;\u00e9vacuer plus efficacement la chaleur et l&#8217;humidit\u00e9 du corps. De nombreuses \u00e9tudes ont r\u00e9v\u00e9l\u00e9 qu&#8217;apr\u00e8s une heure d&#8217;exercice de haute intensit\u00e9 dans une pi\u00e8ce \u00e0 21\u00baC, un triathl\u00e8te portant le Dream Kona V2 a en moyenne une temp\u00e9rature corporelle de 2\u00baC inf\u00e9rieure \u00e0 celle qu&#8217;il a en portant des tissus conventionnels. Cela est d\u00fb au fil d&#8217;argent qui compose le tissu au niveau de la poitrine et des panneaux lat\u00e9raux, ce qui en fait un tissu tr\u00e8s efficace en termes de r\u00e9duction de la chaleur corporelle. C&#8217;est ce qui fait la diff\u00e9rence dans la derni\u00e8re \u00e9tape de la course.     <\/p>\n","protected":false},"featured_media":61781,"template":"","meta":[],"product_brand":[],"product_cat":[1703],"product_tag":[],"class_list":{"0":"post-61808","1":"product","2":"type-product","3":"status-publish","4":"has-post-thumbnail","6":"product_cat-gear-fr","7":"pa_brand-orca","8":"pa_size-s-fr","9":"pa_size-m-fr","10":"pa_size-l-fr","11":"pa_size-xl-fr","13":"first","14":"instock","15":"shipping-taxable","16":"purchasable","17":"product-type-variable"},"_links":{"self":[{"href":"https:\/\/espacetriathlon.com\/fr\/wp-json\/wp\/v2\/product\/61808","targetHints":{"allow":["GET"]}}],"collection":[{"href":"https:\/\/espacetriathlon.com\/fr\/wp-json\/wp\/v2\/product"}],"about":[{"href":"https:\/\/espacetriathlon.com\/fr\/wp-json\/wp\/v2\/types\/product"}],"version-history":[{"count":0,"href":"https:\/\/espacetriathlon.com\/fr\/wp-json\/wp\/v2\/product\/61808\/revisions"}],"wp:featuredmedia":[{"embeddable":true,"href":"https:\/\/espacetriathlon.com\/fr\/wp-json\/wp\/v2\/media\/61781"}],"wp:attachment":[{"href":"https:\/\/espacetriathlon.com\/fr\/wp-json\/wp\/v2\/media?parent=61808"}],"wp:term":[{"taxonomy":"product_brand","embeddable":true,"href":"https:\/\/espacetriathlon.com\/fr\/wp-json\/wp\/v2\/product_brand?post=61808"},{"taxonomy":"product_cat","embeddable":true,"href":"https:\/\/espacetriathlon.com\/fr\/wp-json\/wp\/v2\/product_cat?post=61808"},{"taxonomy":"product_tag","embeddable":true,"href":"https:\/\/espacetriathlon.com\/fr\/wp-json\/wp\/v2\/product_tag?post=61808"}],"curies":[{"name":"wp","href":"https:\/\/api.w.org\/{rel}","templated":true}]}}