{"id":6217,"date":"2021-03-10T15:22:31","date_gmt":"2021-03-10T15:22:31","guid":{"rendered":"https:\/\/espacetriathlon.com\/product\/women-core-openwater-high-visibility\/"},"modified":"2025-06-07T06:38:05","modified_gmt":"2025-06-07T06:38:05","slug":"women-core-openwater-high-visibility","status":"publish","type":"product","link":"https:\/\/espacetriathlon.com\/fr\/product\/women-core-openwater-high-visibility\/","title":{"rendered":"Women Core Openwater High Visibility"},"content":{"rendered":"<p>Haute visibilit\u00e9<br \/>\nAfin d\u2019assurer votre s\u00e9curit\u00e9 maximale dans l\u2019eau, le n\u00e9opr\u00e8ne a \u00e9t\u00e9 confectionn\u00e9 avec une couleur orange de haute visibilit\u00e9 qui vous rendra visible \u00e0 tout moment par les bateaux et par les autres nageurs.<\/p>\n<p>Flexibilit\u00e9<br \/>\nPour une plus grande flexibilit\u00e9 dans toutes les phases de mouvements de bras, le n\u00e9opr\u00e8ne Yamamoto\u00a039 ainsi que la doublure haut de gamme Infinityskin sont int\u00e9gr\u00e9s. Dot\u00e9 d\u2019une \u00e9lasticit\u00e9 \u00e9lev\u00e9e, ce mat\u00e9riau peut \u00eatre appliqu\u00e9 sur diff\u00e9rentes zones pour les combinaisons de milieu de gamme. Ce mat\u00e9riau requiert un apport de force entre 45\u00a0% et 35\u00a0% plus faible que le n\u00e9opr\u00e8ne conventionnel.<\/p>\n<p>Ajustement<br \/>\nLe mat\u00e9riau Yamamoto 38 de 2,5\u00a0mm est int\u00e9gr\u00e9 au niveau du buste et des jambes. Cette technologie offre une isolation thermique correcte et permet au mat\u00e9riau d\u2019\u00e9pouser le corps du nageur. De plus, elle emp\u00eache l\u2019eau de circuler \u00e0 l\u2019int\u00e9rieur de la combinaison.<\/p>\n","protected":false},"excerpt":{"rendered":"<p>La nouvelle Openwater Core est sp\u00e9cialement con\u00e7ue pour nager et s\u2019entra\u00eener en eau libre de la mani\u00e8re la plus s\u00e9curis\u00e9e. Elle offre une grande visibilit\u00e9 gr\u00e2ce \u00e0 ses empi\u00e8cements de couleur orange. De plus, elle fournit l\u2019isolation thermique n\u00e9cessaire pour maintenir une temp\u00e9rature corporelle id\u00e9ale. L\u2019utilisation du n\u00e9opr\u00e8ne Yamamoto de 2 \u00e0 2,5\u00a0mm d\u2019\u00e9paisseur offre une grande libert\u00e9 de mouvement et un confort optimal dans la nage<\/p>\n<p><a href=\"https:\/\/espacetriathlon.com\/choisir-une-combinaison-en-neoprene\/\" target=\"_blank\" rel=\"noopener\">Avez-vous besoin d\u2019aide pour choisir votre combinaison ?<\/a><\/p>\n","protected":false},"featured_media":49511,"template":"","meta":[],"product_brand":[],"product_cat":[270],"product_tag":[],"class_list":{"0":"post-6217","1":"product","2":"type-product","3":"status-publish","4":"has-post-thumbnail","6":"product_cat-openwater-fr","7":"pa_brand-orca","8":"pa_taille-orca-f-xs-144-160cm-46-53kg-fr","9":"pa_taille-orca-f-s-157-167cm-54-61kg-fr","10":"pa_taille-orca-f-m-165-177cm-60-67kg-fr","11":"pa_taille-orca-f-l-170-185cm-66-74kg-fr","12":"pa_taille-orca-f-xl-177-189cm-73-79kg-fr","14":"first","15":"instock","16":"sale","17":"shipping-taxable","18":"purchasable","19":"product-type-variable"},"_links":{"self":[{"href":"https:\/\/espacetriathlon.com\/fr\/wp-json\/wp\/v2\/product\/6217","targetHints":{"allow":["GET"]}}],"collection":[{"href":"https:\/\/espacetriathlon.com\/fr\/wp-json\/wp\/v2\/product"}],"about":[{"href":"https:\/\/espacetriathlon.com\/fr\/wp-json\/wp\/v2\/types\/product"}],"version-history":[{"count":2,"href":"https:\/\/espacetriathlon.com\/fr\/wp-json\/wp\/v2\/product\/6217\/revisions"}],"predecessor-version":[{"id":36358,"href":"https:\/\/espacetriathlon.com\/fr\/wp-json\/wp\/v2\/product\/6217\/revisions\/36358"}],"wp:featuredmedia":[{"embeddable":true,"href":"https:\/\/espacetriathlon.com\/fr\/wp-json\/wp\/v2\/media\/49511"}],"wp:attachment":[{"href":"https:\/\/espacetriathlon.com\/fr\/wp-json\/wp\/v2\/media?parent=6217"}],"wp:term":[{"taxonomy":"product_brand","embeddable":true,"href":"https:\/\/espacetriathlon.com\/fr\/wp-json\/wp\/v2\/product_brand?post=6217"},{"taxonomy":"product_cat","embeddable":true,"href":"https:\/\/espacetriathlon.com\/fr\/wp-json\/wp\/v2\/product_cat?post=6217"},{"taxonomy":"product_tag","embeddable":true,"href":"https:\/\/espacetriathlon.com\/fr\/wp-json\/wp\/v2\/product_tag?post=6217"}],"curies":[{"name":"wp","href":"https:\/\/api.w.org\/{rel}","templated":true}]}}