{"id":62806,"date":"2026-03-13T16:37:36","date_gmt":"2026-03-13T16:37:36","guid":{"rendered":"https:\/\/espacetriathlon.com\/product\/combinaison-agile-hommes\/"},"modified":"2026-03-13T16:37:36","modified_gmt":"2026-03-13T16:37:36","slug":"combinaison-agile-hommes","status":"publish","type":"product","link":"https:\/\/espacetriathlon.com\/fr\/product\/combinaison-agile-hommes\/","title":{"rendered":"Combinaison Agile hommes"},"content":{"rendered":"<p>Des performances \u00e9prouv\u00e9es. Confiance d\u00e8s le premier coup de pagaie.   <\/p>\n<p>Des tests ind\u00e9pendants r\u00e9alis\u00e9s \u00e0 l&#8217;universit\u00e9 de Loughborough ont permis d&#8217;\u00e9valuer l&#8217;influence de diff\u00e9rents mod\u00e8les de combinaisons sur les performances de natation. Dans le cadre d&#8217;une \u00e9tude de cas portant sur trois athl\u00e8tes &#8211; d\u00e9butant, interm\u00e9diaire et avanc\u00e9 &#8211; la combinaison Agile a d\u00e9montr\u00e9 des gains mesurables en termes de vitesse et d&#8217;efficacit\u00e9 pour un m\u00eame effort per\u00e7u.   <\/p>\n<p>Principaux r\u00e9sultats (moyenne sur 3 athl\u00e8tes)  <\/p>\n<p>+2,5 % plus rapide sur 750 m  <\/p>\n<p>Am\u00e9lioration de +2,0 % de l&#8217;efficacit\u00e9 de l&#8217;AVC  <\/p>\n<p>-R\u00e9duction de 9 % de la charge physiologique (lactate sanguin)  <\/p>\n<p>Interpr\u00e9tation :<\/p>\n<p>En tant que combinaison d&#8217;entr\u00e9e de gamme de Zone3, l&#8217;Agile a am\u00e9lior\u00e9 la position du corps et r\u00e9duit la tra\u00een\u00e9e, aidant les nageurs \u00e0 se d\u00e9placer plus efficacement dans l&#8217;eau. Les r\u00e9sultats, dont la moyenne a \u00e9t\u00e9 calcul\u00e9e pour trois athl\u00e8tes, montrent des avantages \u00e9vidents en termes de performance \u00e0 un niveau d&#8217;effort constant.<br \/>\nConfiance. Confort. Des performances \u00e9prouv\u00e9es    <\/p>\n","protected":false},"excerpt":{"rendered":"<p>Si vous d\u00e9butez dans la natation en eau libre ou le triathlon, la combinaison Agile est le compagnon dont vous avez besoin pour garder votre corps au chaud, \u00e0 l&#8217;aise et soutenu pendant les d\u00e9buts de votre voyage en eau libre.<\/p>\n","protected":false},"featured_media":62802,"template":"","meta":[],"product_brand":[],"product_cat":[306,270],"product_tag":[],"class_list":{"0":"post-62806","1":"product","2":"type-product","3":"status-publish","4":"has-post-thumbnail","6":"product_cat-wetsuit-neopren-fr","7":"product_cat-openwater-fr","8":"pa_brand-zone3","10":"first","11":"instock","12":"shipping-taxable","13":"purchasable","14":"product-type-variable"},"_links":{"self":[{"href":"https:\/\/espacetriathlon.com\/fr\/wp-json\/wp\/v2\/product\/62806","targetHints":{"allow":["GET"]}}],"collection":[{"href":"https:\/\/espacetriathlon.com\/fr\/wp-json\/wp\/v2\/product"}],"about":[{"href":"https:\/\/espacetriathlon.com\/fr\/wp-json\/wp\/v2\/types\/product"}],"version-history":[{"count":0,"href":"https:\/\/espacetriathlon.com\/fr\/wp-json\/wp\/v2\/product\/62806\/revisions"}],"wp:featuredmedia":[{"embeddable":true,"href":"https:\/\/espacetriathlon.com\/fr\/wp-json\/wp\/v2\/media\/62802"}],"wp:attachment":[{"href":"https:\/\/espacetriathlon.com\/fr\/wp-json\/wp\/v2\/media?parent=62806"}],"wp:term":[{"taxonomy":"product_brand","embeddable":true,"href":"https:\/\/espacetriathlon.com\/fr\/wp-json\/wp\/v2\/product_brand?post=62806"},{"taxonomy":"product_cat","embeddable":true,"href":"https:\/\/espacetriathlon.com\/fr\/wp-json\/wp\/v2\/product_cat?post=62806"},{"taxonomy":"product_tag","embeddable":true,"href":"https:\/\/espacetriathlon.com\/fr\/wp-json\/wp\/v2\/product_tag?post=62806"}],"curies":[{"name":"wp","href":"https:\/\/api.w.org\/{rel}","templated":true}]}}