{"id":62925,"date":"2026-03-18T20:25:57","date_gmt":"2026-03-18T20:25:57","guid":{"rendered":"https:\/\/espacetriathlon.com\/product\/ultimate-race-belt\/"},"modified":"2026-03-18T20:25:57","modified_gmt":"2026-03-18T20:25:57","slug":"ultimate-race-belt","status":"publish","type":"product","link":"https:\/\/espacetriathlon.com\/fr\/product\/ultimate-race-belt\/","title":{"rendered":"Ultimate race belt"},"content":{"rendered":"","protected":false},"excerpt":{"rendered":"<p>Un essentiel du triathlon qui sert \u00e0 maintenir votre dossard en place pendant les disciplines de la natation, du cyclisme et de la course \u00e0 pied ; la fa\u00e7on la plus simple de gagner du temps en transition ! Attachez simplement votre dossard \u00e0 la ceinture \u00e0 l&#8217;aide des \u0153illets et vous \u00eates pr\u00eat \u00e0 partir. <\/p>\n<p>Taille r\u00e9glable<\/p>\n<p>Zone3<\/p>\n<p>&nbsp;<\/p>\n","protected":false},"featured_media":62920,"template":"","meta":[],"product_brand":[],"product_cat":[1711],"product_tag":[],"class_list":{"0":"post-62925","1":"product","2":"type-product","3":"status-publish","4":"has-post-thumbnail","6":"product_cat-accessories-tri-3","7":"pa_brand-zone3","9":"first","10":"instock","11":"shipping-taxable","12":"purchasable","13":"product-type-simple"},"_links":{"self":[{"href":"https:\/\/espacetriathlon.com\/fr\/wp-json\/wp\/v2\/product\/62925","targetHints":{"allow":["GET"]}}],"collection":[{"href":"https:\/\/espacetriathlon.com\/fr\/wp-json\/wp\/v2\/product"}],"about":[{"href":"https:\/\/espacetriathlon.com\/fr\/wp-json\/wp\/v2\/types\/product"}],"version-history":[{"count":0,"href":"https:\/\/espacetriathlon.com\/fr\/wp-json\/wp\/v2\/product\/62925\/revisions"}],"wp:featuredmedia":[{"embeddable":true,"href":"https:\/\/espacetriathlon.com\/fr\/wp-json\/wp\/v2\/media\/62920"}],"wp:attachment":[{"href":"https:\/\/espacetriathlon.com\/fr\/wp-json\/wp\/v2\/media?parent=62925"}],"wp:term":[{"taxonomy":"product_brand","embeddable":true,"href":"https:\/\/espacetriathlon.com\/fr\/wp-json\/wp\/v2\/product_brand?post=62925"},{"taxonomy":"product_cat","embeddable":true,"href":"https:\/\/espacetriathlon.com\/fr\/wp-json\/wp\/v2\/product_cat?post=62925"},{"taxonomy":"product_tag","embeddable":true,"href":"https:\/\/espacetriathlon.com\/fr\/wp-json\/wp\/v2\/product_tag?post=62925"}],"curies":[{"name":"wp","href":"https:\/\/api.w.org\/{rel}","templated":true}]}}