{"id":62941,"date":"2026-03-18T20:33:45","date_gmt":"2026-03-18T20:33:45","guid":{"rendered":"https:\/\/espacetriathlon.com\/product\/visiere-de-course-legere\/"},"modified":"2026-03-18T20:33:45","modified_gmt":"2026-03-18T20:33:45","slug":"visiere-de-course-legere","status":"publish","type":"product","link":"https:\/\/espacetriathlon.com\/fr\/product\/visiere-de-course-legere\/","title":{"rendered":"Visi\u00e8re de course l\u00e9g\u00e8re"},"content":{"rendered":"","protected":false},"excerpt":{"rendered":"<p>Con\u00e7ue pour les courses, l&#8217;entra\u00eenement et le quotidien, la visi\u00e8re Lightweight Race Visor offre un confort rafra\u00eechissant et une protection solaire dans une coupe \u00e9l\u00e9gante, ax\u00e9e sur la performance.<\/p>\n","protected":false},"featured_media":62937,"template":"","meta":[],"product_brand":[],"product_cat":[300],"product_tag":[],"class_list":{"0":"post-62941","1":"product","2":"type-product","3":"status-publish","4":"has-post-thumbnail","6":"product_cat-run-accessories-triathlon-fr","7":"pa_brand-zone3","8":"pa_color_n-black-2","9":"pa_color_n-white-2","11":"first","12":"instock","13":"shipping-taxable","14":"purchasable","15":"product-type-variable"},"_links":{"self":[{"href":"https:\/\/espacetriathlon.com\/fr\/wp-json\/wp\/v2\/product\/62941","targetHints":{"allow":["GET"]}}],"collection":[{"href":"https:\/\/espacetriathlon.com\/fr\/wp-json\/wp\/v2\/product"}],"about":[{"href":"https:\/\/espacetriathlon.com\/fr\/wp-json\/wp\/v2\/types\/product"}],"version-history":[{"count":0,"href":"https:\/\/espacetriathlon.com\/fr\/wp-json\/wp\/v2\/product\/62941\/revisions"}],"wp:featuredmedia":[{"embeddable":true,"href":"https:\/\/espacetriathlon.com\/fr\/wp-json\/wp\/v2\/media\/62937"}],"wp:attachment":[{"href":"https:\/\/espacetriathlon.com\/fr\/wp-json\/wp\/v2\/media?parent=62941"}],"wp:term":[{"taxonomy":"product_brand","embeddable":true,"href":"https:\/\/espacetriathlon.com\/fr\/wp-json\/wp\/v2\/product_brand?post=62941"},{"taxonomy":"product_cat","embeddable":true,"href":"https:\/\/espacetriathlon.com\/fr\/wp-json\/wp\/v2\/product_cat?post=62941"},{"taxonomy":"product_tag","embeddable":true,"href":"https:\/\/espacetriathlon.com\/fr\/wp-json\/wp\/v2\/product_tag?post=62941"}],"curies":[{"name":"wp","href":"https:\/\/api.w.org\/{rel}","templated":true}]}}