{"id":62974,"date":"2026-03-19T20:41:01","date_gmt":"2026-03-19T20:41:01","guid":{"rendered":"https:\/\/espacetriathlon.com\/product\/activate-tri-short-women-black-turquoise\/"},"modified":"2026-03-19T20:41:01","modified_gmt":"2026-03-19T20:41:01","slug":"activate-tri-short-women-black-turquoise","status":"publish","type":"product","link":"https:\/\/espacetriathlon.com\/fr\/product\/activate-tri-short-women-black-turquoise\/","title":{"rendered":"Activate Tri Short Women Black\/Turquoise"},"content":{"rendered":"<p>La gamme Activate est devenue un incontournable dans le monde du triathlon, gagnant \u00e0 juste titre la r\u00e9putation d&#8217;\u00eatre un produit de tr\u00e8s haute qualit\u00e9, qui offre un tr\u00e8s bon rapport qualit\u00e9-prix. La collection, qui comprend les combinaisons, les hauts et les shorts, a \u00e9t\u00e9 lanc\u00e9e en 2014 et a depuis \u00e9t\u00e9 utilis\u00e9e par des milliers d&#8217;athl\u00e8tes dans le monde entier. <\/p>\n<p>Nous avons con\u00e7u cette collection \u00e0 l&#8217;origine pour les triathl\u00e8tes d\u00e9butants ou pour ceux qui recherchent une combinaison d&#8217;un bon rapport qualit\u00e9-prix pour s&#8217;entra\u00eener. Nous savons que notre gamme Activate a contribu\u00e9 \u00e0 encourager la pratique du multisport, en offrant aux nouveaux venus un produit de haute qualit\u00e9, mais \u00e0 un prix plus abordable. <\/p>\n<p>Notre derni\u00e8re gamme Activate est plus performante que jamais avec une multitude de nouvelles caract\u00e9ristiques pour am\u00e9liorer le confort et une nouvelle conception des panneaux, pour assurer un ajustement encore meilleur. La combinaison est fabriqu\u00e9e en Lycra Sport, pour garantir long\u00e9vit\u00e9, respirabilit\u00e9, confort et performance. <\/p>\n<p>Ce produit est parfait pour une premi\u00e8re combinaison de triathlon, mais si vous recherchez un &#8220;plus&#8221;, consultez notre gamme Aquaflo+, qui est superbe en termes de performance et d&#8217;esth\u00e9tique.<\/p>\n","protected":false},"excerpt":{"rendered":"<p>Un rapport qualit\u00e9-prix incroyable compte tenu des performances, de la qualit\u00e9 et du style. Mat\u00e9riaux de haute qualit\u00e9 et conception ax\u00e9e sur le confort. Des caract\u00e9ristiques que l&#8217;on retrouve sur les produits de haut niveau, telles que le rembourrage sp\u00e9cifique pour le triathlon et les pinces internes pour les jambes. Nouveau design des panneaux pour am\u00e9liorer encore l&#8217;ajustement.   <\/p>\n<p>Zone3<\/p>\n","protected":false},"featured_media":62970,"template":"","meta":[],"product_brand":[],"product_cat":[1703],"product_tag":[],"class_list":{"0":"post-62974","1":"product","2":"type-product","3":"status-publish","4":"has-post-thumbnail","6":"product_cat-gear-fr","7":"pa_brand-zone3","8":"pa_size-xs-fr","9":"pa_size-s-fr","10":"pa_size-m-fr","11":"pa_size-l-fr","12":"pa_size-xl-fr","14":"first","15":"instock","16":"shipping-taxable","17":"purchasable","18":"product-type-variable"},"_links":{"self":[{"href":"https:\/\/espacetriathlon.com\/fr\/wp-json\/wp\/v2\/product\/62974","targetHints":{"allow":["GET"]}}],"collection":[{"href":"https:\/\/espacetriathlon.com\/fr\/wp-json\/wp\/v2\/product"}],"about":[{"href":"https:\/\/espacetriathlon.com\/fr\/wp-json\/wp\/v2\/types\/product"}],"version-history":[{"count":0,"href":"https:\/\/espacetriathlon.com\/fr\/wp-json\/wp\/v2\/product\/62974\/revisions"}],"wp:featuredmedia":[{"embeddable":true,"href":"https:\/\/espacetriathlon.com\/fr\/wp-json\/wp\/v2\/media\/62970"}],"wp:attachment":[{"href":"https:\/\/espacetriathlon.com\/fr\/wp-json\/wp\/v2\/media?parent=62974"}],"wp:term":[{"taxonomy":"product_brand","embeddable":true,"href":"https:\/\/espacetriathlon.com\/fr\/wp-json\/wp\/v2\/product_brand?post=62974"},{"taxonomy":"product_cat","embeddable":true,"href":"https:\/\/espacetriathlon.com\/fr\/wp-json\/wp\/v2\/product_cat?post=62974"},{"taxonomy":"product_tag","embeddable":true,"href":"https:\/\/espacetriathlon.com\/fr\/wp-json\/wp\/v2\/product_tag?post=62974"}],"curies":[{"name":"wp","href":"https:\/\/api.w.org\/{rel}","templated":true}]}}