{"id":63013,"date":"2026-03-20T14:56:27","date_gmt":"2026-03-20T14:56:27","guid":{"rendered":"https:\/\/espacetriathlon.com\/product\/tri-short-activate-hommes\/"},"modified":"2026-03-20T14:56:27","modified_gmt":"2026-03-20T14:56:27","slug":"tri-short-activate-hommes","status":"publish","type":"product","link":"https:\/\/espacetriathlon.com\/fr\/product\/tri-short-activate-hommes\/","title":{"rendered":"Tri Short Activate Hommes"},"content":{"rendered":"<p>Nous avons con\u00e7u ces shorts \u00e0 l&#8217;origine pour les triathl\u00e8tes d\u00e9butants, ou pour ceux qui recherchent une combinaison \u00e0 bon prix pour s&#8217;entra\u00eener, et nous savons que cette collection a encourag\u00e9 la participation au multisport, en donnant aux nouveaux venus l&#8217;acc\u00e8s \u00e0 un produit de haute qualit\u00e9, le meilleur du march\u00e9, \u00e0 un prix abordable.<\/p>\n<p>Notre derni\u00e8re gamme Activate est maintenant meilleure que jamais, avec une multitude de nouvelles caract\u00e9ristiques pour am\u00e9liorer le confort et une nouvelle conception de panneaux pour assurer un ajustement encore meilleur. Nos tri-shorts sont fabriqu\u00e9s en Lycra Sport, pour garantir long\u00e9vit\u00e9, respirabilit\u00e9, confort et performance. <\/p>\n<p>Ce qui rend ce produit diff\u00e9rent :<\/p>\n<p>Avec un rapport qualit\u00e9-prix incroyable compte tenu des performances, de la qualit\u00e9 et du style. Les mat\u00e9riaux de haute qualit\u00e9 sont ax\u00e9s sur le confort et le design. Ces caract\u00e9ristiques se retrouvent sur les produits de haut niveau, comme le rembourrage sp\u00e9cifique pour le triathlon et les griffes internes pour les jambes.  <\/p>\n<p>Elle est parfaite pour une premi\u00e8re combinaison de triathlon, mais jetez un coup d&#8217;\u0153il \u00e0 la gamme Aquaflo+ de ZONE3 si vous recherchez ce &#8220;petit plus&#8221; en termes de performances, de contr\u00f4le de la temp\u00e9rature et d&#8217;esth\u00e9tique.<\/p>\n","protected":false},"excerpt":{"rendered":"<p>Notre gamme Activate est devenue un incontournable dans le monde du triathlon, gagnant \u00e0 juste titre la r\u00e9putation d&#8217;\u00eatre un produit de tr\u00e8s haute qualit\u00e9, offrant un tr\u00e8s bon rapport qualit\u00e9-prix. La collection a \u00e9t\u00e9 lanc\u00e9e en 2014 et a depuis \u00e9t\u00e9 utilis\u00e9e par des milliers d&#8217;athl\u00e8tes <\/p>\n<p>Zone3<\/p>\n","protected":false},"featured_media":63009,"template":"","meta":[],"product_brand":[],"product_cat":[1703],"product_tag":[],"class_list":{"0":"post-63013","1":"product","2":"type-product","3":"status-publish","4":"has-post-thumbnail","6":"product_cat-gear-fr","7":"pa_brand-zone3","8":"pa_size-s-fr","9":"pa_size-m-fr","10":"pa_size-l-fr","11":"pa_size-xl-fr","12":"pa_size-xxl-fr","14":"first","15":"instock","16":"shipping-taxable","17":"purchasable","18":"product-type-variable"},"_links":{"self":[{"href":"https:\/\/espacetriathlon.com\/fr\/wp-json\/wp\/v2\/product\/63013","targetHints":{"allow":["GET"]}}],"collection":[{"href":"https:\/\/espacetriathlon.com\/fr\/wp-json\/wp\/v2\/product"}],"about":[{"href":"https:\/\/espacetriathlon.com\/fr\/wp-json\/wp\/v2\/types\/product"}],"version-history":[{"count":0,"href":"https:\/\/espacetriathlon.com\/fr\/wp-json\/wp\/v2\/product\/63013\/revisions"}],"wp:featuredmedia":[{"embeddable":true,"href":"https:\/\/espacetriathlon.com\/fr\/wp-json\/wp\/v2\/media\/63009"}],"wp:attachment":[{"href":"https:\/\/espacetriathlon.com\/fr\/wp-json\/wp\/v2\/media?parent=63013"}],"wp:term":[{"taxonomy":"product_brand","embeddable":true,"href":"https:\/\/espacetriathlon.com\/fr\/wp-json\/wp\/v2\/product_brand?post=63013"},{"taxonomy":"product_cat","embeddable":true,"href":"https:\/\/espacetriathlon.com\/fr\/wp-json\/wp\/v2\/product_cat?post=63013"},{"taxonomy":"product_tag","embeddable":true,"href":"https:\/\/espacetriathlon.com\/fr\/wp-json\/wp\/v2\/product_tag?post=63013"}],"curies":[{"name":"wp","href":"https:\/\/api.w.org\/{rel}","templated":true}]}}