{"id":63052,"date":"2026-03-20T15:30:17","date_gmt":"2026-03-20T15:30:17","guid":{"rendered":"https:\/\/espacetriathlon.com\/product\/lava-short-longue-distance-hommes\/"},"modified":"2026-03-20T15:30:17","modified_gmt":"2026-03-20T15:30:17","slug":"lava-short-longue-distance-hommes","status":"publish","type":"product","link":"https:\/\/espacetriathlon.com\/fr\/product\/lava-short-longue-distance-hommes\/","title":{"rendered":"Lava Short &#8211; Longue distance &#8211; Hommes"},"content":{"rendered":"<p>Lorsque vous vous engagez dans des \u00e9preuves de distance IM et au-del\u00e0, vous devez savoir que votre fournisseur d&#8217;\u00e9quipement est aussi engag\u00e9 que vous. Sur ces distances, vous ressentirez chaque imperfection, chaque d\u00e9cision prise \u00e0 la va-vite et chaque \u00e9conomie r\u00e9alis\u00e9e par une marque. <\/p>\n<p>La collection Lava, maintes fois prim\u00e9e, est l&#8217;\u00e9l\u00e9ment de base de Zone3 en mati\u00e8re d&#8217;endurance depuis son lancement en 2013 et nous avons continu\u00e9 \u00e0 la rechercher et \u00e0 la d\u00e9velopper depuis lors. Maintenant une collection compl\u00e8te de combinaisons et de s\u00e9parations pour hommes et femmes, nous nous sommes procur\u00e9s les meilleurs mat\u00e9riaux italiens et fran\u00e7ais pour repousser l&#8217;eau, optimiser l&#8217;a\u00e9rodynamisme et am\u00e9liorer le confort. <\/p>\n<p>Le confort est primordial lors des \u00e9preuves d&#8217;endurance, la combinaison Lava a b\u00e9n\u00e9fici\u00e9 d&#8217;am\u00e9liorations significatives du tissu utilis\u00e9 sur le haut du corps pour am\u00e9liorer la respirabilit\u00e9, le contr\u00f4le de la temp\u00e9rature et la libert\u00e9 de mouvement.<\/p>\n<p>Le short de tri<\/p>\n<p>Tout comme le Lava Tri Top, nous avons essay\u00e9 de rendre ce short aussi confortable et performant que possible. 220 Magazine a d&#8217;abord test\u00e9 cet ensemble de deux pi\u00e8ces et lui a donn\u00e9 une note de 92% et le &#8220;Editor&#8217;s choice award&#8221; en disant que le short \u00e9tait &#8220;remarquablement bon sur la selle&#8221;. Les mat\u00e9riaux ont \u00e9t\u00e9 soigneusement choisis pour offrir le meilleur \u00e9quilibre entre soutien et confort.  <\/p>\n<p>Le short et le haut Lava ont n\u00e9cessit\u00e9 beaucoup de recherche et de d\u00e9veloppement pour arriver l\u00e0 o\u00f9 ils sont aujourd&#8217;hui. Courir sur cette distance n&#8217;est pas une t\u00e2che facile et nous esp\u00e9rons que ces shorts vous aideront \u00e0 chaque \u00e9tape. Des combinaisons compl\u00e8tes sont \u00e9galement disponibles si vous pr\u00e9f\u00e9rez les v\u00eatements s\u00e9par\u00e9s.  <\/p>\n","protected":false},"excerpt":{"rendered":"<p>Les tissus de premi\u00e8re qualit\u00e9 garantissent un niveau parfait de compression, de performance et de confort tout au long de la course. Coussin Tri Comp de Cytech de tr\u00e8s haute qualit\u00e9.   <\/p>\n<p>Zone3<\/p>\n","protected":false},"featured_media":63046,"template":"","meta":[],"product_brand":[],"product_cat":[1703],"product_tag":[],"class_list":{"0":"post-63052","1":"product","2":"type-product","3":"status-publish","4":"has-post-thumbnail","6":"product_cat-gear-fr","7":"pa_brand-zone3","8":"pa_size-m-fr","9":"pa_size-l-fr","10":"pa_size-xl-fr","12":"first","13":"instock","14":"shipping-taxable","15":"purchasable","16":"product-type-variable"},"_links":{"self":[{"href":"https:\/\/espacetriathlon.com\/fr\/wp-json\/wp\/v2\/product\/63052","targetHints":{"allow":["GET"]}}],"collection":[{"href":"https:\/\/espacetriathlon.com\/fr\/wp-json\/wp\/v2\/product"}],"about":[{"href":"https:\/\/espacetriathlon.com\/fr\/wp-json\/wp\/v2\/types\/product"}],"version-history":[{"count":0,"href":"https:\/\/espacetriathlon.com\/fr\/wp-json\/wp\/v2\/product\/63052\/revisions"}],"wp:featuredmedia":[{"embeddable":true,"href":"https:\/\/espacetriathlon.com\/fr\/wp-json\/wp\/v2\/media\/63046"}],"wp:attachment":[{"href":"https:\/\/espacetriathlon.com\/fr\/wp-json\/wp\/v2\/media?parent=63052"}],"wp:term":[{"taxonomy":"product_brand","embeddable":true,"href":"https:\/\/espacetriathlon.com\/fr\/wp-json\/wp\/v2\/product_brand?post=63052"},{"taxonomy":"product_cat","embeddable":true,"href":"https:\/\/espacetriathlon.com\/fr\/wp-json\/wp\/v2\/product_cat?post=63052"},{"taxonomy":"product_tag","embeddable":true,"href":"https:\/\/espacetriathlon.com\/fr\/wp-json\/wp\/v2\/product_tag?post=63052"}],"curies":[{"name":"wp","href":"https:\/\/api.w.org\/{rel}","templated":true}]}}