{"id":63299,"date":"2026-03-27T13:45:44","date_gmt":"2026-03-27T13:45:44","guid":{"rendered":"https:\/\/espacetriathlon.com\/product\/powerfin-pro-ii-sage-arctic-lime\/"},"modified":"2026-04-09T11:31:09","modified_gmt":"2026-04-09T11:31:09","slug":"powerfin-pro-ii-sage-arctic-lime","status":"publish","type":"product","link":"https:\/\/espacetriathlon.com\/fr\/product\/powerfin-pro-ii-sage-arctic-lime\/","title":{"rendered":"Powerfin Pro II Sage \/ Arctic Lime"},"content":{"rendered":"<p>Sans PVC.<br \/>\nAide \u00e0 l&#8217;entra\u00eenement pour les nageurs avanc\u00e9s afin d&#8217;am\u00e9liorer la technique des jambes et pour l&#8217;entra\u00eenement de la force.<br \/>\nPalme courte pour une pouss\u00e9e maximale vers l&#8217;avant. Bords lat\u00e9raux pour un meilleur contr\u00f4le. Talon ouvert pour une stabilit\u00e9 et un confort optimaux.<br \/>\nSilicone durable pour un confort maximal et un risque r\u00e9duit d&#8217;ampoules. Sans PVC. Les c\u00f4t\u00e9s gauche et droit sont form\u00e9s individuellement.<br \/>\nId\u00e9al pour les nageurs de comp\u00e9tition.    <\/p>\n","protected":false},"excerpt":{"rendered":"<p>La palme d&#8217;entra\u00eenement Powerfin Pro II unisexe est id\u00e9ale pour les nageurs de comp\u00e9tition. Elle est con\u00e7ue pour l&#8217;entra\u00eenement de la force et l&#8217;am\u00e9lioration de la technique des jambes. Elle est dot\u00e9e d&#8217;une voilure courte pour une propulsion maximale vers l&#8217;avant. La sangle de talon ouverte assure une flexibilit\u00e9 maximale de la cheville, une stabilit\u00e9 optimale et un grand confort. Les palmes gauche et droite ont des formes ergonomiques diff\u00e9rentes. Le mat\u00e9riau en silicone souple assure un confort maximal et r\u00e9duit le risque d&#8217;ampoules.<br \/>\nArena<\/p>\n","protected":false},"featured_media":63295,"template":"","meta":[],"product_brand":[],"product_cat":[291],"product_tag":[],"class_list":{"0":"post-63299","1":"product","2":"type-product","3":"status-publish","4":"has-post-thumbnail","6":"product_cat-aide-dentrainement","7":"pa_brand-arena","8":"pa_size_arena-36-37-2","9":"pa_size_arena-38-39-2","10":"pa_size_arena-40-41-2","11":"pa_size_arena-42-43-2","12":"pa_size_arena-44-45-2","13":"pa_size_arena-46-47-2","15":"first","16":"instock","17":"sale","18":"shipping-taxable","19":"purchasable","20":"product-type-variable"},"_links":{"self":[{"href":"https:\/\/espacetriathlon.com\/fr\/wp-json\/wp\/v2\/product\/63299","targetHints":{"allow":["GET"]}}],"collection":[{"href":"https:\/\/espacetriathlon.com\/fr\/wp-json\/wp\/v2\/product"}],"about":[{"href":"https:\/\/espacetriathlon.com\/fr\/wp-json\/wp\/v2\/types\/product"}],"version-history":[{"count":0,"href":"https:\/\/espacetriathlon.com\/fr\/wp-json\/wp\/v2\/product\/63299\/revisions"}],"wp:featuredmedia":[{"embeddable":true,"href":"https:\/\/espacetriathlon.com\/fr\/wp-json\/wp\/v2\/media\/63295"}],"wp:attachment":[{"href":"https:\/\/espacetriathlon.com\/fr\/wp-json\/wp\/v2\/media?parent=63299"}],"wp:term":[{"taxonomy":"product_brand","embeddable":true,"href":"https:\/\/espacetriathlon.com\/fr\/wp-json\/wp\/v2\/product_brand?post=63299"},{"taxonomy":"product_cat","embeddable":true,"href":"https:\/\/espacetriathlon.com\/fr\/wp-json\/wp\/v2\/product_cat?post=63299"},{"taxonomy":"product_tag","embeddable":true,"href":"https:\/\/espacetriathlon.com\/fr\/wp-json\/wp\/v2\/product_tag?post=63299"}],"curies":[{"name":"wp","href":"https:\/\/api.w.org\/{rel}","templated":true}]}}