{"id":63452,"date":"2026-03-28T19:31:14","date_gmt":"2026-03-28T19:31:14","guid":{"rendered":"https:\/\/espacetriathlon.com\/product\/the-one-plus-polarized-bleu-noir\/"},"modified":"2026-03-28T19:31:14","modified_gmt":"2026-03-28T19:31:14","slug":"the-one-plus-polarized-bleu-noir","status":"publish","type":"product","link":"https:\/\/espacetriathlon.com\/fr\/product\/the-one-plus-polarized-bleu-noir\/","title":{"rendered":"The One Plus Polarized Bleu\/noir"},"content":{"rendered":"<p>Lunettes de natation polarisantes \u00e9l\u00e9gantes qui s&#8217;adaptent \u00e0 la plupart des formes de visage, pour un confort et une tenue in\u00e9gal\u00e9s. Dot\u00e9es de la nouvelle technologie antibu\u00e9e qui dure deux fois plus longtemps.<br \/>\nJoints sp\u00e9ciaux avec technologie Orbit-Proof qui s&#8217;adaptent \u00e0 presque toutes les formes de visage pour \u00e9viter les fuites.<br \/>\nDesign profil\u00e9 pour une vision p\u00e9riph\u00e9rique optimale. Le bandeau divis\u00e9 est facile \u00e0 ajuster. Avec protection UV.<br \/>\nId\u00e9al pour les nageurs de comp\u00e9tition et les triathl\u00e8tes<br \/>\nCes lunettes de natation avec verres fonc\u00e9s sont id\u00e9ales pour nager dans des environnements lumineux et pour une protection optimale contre la lumi\u00e8re.   <\/p>\n","protected":false},"excerpt":{"rendered":"<p>Lunettes de natation, miroirs, unisexe, anti-bu\u00e9e, confortables, \u00e9l\u00e9gantes, grandes, universelles, simples<br \/>\nArena<\/p>\n","protected":false},"featured_media":63448,"template":"","meta":[],"product_brand":[],"product_cat":[282],"product_tag":[],"class_list":{"0":"post-63452","1":"product","2":"type-product","3":"status-publish","4":"has-post-thumbnail","6":"product_cat-lunettes","7":"pa_brand-arena","9":"first","10":"instock","11":"sale","12":"shipping-taxable","13":"purchasable","14":"product-type-simple"},"_links":{"self":[{"href":"https:\/\/espacetriathlon.com\/fr\/wp-json\/wp\/v2\/product\/63452","targetHints":{"allow":["GET"]}}],"collection":[{"href":"https:\/\/espacetriathlon.com\/fr\/wp-json\/wp\/v2\/product"}],"about":[{"href":"https:\/\/espacetriathlon.com\/fr\/wp-json\/wp\/v2\/types\/product"}],"version-history":[{"count":0,"href":"https:\/\/espacetriathlon.com\/fr\/wp-json\/wp\/v2\/product\/63452\/revisions"}],"wp:featuredmedia":[{"embeddable":true,"href":"https:\/\/espacetriathlon.com\/fr\/wp-json\/wp\/v2\/media\/63448"}],"wp:attachment":[{"href":"https:\/\/espacetriathlon.com\/fr\/wp-json\/wp\/v2\/media?parent=63452"}],"wp:term":[{"taxonomy":"product_brand","embeddable":true,"href":"https:\/\/espacetriathlon.com\/fr\/wp-json\/wp\/v2\/product_brand?post=63452"},{"taxonomy":"product_cat","embeddable":true,"href":"https:\/\/espacetriathlon.com\/fr\/wp-json\/wp\/v2\/product_cat?post=63452"},{"taxonomy":"product_tag","embeddable":true,"href":"https:\/\/espacetriathlon.com\/fr\/wp-json\/wp\/v2\/product_tag?post=63452"}],"curies":[{"name":"wp","href":"https:\/\/api.w.org\/{rel}","templated":true}]}}