{"id":63510,"date":"2026-03-28T19:52:41","date_gmt":"2026-03-28T19:52:41","guid":{"rendered":"https:\/\/espacetriathlon.com\/product\/kid-tri-suit-digital-print\/"},"modified":"2026-03-28T19:52:41","modified_gmt":"2026-03-28T19:52:41","slug":"kid-tri-suit-digital-print","status":"publish","type":"product","link":"https:\/\/espacetriathlon.com\/fr\/product\/kid-tri-suit-digital-print\/","title":{"rendered":"Kid Tri Suit Digital Print"},"content":{"rendered":"","protected":false},"excerpt":{"rendered":"<p>La gamme pour enfants est fabriqu\u00e9e avec le m\u00eame tissu sportif Lycra que notre gamme Activate pour adultes afin de garantir respirabilit\u00e9, confort et performance. La combinaison pr\u00e9sente un imprim\u00e9 audacieux et color\u00e9 sur les c\u00f4t\u00e9s pour vous permettre de vous d\u00e9marquer sur le terrain. <\/p>\n","protected":false},"featured_media":63506,"template":"","meta":[],"product_brand":[],"product_cat":[1703],"product_tag":[],"class_list":{"0":"post-63510","1":"product","2":"type-product","3":"status-publish","4":"has-post-thumbnail","6":"product_cat-gear-fr","7":"pa_brand-zone3","8":"pa_kid-10-years-fr","9":"pa_kid-12-years-fr","10":"pa_kid-8-years-fr","12":"first","13":"instock","14":"shipping-taxable","15":"purchasable","16":"product-type-variable"},"_links":{"self":[{"href":"https:\/\/espacetriathlon.com\/fr\/wp-json\/wp\/v2\/product\/63510","targetHints":{"allow":["GET"]}}],"collection":[{"href":"https:\/\/espacetriathlon.com\/fr\/wp-json\/wp\/v2\/product"}],"about":[{"href":"https:\/\/espacetriathlon.com\/fr\/wp-json\/wp\/v2\/types\/product"}],"version-history":[{"count":0,"href":"https:\/\/espacetriathlon.com\/fr\/wp-json\/wp\/v2\/product\/63510\/revisions"}],"wp:featuredmedia":[{"embeddable":true,"href":"https:\/\/espacetriathlon.com\/fr\/wp-json\/wp\/v2\/media\/63506"}],"wp:attachment":[{"href":"https:\/\/espacetriathlon.com\/fr\/wp-json\/wp\/v2\/media?parent=63510"}],"wp:term":[{"taxonomy":"product_brand","embeddable":true,"href":"https:\/\/espacetriathlon.com\/fr\/wp-json\/wp\/v2\/product_brand?post=63510"},{"taxonomy":"product_cat","embeddable":true,"href":"https:\/\/espacetriathlon.com\/fr\/wp-json\/wp\/v2\/product_cat?post=63510"},{"taxonomy":"product_tag","embeddable":true,"href":"https:\/\/espacetriathlon.com\/fr\/wp-json\/wp\/v2\/product_tag?post=63510"}],"curies":[{"name":"wp","href":"https:\/\/api.w.org\/{rel}","templated":true}]}}