{"id":63541,"date":"2026-03-28T20:18:43","date_gmt":"2026-03-28T20:18:43","guid":{"rendered":"https:\/\/espacetriathlon.com\/product\/sac-a-dos-transition-teal-sky\/"},"modified":"2026-03-28T20:18:43","modified_gmt":"2026-03-28T20:18:43","slug":"sac-a-dos-transition-teal-sky","status":"publish","type":"product","link":"https:\/\/espacetriathlon.com\/fr\/product\/sac-a-dos-transition-teal-sky\/","title":{"rendered":"Sac \u00e0 dos Transition Teal \/ Sky"},"content":{"rendered":"<p>Capacit\u00e9 de 40 litres : Compartiment principal spacieux pour les v\u00eatements, les chaussures, les accessoires et l&#8217;\u00e9quipement d&#8217;entra\u00eenement.<br \/>\nCompartiment \u00e9tanche pour combinaison de plong\u00e9e : La partie inf\u00e9rieure enti\u00e8rement \u00e9tanche isole le kit humide pour garder le reste de votre \u00e9quipement au sec.<br \/>\nConstruction durable en polyester et PVC : Mat\u00e9riaux ext\u00e9rieurs robustes combin\u00e9s \u00e0 une doublure enduite de PU pour une protection durable.<br \/>\nSyst\u00e8me de transport rembourr\u00e9 et respirant : Le panneau dorsal et les bretelles doubl\u00e9s de filet assurent le confort sur les longs trajets.<br \/>\nSangles ergonomiques r\u00e9glables avec sangle de poitrine : aide \u00e0 stabiliser la charge et \u00e0 am\u00e9liorer le confort de portage.<br \/>\nOrganisation sp\u00e9cifique au triathlon : Disposition en trois \u00e9tapes con\u00e7ue pour s\u00e9parer l&#8217;\u00e9quipement de natation, de v\u00e9lo et de course \u00e0 pied.<br \/>\nPoints d&#8217;attache du casque : Les anneaux en D externes permettent de transporter le casque en toute s\u00e9curit\u00e9 lors des d\u00e9placements.<br \/>\nPochettes externes en maille : Les poches lat\u00e9rales permettent d&#8217;acc\u00e9der rapidement aux bouteilles d&#8217;eau ou aux petits objets.<br \/>\nPochette pour smartphone facile d&#8217;acc\u00e8s : Un espace de rangement pratique et protecteur pour vos objets de valeur.<br \/>\nCompatible avec les bagages \u00e0 main des compagnies a\u00e9riennes : Dimensionn\u00e9 pour r\u00e9pondre aux exigences de la  <\/p>\n","protected":false},"excerpt":{"rendered":"<p>Con\u00e7u pour simplifier les exigences de la pr\u00e9paration au triathlon, le sac \u00e0 dos Transition Backpack pr\u00e9sente une disposition structur\u00e9e en trois sections qui s\u00e9pare les combinaisons, les v\u00eatements, les accessoires et les objets de valeur pour un rangement efficace avant et apr\u00e8s l&#8217;entra\u00eenement ou la course. Un compartiment inf\u00e9rieur enti\u00e8rement \u00e9tanche isole le kit mouill\u00e9 ou usag\u00e9, ce qui permet de garder la zone de stockage principale propre et s\u00e8che. <\/p>\n<p>Les mat\u00e9riaux ext\u00e9rieurs durables en polyester et en PVC assurent la solidit\u00e9 de la structure et la r\u00e9sistance aux intemp\u00e9ries, tandis qu&#8217;une doublure int\u00e9rieure enduite de PU avec coutures scell\u00e9es offre une protection fiable contre l&#8217;humidit\u00e9. La capacit\u00e9 g\u00e9n\u00e9reuse de 40 litres est soutenue par une base large et stable, ce qui permet au sac de rester en position verticale lors de l&#8217;emballage ou de l&#8217;acc\u00e8s aux compartiments.<br \/>\nZone3 <\/p>\n","protected":false},"featured_media":63536,"template":"","meta":[],"product_brand":[],"product_cat":[1711,325],"product_tag":[],"class_list":{"0":"post-63541","1":"product","2":"type-product","3":"status-publish","4":"has-post-thumbnail","6":"product_cat-accessories-tri-3","7":"product_cat-sacs-sportifs","8":"pa_brand-zone3","10":"first","11":"instock","12":"shipping-taxable","13":"purchasable","14":"product-type-simple"},"_links":{"self":[{"href":"https:\/\/espacetriathlon.com\/fr\/wp-json\/wp\/v2\/product\/63541","targetHints":{"allow":["GET"]}}],"collection":[{"href":"https:\/\/espacetriathlon.com\/fr\/wp-json\/wp\/v2\/product"}],"about":[{"href":"https:\/\/espacetriathlon.com\/fr\/wp-json\/wp\/v2\/types\/product"}],"version-history":[{"count":0,"href":"https:\/\/espacetriathlon.com\/fr\/wp-json\/wp\/v2\/product\/63541\/revisions"}],"wp:featuredmedia":[{"embeddable":true,"href":"https:\/\/espacetriathlon.com\/fr\/wp-json\/wp\/v2\/media\/63536"}],"wp:attachment":[{"href":"https:\/\/espacetriathlon.com\/fr\/wp-json\/wp\/v2\/media?parent=63541"}],"wp:term":[{"taxonomy":"product_brand","embeddable":true,"href":"https:\/\/espacetriathlon.com\/fr\/wp-json\/wp\/v2\/product_brand?post=63541"},{"taxonomy":"product_cat","embeddable":true,"href":"https:\/\/espacetriathlon.com\/fr\/wp-json\/wp\/v2\/product_cat?post=63541"},{"taxonomy":"product_tag","embeddable":true,"href":"https:\/\/espacetriathlon.com\/fr\/wp-json\/wp\/v2\/product_tag?post=63541"}],"curies":[{"name":"wp","href":"https:\/\/api.w.org\/{rel}","templated":true}]}}