{"id":63829,"date":"2026-03-28T21:24:39","date_gmt":"2026-03-28T21:24:39","guid":{"rendered":"https:\/\/espacetriathlon.com\/?post_type=product&#038;p=63829"},"modified":"2026-03-28T21:26:32","modified_gmt":"2026-03-28T21:26:32","slug":"activate-short-sleeves-trisuit-women-black","status":"publish","type":"product","link":"https:\/\/espacetriathlon.com\/fr\/product\/activate-short-sleeves-trisuit-women-black\/","title":{"rendered":"Activate+ Short Sleeves Trisuit Women Black"},"content":{"rendered":"<p>Mat\u00e9riaux performants 100 % recycl\u00e9s : Une combinaison de trois tissus recycl\u00e9s tr\u00e8s performants pour offrir des performances et un confort optimaux.<br \/>\nManches Aerostripe : Am\u00e9liorent l&#8217;a\u00e9rodynamisme, la circulation de l&#8217;air et le confort.<br \/>\nPanneau arri\u00e8re en maille recycl\u00e9e am\u00e9lior\u00e9e : Am\u00e9liore la respirabilit\u00e9 et la gestion de la transpiration.<br \/>\nCoutures et placement des coutures avanc\u00e9s : Perfectionn\u00e9s depuis plus de dix ans pour minimiser les frottements et am\u00e9liorer le confort.<br \/>\nTissus \u00e0 s\u00e9chage rapide : R\u00e9duisent l&#8217;absorption d&#8217;eau pendant la natation et s\u00e8chent rapidement sur le v\u00e9lo pour minimiser le poids et am\u00e9liorer le confort.<br \/>\nCompression du bas du corps : Fournit un soutien musculaire, une conservation de la forme et une coupe a\u00e9rodynamique.<br \/>\nManches courtes pour la protection solaire : Augmente la couverture et r\u00e9duit l&#8217;exposition aux UV.<br \/>\nConstruction actualis\u00e9e du cou : Ajoute de la flexibilit\u00e9 et am\u00e9liore le confort.<br \/>\nTri-Lite Pad : Chamois recycl\u00e9 \u00e0 \u00e9paisseur variable pour le confort du cyclisme longue distance sur la selle.<br \/>\nGriffes de jambe UFO en silicone recycl\u00e9 : Emp\u00eachent les mouvements et les irritations.<br \/>\nPoche de rangement : Elastique pour un rangement s\u00fbr des objets essentiels.<\/p>\n","protected":false},"excerpt":{"rendered":"<p>La derni\u00e8re \u00e9volution de l&#8217;Activate+ Short Sleeve Trisuit s&#8217;appuie sur des performances \u00e9prouv\u00e9es avec des innovations cl\u00e9s pour SS26. Une nouvelle poche cargo permet d&#8217;acc\u00e9der sans effort \u00e0 la nutrition en milieu de course, tandis qu&#8217;un panneau arri\u00e8re en mesh recycl\u00e9 am\u00e9liore la circulation de l&#8217;air et le refroidissement. L&#8217;introduction du tissu Aerostripe sur les manches am\u00e9liore l&#8217;a\u00e9rodynamisme et le confort, tandis que la construction du col a \u00e9t\u00e9 revue pour un ajustement plus souple et plus doux.  <\/p>\n<p>Fabriqu\u00e9e enti\u00e8rement \u00e0 partir de mat\u00e9riaux de performance 100 % recycl\u00e9s, y compris la peau de chamois et les griffes en silicone, la combinaison offre une compression, une respirabilit\u00e9 et un s\u00e9chage rapide \u00e0 parts \u00e9gales. Le rembourrage Tri-Lite offre un confort cibl\u00e9, tandis que la pr\u00e9cision des coutures garantit une exp\u00e9rience sans irritation dans toutes les disciplines. <\/p>\n","protected":false},"featured_media":63859,"template":"","meta":[],"product_brand":[],"product_cat":[1703],"product_tag":[],"class_list":{"0":"post-63829","1":"product","2":"type-product","3":"status-publish","4":"has-post-thumbnail","6":"product_cat-gear-fr","7":"pa_brand-zone3","8":"pa_size-s-fr","9":"pa_size-m-fr","10":"pa_size-l-fr","12":"first","13":"instock","14":"sale","15":"shipping-taxable","16":"purchasable","17":"product-type-variable"},"_links":{"self":[{"href":"https:\/\/espacetriathlon.com\/fr\/wp-json\/wp\/v2\/product\/63829","targetHints":{"allow":["GET"]}}],"collection":[{"href":"https:\/\/espacetriathlon.com\/fr\/wp-json\/wp\/v2\/product"}],"about":[{"href":"https:\/\/espacetriathlon.com\/fr\/wp-json\/wp\/v2\/types\/product"}],"version-history":[{"count":2,"href":"https:\/\/espacetriathlon.com\/fr\/wp-json\/wp\/v2\/product\/63829\/revisions"}],"predecessor-version":[{"id":63866,"href":"https:\/\/espacetriathlon.com\/fr\/wp-json\/wp\/v2\/product\/63829\/revisions\/63866"}],"wp:featuredmedia":[{"embeddable":true,"href":"https:\/\/espacetriathlon.com\/fr\/wp-json\/wp\/v2\/media\/63859"}],"wp:attachment":[{"href":"https:\/\/espacetriathlon.com\/fr\/wp-json\/wp\/v2\/media?parent=63829"}],"wp:term":[{"taxonomy":"product_brand","embeddable":true,"href":"https:\/\/espacetriathlon.com\/fr\/wp-json\/wp\/v2\/product_brand?post=63829"},{"taxonomy":"product_cat","embeddable":true,"href":"https:\/\/espacetriathlon.com\/fr\/wp-json\/wp\/v2\/product_cat?post=63829"},{"taxonomy":"product_tag","embeddable":true,"href":"https:\/\/espacetriathlon.com\/fr\/wp-json\/wp\/v2\/product_tag?post=63829"}],"curies":[{"name":"wp","href":"https:\/\/api.w.org\/{rel}","templated":true}]}}