{"id":63947,"date":"2026-03-30T10:19:53","date_gmt":"2026-03-30T10:19:53","guid":{"rendered":"https:\/\/espacetriathlon.com\/?post_type=product&#038;p=63947"},"modified":"2026-03-30T10:23:33","modified_gmt":"2026-03-30T10:23:33","slug":"women-streamline-sleeveless-swimskin","status":"publish","type":"product","link":"https:\/\/espacetriathlon.com\/fr\/product\/women-streamline-sleeveless-swimskin\/","title":{"rendered":"Women Streamline Sleeveless Swimskin"},"content":{"rendered":"<p>Con\u00e7u pour \u00eatre port\u00e9 par-dessus votre \u00e9quipement de course.<br \/>\nFabriqu\u00e9 \u00e0 partir de tissus italiens haut de gamme, y compris notre tissu Revo Energy \u00e9prouv\u00e9 sur le corps principal.<br \/>\nTissu hydrophobe pour une compression maximale et une absorption minimale de l&#8217;eau.<br \/>\nCoutures enti\u00e8rement coll\u00e9es et tissu nano d\u00e9perlant de haute technologie pour le confort et une tra\u00een\u00e9e minimale.<br \/>\nFermeture \u00e0 glissi\u00e8re arri\u00e8re.<br \/>\nR\u00e9sistant au chlore.<\/p>\n","protected":false},"excerpt":{"rendered":"<p>Fabriqu\u00e9e \u00e0 partir d&#8217;un tissu italien l\u00e9ger et compressif sur le corps principal, avec un panneau arri\u00e8re de couleur vive pour plus de visibilit\u00e9, cette combinaison r\u00e9duira consid\u00e9rablement la tra\u00een\u00e9e dans l&#8217;eau.<br \/>\nZone3<\/p>\n","protected":false},"featured_media":63969,"template":"","meta":[],"product_brand":[],"product_cat":[1703],"product_tag":[],"class_list":{"0":"post-63947","1":"product","2":"type-product","3":"status-publish","4":"has-post-thumbnail","6":"product_cat-gear-fr","7":"pa_brand-zone3","8":"pa_size-s-fr","9":"pa_size-m-fr","10":"pa_size-l-fr","12":"first","13":"instock","14":"shipping-taxable","15":"purchasable","16":"product-type-variable"},"_links":{"self":[{"href":"https:\/\/espacetriathlon.com\/fr\/wp-json\/wp\/v2\/product\/63947","targetHints":{"allow":["GET"]}}],"collection":[{"href":"https:\/\/espacetriathlon.com\/fr\/wp-json\/wp\/v2\/product"}],"about":[{"href":"https:\/\/espacetriathlon.com\/fr\/wp-json\/wp\/v2\/types\/product"}],"version-history":[{"count":2,"href":"https:\/\/espacetriathlon.com\/fr\/wp-json\/wp\/v2\/product\/63947\/revisions"}],"predecessor-version":[{"id":63976,"href":"https:\/\/espacetriathlon.com\/fr\/wp-json\/wp\/v2\/product\/63947\/revisions\/63976"}],"wp:featuredmedia":[{"embeddable":true,"href":"https:\/\/espacetriathlon.com\/fr\/wp-json\/wp\/v2\/media\/63969"}],"wp:attachment":[{"href":"https:\/\/espacetriathlon.com\/fr\/wp-json\/wp\/v2\/media?parent=63947"}],"wp:term":[{"taxonomy":"product_brand","embeddable":true,"href":"https:\/\/espacetriathlon.com\/fr\/wp-json\/wp\/v2\/product_brand?post=63947"},{"taxonomy":"product_cat","embeddable":true,"href":"https:\/\/espacetriathlon.com\/fr\/wp-json\/wp\/v2\/product_cat?post=63947"},{"taxonomy":"product_tag","embeddable":true,"href":"https:\/\/espacetriathlon.com\/fr\/wp-json\/wp\/v2\/product_tag?post=63947"}],"curies":[{"name":"wp","href":"https:\/\/api.w.org\/{rel}","templated":true}]}}