{"id":64087,"date":"2026-03-30T19:13:06","date_gmt":"2026-03-30T19:13:06","guid":{"rendered":"https:\/\/espacetriathlon.com\/?post_type=product&#038;p=64087"},"modified":"2026-03-30T19:16:25","modified_gmt":"2026-03-30T19:16:25","slug":"women-activate-short-sleeves-full-zip-trisuit","status":"publish","type":"product","link":"https:\/\/espacetriathlon.com\/fr\/product\/women-activate-short-sleeves-full-zip-trisuit\/","title":{"rendered":"Women Activate Short Sleeves Full Zip Trisuit"},"content":{"rendered":"<p>Tissu<\/p>\n<p>  Tissu Lycra Sport haute performance :Cette mati\u00e8re tr\u00e8s respirante contr\u00f4le la temp\u00e9rature et est utilis\u00e9e sur l&#8217;avant du haut du corps et sur les panneaux des jambes pour maintenir la modestie et la couverture.<br \/>\n  Panneau arri\u00e8re gaufr\u00e9 : Le panneau arri\u00e8re est fabriqu\u00e9 \u00e0 l&#8217;aide d&#8217;un tissu extr\u00eamement l\u00e9ger et tr\u00e8s extensible avec une structure gaufr\u00e9e pour offrir une respirabilit\u00e9 maximale et un ajustement confortable.  <\/p>\n<p>Performance  <\/p>\n<p>  Coussinet Tri-lite : Ce petit coussin bien positionn\u00e9 pr\u00e9sente diff\u00e9rents niveaux d&#8217;\u00e9paisseur et des coutures fines pour garantir le confort, r\u00e9duire les irritations et minimiser les douleurs de selle.<br \/>\n  Technologie \u00e9lastique : Permet un ajustement parfait sans aucune g\u00eane au niveau des bras et du cou.<br \/>\n  Fermeture \u00e9clair sur le devant : Pour une ventilation suppl\u00e9mentaire pendant le cycle ou la course.<br \/>\n  Poign\u00e9e de jambe UFO en silicone<\/p>\n","protected":false},"excerpt":{"rendered":"<p>Notre gamme Activate est devenue un incontournable dans le monde du triathlon, gagnant \u00e0 juste titre la r\u00e9putation d&#8217;\u00eatre un produit de tr\u00e8s haute qualit\u00e9, offrant un tr\u00e8s bon rapport qualit\u00e9-prix. La collection, qui comprend les combinaisons de triathlon, les hauts et les shorts, a \u00e9t\u00e9 lanc\u00e9e en 2014 et a depuis \u00e9t\u00e9 utilis\u00e9e par des milliers d&#8217;athl\u00e8tes dans le monde entier.   <\/p>\n<p>\u00c0 l&#8217;origine, nous avons con\u00e7u la gamme Activate pour les triathl\u00e8tes d\u00e9butants ou pour ceux qui recherchent une combinaison d&#8217;un bon rapport qualit\u00e9-prix pour s&#8217;entra\u00eener. Avec cette gamme, nous avons encourag\u00e9 la participation au multisport en offrant aux participants un produit de haute qualit\u00e9, haut de gamme, mais \u00e0 un prix plus abordable.   <\/p>\n","protected":false},"featured_media":64119,"template":"","meta":[],"product_brand":[],"product_cat":[1703],"product_tag":[],"class_list":{"0":"post-64087","1":"product","2":"type-product","3":"status-publish","4":"has-post-thumbnail","6":"product_cat-gear-fr","7":"pa_brand-zone3","8":"pa_size-xs-fr","9":"pa_size-s-fr","10":"pa_size-m-fr","11":"pa_size-l-fr","12":"pa_size-xl-fr","14":"first","15":"instock","16":"shipping-taxable","17":"purchasable","18":"product-type-variable"},"_links":{"self":[{"href":"https:\/\/espacetriathlon.com\/fr\/wp-json\/wp\/v2\/product\/64087","targetHints":{"allow":["GET"]}}],"collection":[{"href":"https:\/\/espacetriathlon.com\/fr\/wp-json\/wp\/v2\/product"}],"about":[{"href":"https:\/\/espacetriathlon.com\/fr\/wp-json\/wp\/v2\/types\/product"}],"version-history":[{"count":2,"href":"https:\/\/espacetriathlon.com\/fr\/wp-json\/wp\/v2\/product\/64087\/revisions"}],"predecessor-version":[{"id":64126,"href":"https:\/\/espacetriathlon.com\/fr\/wp-json\/wp\/v2\/product\/64087\/revisions\/64126"}],"wp:featuredmedia":[{"embeddable":true,"href":"https:\/\/espacetriathlon.com\/fr\/wp-json\/wp\/v2\/media\/64119"}],"wp:attachment":[{"href":"https:\/\/espacetriathlon.com\/fr\/wp-json\/wp\/v2\/media?parent=64087"}],"wp:term":[{"taxonomy":"product_brand","embeddable":true,"href":"https:\/\/espacetriathlon.com\/fr\/wp-json\/wp\/v2\/product_brand?post=64087"},{"taxonomy":"product_cat","embeddable":true,"href":"https:\/\/espacetriathlon.com\/fr\/wp-json\/wp\/v2\/product_cat?post=64087"},{"taxonomy":"product_tag","embeddable":true,"href":"https:\/\/espacetriathlon.com\/fr\/wp-json\/wp\/v2\/product_tag?post=64087"}],"curies":[{"name":"wp","href":"https:\/\/api.w.org\/{rel}","templated":true}]}}