{"id":64240,"date":"2026-03-30T19:47:07","date_gmt":"2026-03-30T19:47:07","guid":{"rendered":"https:\/\/espacetriathlon.com\/?post_type=product&#038;p=64240"},"modified":"2026-03-30T19:51:22","modified_gmt":"2026-03-30T19:51:22","slug":"combinaison-ascend-sans-manches-pour-femmes","status":"publish","type":"product","link":"https:\/\/espacetriathlon.com\/fr\/product\/combinaison-ascend-sans-manches-pour-femmes\/","title":{"rendered":"Combinaison Ascend sans manches pour femmes"},"content":{"rendered":"<p>Construction sans manches : Supprime les restrictions au niveau des \u00e9paules pour une course naturelle et sans restriction.<br \/>\nFlottabilit\u00e9 \u00e9quilibr\u00e9e : Le n\u00e9opr\u00e8ne de 2 mm et 3 mm soutient l&#8217;alignement et la stabilit\u00e9 sur tout le corps.<br \/>\nSCS-Coated Panels : R\u00e9duit la tra\u00een\u00e9e \u00e0 la surface de l&#8217;eau pour un mouvement vers l&#8217;avant plus fluide et plus r\u00e9gulier.<br \/>\nSpeedflo Technology : Les zones \u00e0 faible tra\u00een\u00e9e permettent une glisse efficace et un \u00e9lan contr\u00f4l\u00e9.<br \/>\nMat\u00e9riaux durables pour le bas du corps : La peau lisse et le n\u00e9opr\u00e8ne doubl\u00e9 de nylon augmentent la r\u00e9silience dans les zones d&#8217;usure.<br \/>\nJoint de cou r\u00e9glable : La fermeture velcro en zigzag offre un ajustement s\u00fbr et confortable avec une irritation r\u00e9duite.<br \/>\nConstruction Flatlock : Offre un confort flexible et une int\u00e9grit\u00e9 durable des coutures.<br \/>\nAccents r\u00e9fl\u00e9chissants : Les d\u00e9tails argent\u00e9s 877c am\u00e9liorent la visibilit\u00e9 dans des conditions de faible luminosit\u00e9.<\/p>\n","protected":false},"excerpt":{"rendered":"<p>La combinaison Ascend sans manches est con\u00e7ue pour donner aux nageurs une sensation de clart\u00e9 et de confiance lors des entra\u00eenements de natation en eau libre et de triathlon. Sa construction sans manche \u00e9limine la r\u00e9sistance au niveau des \u00e9paules, ce qui favorise une trajectoire naturelle de la nage et une rotation plus douce. La combinaison de n\u00e9opr\u00e8ne SCS de 2 mm et 3 mm offre une flottabilit\u00e9 et une stabilit\u00e9 fiables, aidant \u00e0 maintenir l&#8217;alignement et l&#8217;efficacit\u00e9 sur toute une gamme de distances.<br \/>\nZone3  <\/p>\n","protected":false},"featured_media":64275,"template":"","meta":[],"product_brand":[],"product_cat":[306],"product_tag":[],"class_list":{"0":"post-64240","1":"product","2":"type-product","3":"status-publish","4":"has-post-thumbnail","6":"product_cat-wetsuit-neopren-fr","7":"pa_brand-zone3","9":"first","10":"instock","11":"shipping-taxable","12":"purchasable","13":"product-type-variable"},"_links":{"self":[{"href":"https:\/\/espacetriathlon.com\/fr\/wp-json\/wp\/v2\/product\/64240","targetHints":{"allow":["GET"]}}],"collection":[{"href":"https:\/\/espacetriathlon.com\/fr\/wp-json\/wp\/v2\/product"}],"about":[{"href":"https:\/\/espacetriathlon.com\/fr\/wp-json\/wp\/v2\/types\/product"}],"version-history":[{"count":2,"href":"https:\/\/espacetriathlon.com\/fr\/wp-json\/wp\/v2\/product\/64240\/revisions"}],"predecessor-version":[{"id":64282,"href":"https:\/\/espacetriathlon.com\/fr\/wp-json\/wp\/v2\/product\/64240\/revisions\/64282"}],"wp:featuredmedia":[{"embeddable":true,"href":"https:\/\/espacetriathlon.com\/fr\/wp-json\/wp\/v2\/media\/64275"}],"wp:attachment":[{"href":"https:\/\/espacetriathlon.com\/fr\/wp-json\/wp\/v2\/media?parent=64240"}],"wp:term":[{"taxonomy":"product_brand","embeddable":true,"href":"https:\/\/espacetriathlon.com\/fr\/wp-json\/wp\/v2\/product_brand?post=64240"},{"taxonomy":"product_cat","embeddable":true,"href":"https:\/\/espacetriathlon.com\/fr\/wp-json\/wp\/v2\/product_cat?post=64240"},{"taxonomy":"product_tag","embeddable":true,"href":"https:\/\/espacetriathlon.com\/fr\/wp-json\/wp\/v2\/product_tag?post=64240"}],"curies":[{"name":"wp","href":"https:\/\/api.w.org\/{rel}","templated":true}]}}