{"id":64477,"date":"2026-04-02T20:01:37","date_gmt":"2026-04-02T20:01:37","guid":{"rendered":"https:\/\/espacetriathlon.com\/product\/yulex-kneeskin-hommes\/"},"modified":"2026-04-02T20:01:37","modified_gmt":"2026-04-02T20:01:37","slug":"yulex-kneeskin-hommes","status":"publish","type":"product","link":"https:\/\/espacetriathlon.com\/fr\/product\/yulex-kneeskin-hommes\/","title":{"rendered":"Yulex Kneeskin Hommes"},"content":{"rendered":"<p>Caoutchouc naturel Yulex\u00ae de 1,5 mm : fournit une chaleur et une protection l\u00e9g\u00e8res.<br \/>\nCombinaison souple et peu couvrante : Con\u00e7ue pour la natation, les sports de glisse et de pagaie.<br \/>\nDoublures extensibles recycl\u00e9es : Am\u00e9liore le confort et la libert\u00e9 de mouvement.<br \/>\nCoutures Flatlock \u00e0 profil bas : se place confortablement contre la peau pour r\u00e9duire les irritations.<br \/>\nOuvertures pour les bras et le cou en peau lisse : Cr\u00e9e un joint confortable et s\u00fbr.<br \/>\nSans manches, longueur au genou : Permet de bouger les bras sans restriction tout en couvrant le bas du corps.<br \/>\nFermeture \u00e0 glissi\u00e8re dans le dos avec un long cordon de serrage : Facilite l&#8217;entr\u00e9e et la sortie.  <\/p>\n","protected":false},"excerpt":{"rendered":"<p>Con\u00e7ue comme une combinaison de plong\u00e9e discr\u00e8te, la Men&#8217;s Yulex\u00ae Kneeskin utilise du caoutchouc naturel Yulex\u00ae de 1,5 mm pour offrir une isolation l\u00e9g\u00e8re sans encombrement. La construction assure protection et chaleur tout en restant suffisamment souple pour nager, pagayer et se d\u00e9placer sur une planche.   <\/p>\n<p>Les doublures extensibles recycl\u00e9es am\u00e9liorent le confort et permettent \u00e0 la combinaison de bouger naturellement avec le corps. Les coutures plates \u00e0 profil bas s&#8217;appuient doucement sur la peau pour r\u00e9duire les irritations pendant les sessions prolong\u00e9es. Les finitions en peau lisse aux ouvertures des bras et du cou cr\u00e9ent un joint confortable et s\u00fbr tout en gardant la coupe g\u00e9n\u00e9rale a\u00e9rodynamique.    <\/p>\n<p>Une fermeture \u00e0 glissi\u00e8re au centre du dos avec un long cordon de serrage permet d&#8217;entrer et de sortir facilement avant et apr\u00e8s l&#8217;utilisation. La longueur au genou et la coupe sans manche \u00e9quilibrent la couverture et la libert\u00e9 de mouvement du haut du corps, ce qui permet \u00e0 la combinaison de convenir \u00e0 diverses conditions et activit\u00e9s aquatiques.   <\/p>\n","protected":false},"featured_media":64473,"template":"","meta":[],"product_brand":[],"product_cat":[270],"product_tag":[],"class_list":{"0":"post-64477","1":"product","2":"type-product","3":"status-publish","4":"has-post-thumbnail","6":"product_cat-openwater-fr","7":"pa_brand-zone3","8":"pa_size-s-fr","9":"pa_size-m-fr","10":"pa_size-l-fr","11":"pa_size-xl-fr","13":"first","14":"instock","15":"sale","16":"shipping-taxable","17":"purchasable","18":"product-type-variable"},"_links":{"self":[{"href":"https:\/\/espacetriathlon.com\/fr\/wp-json\/wp\/v2\/product\/64477","targetHints":{"allow":["GET"]}}],"collection":[{"href":"https:\/\/espacetriathlon.com\/fr\/wp-json\/wp\/v2\/product"}],"about":[{"href":"https:\/\/espacetriathlon.com\/fr\/wp-json\/wp\/v2\/types\/product"}],"version-history":[{"count":0,"href":"https:\/\/espacetriathlon.com\/fr\/wp-json\/wp\/v2\/product\/64477\/revisions"}],"wp:featuredmedia":[{"embeddable":true,"href":"https:\/\/espacetriathlon.com\/fr\/wp-json\/wp\/v2\/media\/64473"}],"wp:attachment":[{"href":"https:\/\/espacetriathlon.com\/fr\/wp-json\/wp\/v2\/media?parent=64477"}],"wp:term":[{"taxonomy":"product_brand","embeddable":true,"href":"https:\/\/espacetriathlon.com\/fr\/wp-json\/wp\/v2\/product_brand?post=64477"},{"taxonomy":"product_cat","embeddable":true,"href":"https:\/\/espacetriathlon.com\/fr\/wp-json\/wp\/v2\/product_cat?post=64477"},{"taxonomy":"product_tag","embeddable":true,"href":"https:\/\/espacetriathlon.com\/fr\/wp-json\/wp\/v2\/product_tag?post=64477"}],"curies":[{"name":"wp","href":"https:\/\/api.w.org\/{rel}","templated":true}]}}